{"id":203,"date":"2024-05-19T19:38:54","date_gmt":"2024-05-19T17:38:54","guid":{"rendered":"https:\/\/royalpack.com.pl\/?page_id=203"},"modified":"2024-05-19T19:41:22","modified_gmt":"2024-05-19T17:41:22","slug":"rd","status":"publish","type":"page","link":"https:\/\/royalpack.com.pl\/de\/rd\/","title":{"rendered":"R&#038;D"},"content":{"rendered":"<div class=\"wpb-content-wrapper\"><p>[vc_row row_height_percent=&#8220;0&#8243; overlay_alpha=&#8220;50&#8243; gutter_size=&#8220;3&#8243; column_width_percent=&#8220;100&#8243; shift_y=&#8220;0&#8243; z_index=&#8220;0&#8243; mobile_visibility=&#8220;yes&#8220; uncode_shortcode_id=&#8220;157403&#8243;][vc_column width=&#8220;1\/1&#8243;][\/vc_column][\/vc_row][vc_row row_height_percent=&#8220;0&#8243; override_padding=&#8220;yes&#8220; h_padding=&#8220;2&#8243; top_padding=&#8220;3&#8243; bottom_padding=&#8220;2&#8243; overlay_alpha=&#8220;50&#8243; equal_height=&#8220;yes&#8220; gutter_size=&#8220;3&#8243; column_width_percent=&#8220;100&#8243; shift_y=&#8220;0&#8243; z_index=&#8220;0&#8243; uncode_shortcode_id=&#8220;165593&#8243;][vc_column column_width_percent=&#8220;100&#8243; position_horizontal=&#8220;left&#8220; gutter_size=&#8220;3&#8243; overlay_alpha=&#8220;50&#8243; shift_x=&#8220;0&#8243; shift_y=&#8220;0&#8243; shift_y_down=&#8220;0&#8243; z_index=&#8220;0&#8243; medium_width=&#8220;0&#8243; mobile_width=&#8220;0&#8243; css_animation=&#8220;bottom-t-top&#8220; animation_delay=&#8220;400&#8243; width=&#8220;1\/1&#8243; uncode_shortcode_id=&#8220;963079&#8243;][vc_row_inner row_inner_height_percent=&#8220;0&#8243; overlay_alpha=&#8220;50&#8243; gutter_size=&#8220;3&#8243; shift_y=&#8220;0&#8243; z_index=&#8220;0&#8243; mobile_visibility=&#8220;yes&#8220; uncode_shortcode_id=&#8220;131413&#8243;][vc_column_inner width=&#8220;1\/4&#8243;][vc_custom_heading text_color=&#8220;color-jevc&#8220; text_size=&#8220;fontsize-478728&#8243; text_weight=&#8220;700&#8243; uncode_shortcode_id=&#8220;105113&#8243; text_color_type=&#8220;uncode-palette&#8220;]R&amp;D[\/vc_custom_heading][\/vc_column_inner][vc_column_inner width=&#8220;1\/2&#8243;][vc_custom_heading text_size=&#8220;h3&#8243; text_weight=&#8220;400&#8243; uncode_shortcode_id=&#8220;137570&#8243;]Wir sind stolz darauf, sagen zu k\u00f6nnen, dass Innovation und die Einf\u00fchrung neuer L\u00f6sungen auf dem Verpackungsmarkt zu unserer Leidenschaft geworden sind. Unser Unternehmen arbeitet intensiv an der Entwicklung von Verpackungen, die den h\u00f6chsten Anspr\u00fcchen an Qualit\u00e4t, Wirtschaftlichkeit, Funktionalit\u00e4t und \u00c4sthetik gerecht werden.[\/vc_custom_heading][vc_custom_heading text_size=&#8220;h3&#8243; text_weight=&#8220;400&#8243; uncode_shortcode_id=&#8220;201855&#8243;]Nachfolgend finden Sie die neuesten L\u00f6sungen, die das Ergebnis der kontinuierlichen Arbeit an der Verbesserung unserer Produkte sind.[\/vc_custom_heading][\/vc_column_inner][vc_column_inner column_width_percent=&#8220;100&#8243; align_horizontal=&#8220;align_right&#8220; gutter_size=&#8220;3&#8243; overlay_alpha=&#8220;50&#8243; shift_x=&#8220;0&#8243; shift_y=&#8220;0&#8243; shift_y_down=&#8220;0&#8243; z_index=&#8220;0&#8243; medium_width=&#8220;0&#8243; mobile_width=&#8220;0&#8243; width=&#8220;1\/4&#8243; uncode_shortcode_id=&#8220;540957&#8243;][vc_custom_heading text_color=&#8220;color-210407&#8243; text_size=&#8220;h5&#8243; text_weight=&#8220;700&#8243; uncode_shortcode_id=&#8220;568220&#8243; text_color_type=&#8220;uncode-palette&#8220;]Making<br \/>\nit innovative[\/vc_custom_heading][\/vc_column_inner][\/vc_row_inner][vc_row_inner row_inner_height_percent=&#8220;0&#8243; overlay_alpha=&#8220;50&#8243; gutter_size=&#8220;3&#8243; shift_y=&#8220;0&#8243; z_index=&#8220;0&#8243; desktop_visibility=&#8220;yes&#8220; medium_visibility=&#8220;yes&#8220; uncode_shortcode_id=&#8220;317517&#8243;][vc_column_inner column_width_percent=&#8220;100&#8243; gutter_size=&#8220;3&#8243; overlay_alpha=&#8220;50&#8243; shift_x=&#8220;0&#8243; shift_y=&#8220;0&#8243; shift_y_down=&#8220;0&#8243; z_index=&#8220;0&#8243; medium_width=&#8220;0&#8243; mobile_width=&#8220;4&#8243; width=&#8220;1\/4&#8243; uncode_shortcode_id=&#8220;190810&#8243;][vc_custom_heading text_color=&#8220;color-jevc&#8220; text_size=&#8220;fontsize-478728&#8243; text_weight=&#8220;700&#8243; uncode_shortcode_id=&#8220;105113&#8243; text_color_type=&#8220;uncode-palette&#8220;]R&amp;D[\/vc_custom_heading][\/vc_column_inner][vc_column_inner column_width_percent=&#8220;100&#8243; align_horizontal=&#8220;align_right&#8220; gutter_size=&#8220;3&#8243; overlay_alpha=&#8220;50&#8243; shift_x=&#8220;0&#8243; shift_y=&#8220;0&#8243; shift_y_down=&#8220;0&#8243; z_index=&#8220;0&#8243; medium_width=&#8220;0&#8243; mobile_width=&#8220;4&#8243; width=&#8220;1\/4&#8243; uncode_shortcode_id=&#8220;214184&#8243;][vc_custom_heading text_color=&#8220;color-210407&#8243; text_size=&#8220;h5&#8243; text_weight=&#8220;700&#8243; uncode_shortcode_id=&#8220;568220&#8243; text_color_type=&#8220;uncode-palette&#8220;]Making<br \/>\nit innovative[\/vc_custom_heading][\/vc_column_inner][vc_column_inner width=&#8220;1\/2&#8243;][vc_custom_heading text_size=&#8220;h3&#8243; text_weight=&#8220;400&#8243; uncode_shortcode_id=&#8220;142281&#8243;]Wir sind stolz darauf, sagen zu k\u00f6nnen, dass Innovation und die Einf\u00fchrung neuer L\u00f6sungen auf dem Verpackungsmarkt zu unserer Leidenschaft geworden sind. Unser Unternehmen arbeitet intensiv an der Entwicklung von Verpackungen, die den h\u00f6chsten Anspr\u00fcchen an Qualit\u00e4t, Wirtschaftlichkeit, Funktionalit\u00e4t und \u00c4sthetik gerecht werden.[\/vc_custom_heading][vc_custom_heading text_size=&#8220;h3&#8243; text_weight=&#8220;400&#8243; uncode_shortcode_id=&#8220;130683&#8243;]Nachfolgend finden Sie die neuesten L\u00f6sungen, die das Ergebnis der kontinuierlichen Arbeit an der Verbesserung unserer Produkte sind.[\/vc_custom_heading][\/vc_column_inner][\/vc_row_inner][\/vc_column][\/vc_row][vc_row row_height_percent=&#8220;0&#8243; overlay_alpha=&#8220;50&#8243; gutter_size=&#8220;3&#8243; column_width_percent=&#8220;100&#8243; shift_y=&#8220;0&#8243; z_index=&#8220;0&#8243; mobile_visibility=&#8220;yes&#8220; uncode_shortcode_id=&#8220;157403&#8243;][vc_column width=&#8220;1\/1&#8243;][\/vc_column][\/vc_row][vc_row row_height_percent=&#8220;0&#8243; override_padding=&#8220;yes&#8220; h_padding=&#8220;2&#8243; top_padding=&#8220;0&#8243; bottom_padding=&#8220;0&#8243; overlay_alpha=&#8220;50&#8243; gutter_size=&#8220;3&#8243; column_width_percent=&#8220;100&#8243; shift_y=&#8220;0&#8243; z_index=&#8220;0&#8243; uncode_shortcode_id=&#8220;258769&#8243;][vc_column width=&#8220;1\/1&#8243;][vc_separator sep_color=&#8220;color-210407&#8243; uncode_shortcode_id=&#8220;633974&#8243; sep_color_type=&#8220;uncode-palette&#8220;][\/vc_column][\/vc_row][vc_row row_height_percent=&#8220;0&#8243; overlay_alpha=&#8220;50&#8243; gutter_size=&#8220;3&#8243; column_width_percent=&#8220;100&#8243; shift_y=&#8220;0&#8243; z_index=&#8220;0&#8243; mobile_visibility=&#8220;yes&#8220; uncode_shortcode_id=&#8220;157403&#8243;][vc_column width=&#8220;1\/1&#8243;][\/vc_column][\/vc_row][vc_row row_height_percent=&#8220;0&#8243; override_padding=&#8220;yes&#8220; h_padding=&#8220;2&#8243; top_padding=&#8220;2&#8243; bottom_padding=&#8220;3&#8243; overlay_alpha=&#8220;50&#8243; equal_height=&#8220;yes&#8220; gutter_size=&#8220;3&#8243; column_width_percent=&#8220;100&#8243; shift_y=&#8220;0&#8243; z_index=&#8220;0&#8243; uncode_shortcode_id=&#8220;166678&#8243;][vc_column column_width_percent=&#8220;100&#8243; position_horizontal=&#8220;left&#8220; gutter_size=&#8220;3&#8243; overlay_alpha=&#8220;50&#8243; shift_x=&#8220;0&#8243; shift_y=&#8220;0&#8243; shift_y_down=&#8220;0&#8243; z_index=&#8220;0&#8243; medium_width=&#8220;0&#8243; mobile_width=&#8220;0&#8243; css_animation=&#8220;bottom-t-top&#8220; animation_delay=&#8220;400&#8243; width=&#8220;1\/1&#8243; uncode_shortcode_id=&#8220;963079&#8243;][vc_row_inner][vc_column_inner width=&#8220;1\/1&#8243;][vc_custom_heading text_color=&#8220;color-jevc&#8220; text_size=&#8220;fontsize-478728&#8243; text_weight=&#8220;700&#8243; uncode_shortcode_id=&#8220;331159&#8243; text_color_type=&#8220;uncode-palette&#8220;]Innovation in der Verpackungstechnik: Von Buchbinderkarton zu E-Welle[\/vc_custom_heading][\/vc_column_inner][\/vc_row_inner][vc_row_inner row_inner_height_percent=&#8220;0&#8243; overlay_alpha=&#8220;50&#8243; gutter_size=&#8220;4&#8243; shift_y=&#8220;0&#8243; z_index=&#8220;0&#8243; uncode_shortcode_id=&#8220;128944&#8243;][vc_column_inner column_width_percent=&#8220;100&#8243; gutter_size=&#8220;3&#8243; overlay_alpha=&#8220;50&#8243; shift_x=&#8220;0&#8243; shift_y=&#8220;0&#8243; shift_y_down=&#8220;0&#8243; z_index=&#8220;0&#8243; medium_width=&#8220;0&#8243; mobile_width=&#8220;0&#8243; width=&#8220;1\/2&#8243; uncode_shortcode_id=&#8220;293350&#8243;][vc_single_image media=&#8220;199&#8243; media_width_percent=&#8220;100&#8243; uncode_shortcode_id=&#8220;118128&#8243;][\/vc_column_inner][vc_column_inner column_width_percent=&#8220;100&#8243; position_vertical=&#8220;middle&#8220; gutter_size=&#8220;3&#8243; overlay_alpha=&#8220;50&#8243; shift_x=&#8220;0&#8243; shift_y=&#8220;0&#8243; shift_y_down=&#8220;0&#8243; z_index=&#8220;0&#8243; medium_width=&#8220;0&#8243; mobile_width=&#8220;0&#8243; width=&#8220;1\/2&#8243; uncode_shortcode_id=&#8220;576798&#8243;][vc_custom_heading text_size=&#8220;h3&#8243; text_weight=&#8220;400&#8243; uncode_shortcode_id=&#8220;133983&#8243;]Standardverpackungen aus Buchbinderkarton bestehen aus Schachteln, die mit verschiedenen Materialien \u00fcberzogen sind, oft mit Papier mit Offsetdruck, Siebdruck oder Digitaldruck. Die Veredelung mit gl\u00e4nzender Folie, Mattfolie, Soft-Touch oder UV-Lack verleiht ihnen ein elegantes Aussehen.[\/vc_custom_heading][vc_custom_heading text_size=&#8220;h3&#8243; text_weight=&#8220;400&#8243; uncode_shortcode_id=&#8220;330630&#8243;]In unserem Angebot finden Sie eine L\u00f6sung, die darin besteht, den traditionellen Buchbinderkarton durch dreischichtiges Material mit E-Welle zu ersetzen. Dieses innovative Konzept erm\u00f6glicht eine reibungslose Anpassung der Verpackung in Bezug auf Festigkeit und Wirtschaftlichkeit. Dank der dichten E-Welle und der vielf\u00e4ltigen Gestaltungsm\u00f6glichkeiten k\u00f6nnen wir erhebliche Kosteneinsparungen erzielen, ohne die hohe Qualit\u00e4t der Verpackung zu beeintr\u00e4chtigen.[\/vc_custom_heading][\/vc_column_inner][\/vc_row_inner][vc_row_inner row_inner_height_percent=&#8220;0&#8243; overlay_alpha=&#8220;50&#8243; equal_height=&#8220;yes&#8220; gutter_size=&#8220;0&#8243; shift_y=&#8220;0&#8243; z_index=&#8220;0&#8243; mobile_visibility=&#8220;yes&#8220; uncode_shortcode_id=&#8220;178622&#8243; limit_content=&#8220;&#8220;][vc_column_inner column_width_percent=&#8220;100&#8243; gutter_size=&#8220;3&#8243; override_padding=&#8220;yes&#8220; column_padding=&#8220;2&#8243; overlay_alpha=&#8220;50&#8243; border_color=&#8220;color-210407&#8243; border_style=&#8220;solid&#8220; shift_x=&#8220;0&#8243; shift_y=&#8220;0&#8243; shift_y_down=&#8220;0&#8243; z_index=&#8220;0&#8243; medium_width=&#8220;0&#8243; mobile_width=&#8220;0&#8243; width=&#8220;1\/3&#8243; uncode_shortcode_id=&#8220;268495&#8243; css=&#8220;.vc_custom_1708658187179{border-top-width: 1px !important;border-right-width: 1px !important;border-bottom-width: 1px !important;border-left-width: 1px !important;}&#8220; border_color_type=&#8220;uncode-palette&#8220;][vc_icon position=&#8220;left&#8220; icon=&#8220;fa fa-circle-check&#8220; icon_color=&#8220;color-210407&#8243; size=&#8220;fa-2x&#8220; heading_semantic=&#8220;h5&#8243; text_size=&#8220;h5&#8243; text_weight=&#8220;400&#8243; uncode_shortcode_id=&#8220;960639&#8243; icon_color_type=&#8220;uncode-palette&#8220; title=&#8220;Hervorragender Produktschutz im Inneren&#8220;][\/vc_icon][\/vc_column_inner][vc_column_inner column_width_percent=&#8220;100&#8243; gutter_size=&#8220;3&#8243; override_padding=&#8220;yes&#8220; column_padding=&#8220;2&#8243; overlay_alpha=&#8220;50&#8243; border_color=&#8220;color-210407&#8243; border_style=&#8220;solid&#8220; shift_x=&#8220;0&#8243; shift_y=&#8220;0&#8243; shift_y_down=&#8220;0&#8243; z_index=&#8220;0&#8243; medium_width=&#8220;0&#8243; mobile_width=&#8220;0&#8243; width=&#8220;1\/3&#8243; uncode_shortcode_id=&#8220;165455&#8243; css=&#8220;.vc_custom_1708658149905{border-top-width: 1px !important;border-bottom-width: 1px !important;}&#8220; border_color_type=&#8220;uncode-palette&#8220;][vc_icon position=&#8220;left&#8220; icon=&#8220;fa fa-circle-check&#8220; icon_color=&#8220;color-210407&#8243; size=&#8220;fa-2x&#8220; heading_semantic=&#8220;h5&#8243; text_size=&#8220;h5&#8243; text_weight=&#8220;400&#8243; uncode_shortcode_id=&#8220;150835&#8243; icon_color_type=&#8220;uncode-palette&#8220; title=&#8220;Leichte Verpackung&#8220;][\/vc_icon][\/vc_column_inner][vc_column_inner column_width_percent=&#8220;100&#8243; gutter_size=&#8220;3&#8243; override_padding=&#8220;yes&#8220; column_padding=&#8220;2&#8243; overlay_alpha=&#8220;50&#8243; border_color=&#8220;color-210407&#8243; border_style=&#8220;solid&#8220; shift_x=&#8220;0&#8243; shift_y=&#8220;0&#8243; shift_y_down=&#8220;0&#8243; z_index=&#8220;0&#8243; medium_width=&#8220;0&#8243; mobile_width=&#8220;0&#8243; width=&#8220;1\/3&#8243; uncode_shortcode_id=&#8220;596332&#8243; css=&#8220;.vc_custom_1708658215265{border-top-width: 1px !important;border-right-width: 1px !important;border-bottom-width: 1px !important;border-left-width: 1px !important;}&#8220; border_color_type=&#8220;uncode-palette&#8220;][vc_icon position=&#8220;left&#8220; icon=&#8220;fa fa-circle-check&#8220; icon_color=&#8220;color-210407&#8243; size=&#8220;fa-2x&#8220; heading_semantic=&#8220;h5&#8243; text_size=&#8220;h5&#8243; text_weight=&#8220;400&#8243; uncode_shortcode_id=&#8220;127567&#8243; icon_color_type=&#8220;uncode-palette&#8220; title=&#8220;Erschwinglicher Preis&#8220;][\/vc_icon][\/vc_column_inner][\/vc_row_inner][vc_row_inner row_inner_height_percent=&#8220;0&#8243; overlay_alpha=&#8220;50&#8243; equal_height=&#8220;yes&#8220; gutter_size=&#8220;0&#8243; shift_y=&#8220;0&#8243; z_index=&#8220;0&#8243; desktop_visibility=&#8220;yes&#8220; medium_visibility=&#8220;yes&#8220; uncode_shortcode_id=&#8220;749319&#8243; limit_content=&#8220;&#8220;][vc_column_inner column_width_percent=&#8220;100&#8243; gutter_size=&#8220;2&#8243; overlay_alpha=&#8220;50&#8243; border_style=&#8220;solid&#8220; shift_x=&#8220;0&#8243; shift_y=&#8220;0&#8243; shift_y_down=&#8220;0&#8243; z_index=&#8220;0&#8243; medium_width=&#8220;0&#8243; mobile_width=&#8220;0&#8243; width=&#8220;1\/1&#8243; uncode_shortcode_id=&#8220;380445&#8243;][vc_icon position=&#8220;left&#8220; icon=&#8220;fa fa-circle-check&#8220; icon_color=&#8220;color-210407&#8243; size=&#8220;fa-2x&#8220; heading_semantic=&#8220;h5&#8243; text_size=&#8220;h5&#8243; text_weight=&#8220;400&#8243; uncode_shortcode_id=&#8220;329982&#8243; icon_color_type=&#8220;uncode-palette&#8220; title=&#8220;Hervorragender Produktschutz im Inneren&#8220;][\/vc_icon][vc_icon position=&#8220;left&#8220; icon=&#8220;fa fa-circle-check&#8220; icon_color=&#8220;color-210407&#8243; size=&#8220;fa-2x&#8220; heading_semantic=&#8220;h5&#8243; text_size=&#8220;h5&#8243; text_weight=&#8220;400&#8243; uncode_shortcode_id=&#8220;115001&#8243; icon_color_type=&#8220;uncode-palette&#8220; title=&#8220;Leichte Verpackung&#8220;][\/vc_icon][vc_icon position=&#8220;left&#8220; icon=&#8220;fa fa-circle-check&#8220; icon_color=&#8220;color-210407&#8243; size=&#8220;fa-2x&#8220; heading_semantic=&#8220;h5&#8243; text_size=&#8220;h5&#8243; text_weight=&#8220;400&#8243; uncode_shortcode_id=&#8220;599229&#8243; icon_color_type=&#8220;uncode-palette&#8220; title=&#8220;Erschwinglicher Preis&#8220;][\/vc_icon][\/vc_column_inner][\/vc_row_inner][vc_gallery el_id=&#8220;gallery-983025&#8243; medias=&#8220;196,193,190,187&#8243; gutter_size=&#8220;3&#8243; screen_lg=&#8220;1000&#8243; screen_md=&#8220;600&#8243; screen_sm=&#8220;480&#8243; single_width=&#8220;3&#8243; images_size=&#8220;one-one&#8220; single_overlay_opacity=&#8220;50&#8243; single_padding=&#8220;2&#8243; uncode_shortcode_id=&#8220;204763&#8243;][vc_empty_space empty_h=&#8220;2&#8243;][vc_row_inner][vc_column_inner width=&#8220;1\/3&#8243;][vc_custom_heading text_color=&#8220;color-jevc&#8220; text_size=&#8220;fontsize-478728&#8243; text_weight=&#8220;700&#8243; uncode_shortcode_id=&#8220;776859&#8243; text_color_type=&#8220;uncode-palette&#8220;]Anwendungen:[\/vc_custom_heading][\/vc_column_inner][vc_column_inner width=&#8220;2\/3&#8243;][vc_custom_heading text_size=&#8220;h3&#8243; text_weight=&#8220;400&#8243; uncode_shortcode_id=&#8220;151991&#8243;]Verpackungen mit E-Welle eignen sich ideal f\u00fcr Luxusprodukte wie Schmuck, Uhren, exklusive. Spirituosen und zunehmend f\u00fcr Weine, Schokoladen, Stifte, Parf\u00fcms oder Werbekartons.[\/vc_custom_heading][\/vc_column_inner][\/vc_row_inner][\/vc_column][\/vc_row]<\/p>\n<\/div>","protected":false},"excerpt":{"rendered":"<p>[vc_row row_height_percent=&#8220;0&#8243; overlay_alpha=&#8220;50&#8243; gutter_size=&#8220;3&#8243; column_width_percent=&#8220;100&#8243; shift_y=&#8220;0&#8243; z_index=&#8220;0&#8243; mobile_visibility=&#8220;yes&#8220; uncode_shortcode_id=&#8220;157403&#8243;][vc_column width=&#8220;1\/1&#8243;][\/vc_column][\/vc_row][vc_row row_height_percent=&#8220;0&#8243; override_padding=&#8220;yes&#8220; h_padding=&#8220;2&#8243; top_padding=&#8220;3&#8243; bottom_padding=&#8220;2&#8243; overlay_alpha=&#8220;50&#8243; equal_height=&#8220;yes&#8220; gutter_size=&#8220;3&#8243; column_width_percent=&#8220;100&#8243; shift_y=&#8220;0&#8243; [&hellip;]<\/p>\n","protected":false},"author":1,"featured_media":0,"parent":0,"menu_order":0,"comment_status":"closed","ping_status":"closed","template":"","meta":{"_monsterinsights_skip_tracking":false,"_monsterinsights_sitenote_active":false,"_monsterinsights_sitenote_note":"","_monsterinsights_sitenote_category":0,"footnotes":""},"class_list":["post-203","page","type-page","status-publish","hentry"],"yoast_head":"<!-- This site is optimized with the Yoast SEO plugin v25.1 - https:\/\/yoast.com\/wordpress\/plugins\/seo\/ -->\n<title>R&amp;D - Royalpack<\/title>\n<meta name=\"robots\" content=\"index, follow, max-snippet:-1, max-image-preview:large, max-video-preview:-1\" \/>\n<link rel=\"canonical\" href=\"https:\/\/royalpack.com.pl\/rd\/\" \/>\n<meta property=\"og:locale\" content=\"de_DE\" \/>\n<meta property=\"og:type\" content=\"article\" \/>\n<meta property=\"og:title\" content=\"R&amp;D - Royalpack\" \/>\n<meta property=\"og:description\" content=\"[vc_row row_height_percent=&#8220;0&#8243; overlay_alpha=&#8220;50&#8243; gutter_size=&#8220;3&#8243; column_width_percent=&#8220;100&#8243; shift_y=&#8220;0&#8243; z_index=&#8220;0&#8243; mobile_visibility=&#8220;yes&#8220; uncode_shortcode_id=&#8220;157403&#8243;][vc_column width=&#8220;1\/1&#8243;][\/vc_column][\/vc_row][vc_row row_height_percent=&#8220;0&#8243; override_padding=&#8220;yes&#8220; h_padding=&#8220;2&#8243; top_padding=&#8220;3&#8243; bottom_padding=&#8220;2&#8243; overlay_alpha=&#8220;50&#8243; equal_height=&#8220;yes&#8220; gutter_size=&#8220;3&#8243; column_width_percent=&#8220;100&#8243; shift_y=&#8220;0&#8243; [&hellip;]\" \/>\n<meta property=\"og:url\" content=\"https:\/\/royalpack.com.pl\/rd\/\" \/>\n<meta property=\"og:site_name\" content=\"Royalpack\" \/>\n<meta property=\"article:modified_time\" content=\"2024-05-19T17:41:22+00:00\" \/>\n<meta name=\"twitter:card\" content=\"summary_large_image\" \/>\n<meta name=\"twitter:label1\" content=\"Gesch\u00e4tzte Lesezeit\" \/>\n\t<meta name=\"twitter:data1\" content=\"8\u00a0Minuten\" \/>\n<script type=\"application\/ld+json\" class=\"yoast-schema-graph\">{\"@context\":\"https:\/\/schema.org\",\"@graph\":[{\"@type\":\"WebPage\",\"@id\":\"https:\/\/royalpack.com.pl\/rd\/\",\"url\":\"https:\/\/royalpack.com.pl\/rd\/\",\"name\":\"R&D - Royalpack\",\"isPartOf\":{\"@id\":\"https:\/\/royalpack.com.pl\/#website\"},\"datePublished\":\"2024-05-19T17:38:54+00:00\",\"dateModified\":\"2024-05-19T17:41:22+00:00\",\"breadcrumb\":{\"@id\":\"https:\/\/royalpack.com.pl\/rd\/#breadcrumb\"},\"inLanguage\":\"de\",\"potentialAction\":[{\"@type\":\"ReadAction\",\"target\":[\"https:\/\/royalpack.com.pl\/rd\/\"]}]},{\"@type\":\"BreadcrumbList\",\"@id\":\"https:\/\/royalpack.com.pl\/rd\/#breadcrumb\",\"itemListElement\":[{\"@type\":\"ListItem\",\"position\":1,\"name\":\"Strona g\u0142\u00f3wna\",\"item\":\"https:\/\/royalpack.com.pl\/de\/\"},{\"@type\":\"ListItem\",\"position\":2,\"name\":\"R&#038;D\"}]},{\"@type\":\"WebSite\",\"@id\":\"https:\/\/royalpack.com.pl\/#website\",\"url\":\"https:\/\/royalpack.com.pl\/\",\"name\":\"Royalpack\",\"description\":\"\",\"potentialAction\":[{\"@type\":\"SearchAction\",\"target\":{\"@type\":\"EntryPoint\",\"urlTemplate\":\"https:\/\/royalpack.com.pl\/?s={search_term_string}\"},\"query-input\":{\"@type\":\"PropertyValueSpecification\",\"valueRequired\":true,\"valueName\":\"search_term_string\"}}],\"inLanguage\":\"de\"}]}<\/script>\n<!-- \/ Yoast SEO plugin. -->","yoast_head_json":{"title":"R&D - Royalpack","robots":{"index":"index","follow":"follow","max-snippet":"max-snippet:-1","max-image-preview":"max-image-preview:large","max-video-preview":"max-video-preview:-1"},"canonical":"https:\/\/royalpack.com.pl\/rd\/","og_locale":"de_DE","og_type":"article","og_title":"R&D - Royalpack","og_description":"[vc_row row_height_percent=&#8220;0&#8243; overlay_alpha=&#8220;50&#8243; gutter_size=&#8220;3&#8243; column_width_percent=&#8220;100&#8243; shift_y=&#8220;0&#8243; z_index=&#8220;0&#8243; mobile_visibility=&#8220;yes&#8220; uncode_shortcode_id=&#8220;157403&#8243;][vc_column width=&#8220;1\/1&#8243;][\/vc_column][\/vc_row][vc_row row_height_percent=&#8220;0&#8243; override_padding=&#8220;yes&#8220; h_padding=&#8220;2&#8243; top_padding=&#8220;3&#8243; bottom_padding=&#8220;2&#8243; overlay_alpha=&#8220;50&#8243; equal_height=&#8220;yes&#8220; gutter_size=&#8220;3&#8243; column_width_percent=&#8220;100&#8243; shift_y=&#8220;0&#8243; [&hellip;]","og_url":"https:\/\/royalpack.com.pl\/rd\/","og_site_name":"Royalpack","article_modified_time":"2024-05-19T17:41:22+00:00","twitter_card":"summary_large_image","twitter_misc":{"Gesch\u00e4tzte Lesezeit":"8\u00a0Minuten"},"schema":{"@context":"https:\/\/schema.org","@graph":[{"@type":"WebPage","@id":"https:\/\/royalpack.com.pl\/rd\/","url":"https:\/\/royalpack.com.pl\/rd\/","name":"R&D - Royalpack","isPartOf":{"@id":"https:\/\/royalpack.com.pl\/#website"},"datePublished":"2024-05-19T17:38:54+00:00","dateModified":"2024-05-19T17:41:22+00:00","breadcrumb":{"@id":"https:\/\/royalpack.com.pl\/rd\/#breadcrumb"},"inLanguage":"de","potentialAction":[{"@type":"ReadAction","target":["https:\/\/royalpack.com.pl\/rd\/"]}]},{"@type":"BreadcrumbList","@id":"https:\/\/royalpack.com.pl\/rd\/#breadcrumb","itemListElement":[{"@type":"ListItem","position":1,"name":"Strona g\u0142\u00f3wna","item":"https:\/\/royalpack.com.pl\/de\/"},{"@type":"ListItem","position":2,"name":"R&#038;D"}]},{"@type":"WebSite","@id":"https:\/\/royalpack.com.pl\/#website","url":"https:\/\/royalpack.com.pl\/","name":"Royalpack","description":"","potentialAction":[{"@type":"SearchAction","target":{"@type":"EntryPoint","urlTemplate":"https:\/\/royalpack.com.pl\/?s={search_term_string}"},"query-input":{"@type":"PropertyValueSpecification","valueRequired":true,"valueName":"search_term_string"}}],"inLanguage":"de"}]}},"_links":{"self":[{"href":"https:\/\/royalpack.com.pl\/de\/wp-json\/wp\/v2\/pages\/203","targetHints":{"allow":["GET"]}}],"collection":[{"href":"https:\/\/royalpack.com.pl\/de\/wp-json\/wp\/v2\/pages"}],"about":[{"href":"https:\/\/royalpack.com.pl\/de\/wp-json\/wp\/v2\/types\/page"}],"author":[{"embeddable":true,"href":"https:\/\/royalpack.com.pl\/de\/wp-json\/wp\/v2\/users\/1"}],"replies":[{"embeddable":true,"href":"https:\/\/royalpack.com.pl\/de\/wp-json\/wp\/v2\/comments?post=203"}],"version-history":[{"count":1,"href":"https:\/\/royalpack.com.pl\/de\/wp-json\/wp\/v2\/pages\/203\/revisions"}],"predecessor-version":[{"id":204,"href":"https:\/\/royalpack.com.pl\/de\/wp-json\/wp\/v2\/pages\/203\/revisions\/204"}],"wp:attachment":[{"href":"https:\/\/royalpack.com.pl\/de\/wp-json\/wp\/v2\/media?parent=203"}],"curies":[{"name":"wp","href":"https:\/\/api.w.org\/{rel}","templated":true}]}}