{"id":466,"date":"2024-05-19T22:44:59","date_gmt":"2024-05-19T20:44:59","guid":{"rendered":"https:\/\/royalpack.com.pl\/?page_id=466"},"modified":"2024-05-20T06:32:22","modified_gmt":"2024-05-20T04:32:22","slug":"thekenaufsteller","status":"publish","type":"page","link":"https:\/\/royalpack.com.pl\/de\/thekenaufsteller\/","title":{"rendered":"THEKENAUFSTELLER"},"content":{"rendered":"<div class=\"wpb-content-wrapper\"><p>[vc_row row_height_percent=&#8220;0&#8243; override_padding=&#8220;yes&#8220; h_padding=&#8220;2&#8243; top_padding=&#8220;3&#8243; bottom_padding=&#8220;3&#8243; overlay_alpha=&#8220;50&#8243; gutter_size=&#8220;3&#8243; column_width_percent=&#8220;100&#8243; shift_y=&#8220;0&#8243; z_index=&#8220;0&#8243; uncode_shortcode_id=&#8220;423066&#8243;][vc_column column_width_percent=&#8220;100&#8243; gutter_size=&#8220;3&#8243; overlay_alpha=&#8220;50&#8243; shift_x=&#8220;0&#8243; shift_y=&#8220;0&#8243; shift_y_down=&#8220;0&#8243; z_index=&#8220;0&#8243; medium_width=&#8220;0&#8243; mobile_width=&#8220;0&#8243; width=&#8220;1\/2&#8243; uncode_shortcode_id=&#8220;198565&#8243;][vc_gallery el_id=&#8220;gallery-188707&#8243; type=&#8220;carousel&#8220; medias=&#8220;459,462&#8243; carousel_lg=&#8220;1&#8243; carousel_md=&#8220;1&#8243; carousel_sm=&#8220;1&#8243; thumb_size=&#8220;one-one&#8220; gutter_size=&#8220;3&#8243; carousel_interval=&#8220;5000&#8243; carousel_navspeed=&#8220;400&#8243; carousel_nav=&#8220;yes&#8220; carousel_nav_mobile=&#8220;yes&#8220; stage_padding=&#8220;0&#8243; single_overlay_opacity=&#8220;50&#8243; single_overlay_anim=&#8220;no&#8220; single_padding=&#8220;2&#8243; single_border=&#8220;yes&#8220; no_double_tap=&#8220;yes&#8220; uncode_shortcode_id=&#8220;895123&#8243;][\/vc_column][vc_column column_width_percent=&#8220;85&#8243; position_horizontal=&#8220;right&#8220; position_vertical=&#8220;middle&#8220; gutter_size=&#8220;3&#8243; overlay_alpha=&#8220;50&#8243; shift_x=&#8220;0&#8243; shift_y=&#8220;0&#8243; shift_y_down=&#8220;0&#8243; z_index=&#8220;0&#8243; medium_width=&#8220;0&#8243; mobile_width=&#8220;0&#8243; width=&#8220;1\/2&#8243; uncode_shortcode_id=&#8220;123784&#8243;][vc_custom_heading text_size=&#8220;h1&#8243; text_weight=&#8220;400&#8243; uncode_shortcode_id=&#8220;131602&#8243;]<span lang=\"de-AT\">THEKENAUFSTELLER<\/span>[\/vc_custom_heading][vc_custom_heading text_size=&#8220;h6&#8243; text_weight=&#8220;400&#8243; uncode_shortcode_id=&#8220;102898&#8243;]<span lang=\"de-AT\">Pultdisplays werden, wie der Name schon sagt, auf der Ladentheke aufgestellt. Sie werden haupts\u00e4chlich zur Pr\u00e4sentation kleinerer Produkte verwendet, z. B. Lebensmittel, Kosmetikprodukte oder B\u00fcroartikel. Sie k\u00f6nnen Materialien oder Produkte zu Werbezwecken aufstellen. <\/span>[\/vc_custom_heading][vc_custom_heading text_size=&#8220;h6&#8243; text_weight=&#8220;400&#8243; uncode_shortcode_id=&#8220;178324&#8243;]<span lang=\"de-AT\">Thekendisplaysysteme sind leicht, \u00e4sthetisch und praktisch zugleich. Mit einem Thekendisplay k\u00f6nnen Sie die Produkte auf praktische Weise anordnen und sie hervorheben. Dank der Thekendisplays k\u00f6nnen Sie den Kassenbereich \u00fcbersichtlich gestalten, was den Verkauf der dort aufbewahrten Artikel steigern kann.<\/span>[\/vc_custom_heading][vc_custom_heading text_size=&#8220;h6&#8243; text_weight=&#8220;400&#8243; uncode_shortcode_id=&#8220;385493&#8243;]<span lang=\"de-AT\">Wenn Sie den Verkauf von Produkten steigern wollen, ist es empfehlenswert, die Thekenaufsteller direkt an der Kasse zu platzieren. Dadurch k\u00f6nnen Kunden die Produkte wahrzunehmen, w\u00e4hrend sie in der Warteschlange stehen, was zu einer Steigerung des Impulsverkaufs f\u00fchren kann.<\/span>[\/vc_custom_heading][\/vc_column][\/vc_row][vc_row row_height_percent=&#8220;0&#8243; overlay_alpha=&#8220;50&#8243; equal_height=&#8220;yes&#8220; gutter_size=&#8220;3&#8243; column_width_percent=&#8220;100&#8243; shift_y=&#8220;0&#8243; z_index=&#8220;0&#8243; uncode_shortcode_id=&#8220;370288&#8243;][vc_column column_width_percent=&#8220;100&#8243; gutter_size=&#8220;0&#8243; override_padding=&#8220;yes&#8220; column_padding=&#8220;0&#8243; back_color=&#8220;color-210407&#8243; overlay_alpha=&#8220;50&#8243; shift_x=&#8220;0&#8243; shift_y=&#8220;0&#8243; shift_y_down=&#8220;0&#8243; z_index=&#8220;0&#8243; medium_width=&#8220;0&#8243; mobile_width=&#8220;0&#8243; width=&#8220;1\/3&#8243; uncode_shortcode_id=&#8220;163983&#8243; back_color_type=&#8220;uncode-palette&#8220;][vc_single_image media=&#8220;360&#8243; media_width_percent=&#8220;100&#8243; advanced=&#8220;yes&#8220; media_overlay_opacity=&#8220;50&#8243; media_overlay_anim=&#8220;no&#8220; media_padding=&#8220;2&#8243; no_double_tap=&#8220;yes&#8220; uncode_shortcode_id=&#8220;184655&#8243; media_link=&#8220;url:https%3A%2F%2Froyalpack.com.pl%2Fde%2Fstandardverpackungen%2F|title:STANDARDVERPACKUNGEN&#8220;][vc_row_inner][vc_column_inner column_width_percent=&#8220;100&#8243; position_vertical=&#8220;middle&#8220; align_horizontal=&#8220;align_center&#8220; gutter_size=&#8220;3&#8243; override_padding=&#8220;yes&#8220; column_padding=&#8220;2&#8243; overlay_alpha=&#8220;50&#8243; shift_x=&#8220;0&#8243; shift_y=&#8220;0&#8243; shift_y_down=&#8220;0&#8243; z_index=&#8220;0&#8243; medium_width=&#8220;0&#8243; mobile_width=&#8220;0&#8243; width=&#8220;1\/1&#8243; uncode_shortcode_id=&#8220;114673&#8243;][vc_button button_color=&#8220;color-xsdn&#8220; size=&#8220;btn-link&#8220; button_color_type=&#8220;uncode-palette&#8220; uncode_shortcode_id=&#8220;171264&#8243; link=&#8220;url:https%3A%2F%2Froyalpack.com.pl%2Fde%2Fstandardverpackungen%2F&#8220;]STANDARDVERPACKUNGEN[\/vc_button][\/vc_column_inner][\/vc_row_inner][\/vc_column][vc_column column_width_percent=&#8220;100&#8243; gutter_size=&#8220;0&#8243; override_padding=&#8220;yes&#8220; column_padding=&#8220;0&#8243; back_color=&#8220;color-210407&#8243; overlay_alpha=&#8220;50&#8243; shift_x=&#8220;0&#8243; shift_y=&#8220;0&#8243; shift_y_down=&#8220;0&#8243; z_index=&#8220;0&#8243; medium_width=&#8220;0&#8243; mobile_width=&#8220;0&#8243; width=&#8220;1\/3&#8243; uncode_shortcode_id=&#8220;569411&#8243; back_color_type=&#8220;uncode-palette&#8220;][vc_single_image media=&#8220;363&#8243; media_width_percent=&#8220;100&#8243; advanced=&#8220;yes&#8220; media_overlay_opacity=&#8220;50&#8243; media_overlay_anim=&#8220;no&#8220; media_padding=&#8220;2&#8243; no_double_tap=&#8220;yes&#8220; uncode_shortcode_id=&#8220;171693&#8243; media_link=&#8220;url:https%3A%2F%2Froyalpack.com.pl%2Fde%2Fverpackungen-fuer-den-einzelhandel%2F|title:VERPACKUNGEN%20F%C3%9CR%20DEN%20EINZELHANDEL&#8220;][vc_row_inner][vc_column_inner column_width_percent=&#8220;100&#8243; position_vertical=&#8220;middle&#8220; align_horizontal=&#8220;align_center&#8220; gutter_size=&#8220;3&#8243; override_padding=&#8220;yes&#8220; column_padding=&#8220;2&#8243; overlay_alpha=&#8220;50&#8243; shift_x=&#8220;0&#8243; shift_y=&#8220;0&#8243; shift_y_down=&#8220;0&#8243; z_index=&#8220;0&#8243; medium_width=&#8220;0&#8243; mobile_width=&#8220;0&#8243; width=&#8220;1\/1&#8243; uncode_shortcode_id=&#8220;121602&#8243;][vc_button button_color=&#8220;color-xsdn&#8220; size=&#8220;btn-link&#8220; button_color_type=&#8220;uncode-palette&#8220; uncode_shortcode_id=&#8220;939490&#8243; link=&#8220;url:https%3A%2F%2Froyalpack.com.pl%2Fde%2Fverpackungen-fuer-den-einzelhandel%2F&#8220;]VERPACKUNGEN F\u00dcR DEN EINZELHANDEL[\/vc_button][\/vc_column_inner][\/vc_row_inner][\/vc_column][vc_column column_width_percent=&#8220;100&#8243; gutter_size=&#8220;0&#8243; override_padding=&#8220;yes&#8220; column_padding=&#8220;0&#8243; back_color=&#8220;color-210407&#8243; overlay_alpha=&#8220;50&#8243; shift_x=&#8220;0&#8243; shift_y=&#8220;0&#8243; shift_y_down=&#8220;0&#8243; z_index=&#8220;0&#8243; medium_width=&#8220;0&#8243; mobile_width=&#8220;0&#8243; width=&#8220;1\/3&#8243; uncode_shortcode_id=&#8220;206397&#8243; back_color_type=&#8220;uncode-palette&#8220;][vc_single_image media=&#8220;369&#8243; media_width_percent=&#8220;100&#8243; advanced=&#8220;yes&#8220; media_overlay_opacity=&#8220;50&#8243; media_overlay_anim=&#8220;no&#8220; media_padding=&#8220;2&#8243; no_double_tap=&#8220;yes&#8220; uncode_shortcode_id=&#8220;625500&#8243; media_link=&#8220;url:https%3A%2F%2Froyalpack.com.pl%2Fde%2Fe-commerce%2F|title:E-COMMERCE&#8220;][vc_row_inner][vc_column_inner column_width_percent=&#8220;100&#8243; position_vertical=&#8220;middle&#8220; align_horizontal=&#8220;align_center&#8220; gutter_size=&#8220;3&#8243; override_padding=&#8220;yes&#8220; column_padding=&#8220;2&#8243; overlay_alpha=&#8220;50&#8243; shift_x=&#8220;0&#8243; shift_y=&#8220;0&#8243; shift_y_down=&#8220;0&#8243; z_index=&#8220;0&#8243; medium_width=&#8220;0&#8243; mobile_width=&#8220;0&#8243; width=&#8220;1\/1&#8243; uncode_shortcode_id=&#8220;114673&#8243;][vc_button button_color=&#8220;color-xsdn&#8220; size=&#8220;btn-link&#8220; button_color_type=&#8220;uncode-palette&#8220; uncode_shortcode_id=&#8220;213552&#8243; link=&#8220;url:https%3A%2F%2Froyalpack.com.pl%2Fde%2Fe-commerce%2F&#8220;]E-COMMERCE[\/vc_button][\/vc_column_inner][\/vc_row_inner][\/vc_column][\/vc_row][vc_row row_height_percent=&#8220;0&#8243; override_padding=&#8220;yes&#8220; h_padding=&#8220;2&#8243; top_padding=&#8220;0&#8243; bottom_padding=&#8220;2&#8243; overlay_alpha=&#8220;50&#8243; equal_height=&#8220;yes&#8220; gutter_size=&#8220;3&#8243; column_width_percent=&#8220;100&#8243; shift_y=&#8220;0&#8243; z_index=&#8220;0&#8243; uncode_shortcode_id=&#8220;930694&#8243;][vc_column column_width_percent=&#8220;100&#8243; gutter_size=&#8220;0&#8243; override_padding=&#8220;yes&#8220; column_padding=&#8220;0&#8243; back_color=&#8220;color-210407&#8243; overlay_alpha=&#8220;50&#8243; shift_x=&#8220;0&#8243; shift_y=&#8220;0&#8243; shift_y_down=&#8220;0&#8243; z_index=&#8220;0&#8243; medium_width=&#8220;0&#8243; mobile_width=&#8220;0&#8243; width=&#8220;1\/3&#8243; uncode_shortcode_id=&#8220;569411&#8243; back_color_type=&#8220;uncode-palette&#8220;][vc_single_image media=&#8220;372&#8243; media_width_percent=&#8220;100&#8243; advanced=&#8220;yes&#8220; media_overlay_opacity=&#8220;50&#8243; media_overlay_anim=&#8220;no&#8220; media_padding=&#8220;2&#8243; no_double_tap=&#8220;yes&#8220; uncode_shortcode_id=&#8220;214090&#8243; media_link=&#8220;url:https%3A%2F%2Froyalpack.com.pl%2Fde%2Fkundenorientierte-loesungen%2F|title:KUNDENORIENTIERTE%20L%C3%96SUNGEN&#8220;][vc_row_inner][vc_column_inner column_width_percent=&#8220;100&#8243; position_vertical=&#8220;middle&#8220; align_horizontal=&#8220;align_center&#8220; gutter_size=&#8220;3&#8243; override_padding=&#8220;yes&#8220; column_padding=&#8220;2&#8243; overlay_alpha=&#8220;50&#8243; shift_x=&#8220;0&#8243; shift_y=&#8220;0&#8243; shift_y_down=&#8220;0&#8243; z_index=&#8220;0&#8243; medium_width=&#8220;0&#8243; mobile_width=&#8220;0&#8243; width=&#8220;1\/1&#8243; uncode_shortcode_id=&#8220;121602&#8243;][vc_button button_color=&#8220;color-xsdn&#8220; size=&#8220;btn-link&#8220; button_color_type=&#8220;uncode-palette&#8220; uncode_shortcode_id=&#8220;156598&#8243; link=&#8220;url:https%3A%2F%2Froyalpack.com.pl%2Fde%2Fkundenorientierte-loesungen%2F&#8220;]KUNDENORIENTIERTE L\u00d6SUNGEN[\/vc_button][\/vc_column_inner][\/vc_row_inner][\/vc_column][vc_column column_width_percent=&#8220;100&#8243; gutter_size=&#8220;0&#8243; override_padding=&#8220;yes&#8220; column_padding=&#8220;0&#8243; back_color=&#8220;color-210407&#8243; overlay_alpha=&#8220;50&#8243; shift_x=&#8220;0&#8243; shift_y=&#8220;0&#8243; shift_y_down=&#8220;0&#8243; z_index=&#8220;0&#8243; medium_width=&#8220;0&#8243; mobile_width=&#8220;0&#8243; width=&#8220;1\/3&#8243; uncode_shortcode_id=&#8220;206397&#8243; back_color_type=&#8220;uncode-palette&#8220;][vc_single_image media=&#8220;375&#8243; media_width_percent=&#8220;100&#8243; advanced=&#8220;yes&#8220; media_overlay_opacity=&#8220;50&#8243; media_overlay_anim=&#8220;no&#8220; media_padding=&#8220;2&#8243; no_double_tap=&#8220;yes&#8220; uncode_shortcode_id=&#8220;372902&#8243; media_link=&#8220;url:https%3A%2F%2Froyalpack.com.pl%2Fde%2Fverpackungen-aus-barriere-karton%2F|title:VERPACKUNGEN%20AUS%20BARRIERE-Karton&#8220;][vc_row_inner][vc_column_inner column_width_percent=&#8220;100&#8243; position_vertical=&#8220;middle&#8220; align_horizontal=&#8220;align_center&#8220; gutter_size=&#8220;3&#8243; override_padding=&#8220;yes&#8220; column_padding=&#8220;2&#8243; overlay_alpha=&#8220;50&#8243; shift_x=&#8220;0&#8243; shift_y=&#8220;0&#8243; shift_y_down=&#8220;0&#8243; z_index=&#8220;0&#8243; medium_width=&#8220;0&#8243; mobile_width=&#8220;0&#8243; width=&#8220;1\/1&#8243; uncode_shortcode_id=&#8220;121602&#8243;][vc_button button_color=&#8220;color-xsdn&#8220; size=&#8220;btn-link&#8220; button_color_type=&#8220;uncode-palette&#8220; uncode_shortcode_id=&#8220;433645&#8243; link=&#8220;url:https%3A%2F%2Froyalpack.com.pl%2Fde%2Fverpackungen-aus-barriere-karton%2F&#8220;]VERPACKUNGEN MIT BARRIERESCHUTZ[\/vc_button][\/vc_column_inner][\/vc_row_inner][\/vc_column][vc_column column_width_percent=&#8220;100&#8243; gutter_size=&#8220;0&#8243; override_padding=&#8220;yes&#8220; column_padding=&#8220;0&#8243; back_color=&#8220;color-210407&#8243; overlay_alpha=&#8220;50&#8243; shift_x=&#8220;0&#8243; shift_y=&#8220;0&#8243; shift_y_down=&#8220;0&#8243; z_index=&#8220;0&#8243; medium_width=&#8220;0&#8243; mobile_width=&#8220;0&#8243; width=&#8220;1\/3&#8243; uncode_shortcode_id=&#8220;163983&#8243; back_color_type=&#8220;uncode-palette&#8220;][vc_single_image media=&#8220;378&#8243; media_width_percent=&#8220;100&#8243; advanced=&#8220;yes&#8220; media_overlay_opacity=&#8220;50&#8243; media_overlay_anim=&#8220;no&#8220; media_padding=&#8220;2&#8243; no_double_tap=&#8220;yes&#8220; uncode_shortcode_id=&#8220;122701&#8243; media_link=&#8220;url:https%3A%2F%2Froyalpack.com.pl%2Fde%2Foekologische-verpackungsloesungen%2F|title:%C3%96KOLOGISCHE%20VERPACKUNGSL%C3%96SUNGEN&#8220;][vc_row_inner][vc_column_inner column_width_percent=&#8220;100&#8243; position_vertical=&#8220;middle&#8220; align_horizontal=&#8220;align_center&#8220; gutter_size=&#8220;3&#8243; override_padding=&#8220;yes&#8220; column_padding=&#8220;2&#8243; overlay_alpha=&#8220;50&#8243; shift_x=&#8220;0&#8243; shift_y=&#8220;0&#8243; shift_y_down=&#8220;0&#8243; z_index=&#8220;0&#8243; medium_width=&#8220;0&#8243; mobile_width=&#8220;0&#8243; width=&#8220;1\/1&#8243; uncode_shortcode_id=&#8220;114673&#8243;][vc_button button_color=&#8220;color-xsdn&#8220; size=&#8220;btn-link&#8220; button_color_type=&#8220;uncode-palette&#8220; uncode_shortcode_id=&#8220;168318&#8243; link=&#8220;url:https%3A%2F%2Froyalpack.com.pl%2Fde%2Foekologische-verpackungsloesungen%2F&#8220;]\u00d6KOLOGISCHE VERPACKUNGSL\u00d6SUNGEN[\/vc_button][\/vc_column_inner][\/vc_row_inner][\/vc_column][\/vc_row][vc_row row_height_percent=&#8220;0&#8243; override_padding=&#8220;yes&#8220; h_padding=&#8220;2&#8243; top_padding=&#8220;0&#8243; bottom_padding=&#8220;4&#8243; overlay_alpha=&#8220;50&#8243; equal_height=&#8220;yes&#8220; gutter_size=&#8220;3&#8243; column_width_percent=&#8220;100&#8243; shift_y=&#8220;0&#8243; z_index=&#8220;0&#8243; uncode_shortcode_id=&#8220;193207&#8243;][vc_column column_width_percent=&#8220;100&#8243; gutter_size=&#8220;0&#8243; override_padding=&#8220;yes&#8220; column_padding=&#8220;0&#8243; back_color=&#8220;color-210407&#8243; overlay_alpha=&#8220;50&#8243; shift_x=&#8220;0&#8243; shift_y=&#8220;0&#8243; shift_y_down=&#8220;0&#8243; z_index=&#8220;0&#8243; medium_width=&#8220;0&#8243; mobile_width=&#8220;0&#8243; width=&#8220;1\/3&#8243; uncode_shortcode_id=&#8220;569411&#8243; back_color_type=&#8220;uncode-palette&#8220;][vc_single_image media=&#8220;381&#8243; media_width_percent=&#8220;100&#8243; advanced=&#8220;yes&#8220; media_overlay_opacity=&#8220;50&#8243; media_overlay_anim=&#8220;no&#8220; media_padding=&#8220;2&#8243; no_double_tap=&#8220;yes&#8220; uncode_shortcode_id=&#8220;124542&#8243; media_link=&#8220;url:https%3A%2F%2Froyalpack.com.pl%2Fde%2Fverkaufsstaende-bodendisplay-pos%2F|title:VERKAUFSST%C3%84NDE%20%20BODENDISPLAY%20(POS)&#8220;][vc_row_inner][vc_column_inner column_width_percent=&#8220;100&#8243; position_vertical=&#8220;middle&#8220; align_horizontal=&#8220;align_center&#8220; gutter_size=&#8220;3&#8243; override_padding=&#8220;yes&#8220; column_padding=&#8220;2&#8243; overlay_alpha=&#8220;50&#8243; shift_x=&#8220;0&#8243; shift_y=&#8220;0&#8243; shift_y_down=&#8220;0&#8243; z_index=&#8220;0&#8243; medium_width=&#8220;0&#8243; mobile_width=&#8220;0&#8243; width=&#8220;1\/1&#8243; uncode_shortcode_id=&#8220;121602&#8243;][vc_button button_color=&#8220;color-xsdn&#8220; size=&#8220;btn-link&#8220; button_color_type=&#8220;uncode-palette&#8220; uncode_shortcode_id=&#8220;149436&#8243; link=&#8220;url:https%3A%2F%2Froyalpack.com.pl%2Fde%2Fverkaufsstaende-bodendisplay-pos%2F&#8220;]VERKAUFSST\u00c4NDE BODENDISPLAY (POS)[\/vc_button][\/vc_column_inner][\/vc_row_inner][\/vc_column][vc_column column_width_percent=&#8220;100&#8243; gutter_size=&#8220;0&#8243; override_padding=&#8220;yes&#8220; column_padding=&#8220;0&#8243; overlay_alpha=&#8220;50&#8243; shift_x=&#8220;0&#8243; shift_y=&#8220;0&#8243; shift_y_down=&#8220;0&#8243; z_index=&#8220;0&#8243; medium_width=&#8220;0&#8243; mobile_width=&#8220;0&#8243; width=&#8220;1\/3&#8243; uncode_shortcode_id=&#8220;786097&#8243;][\/vc_column][vc_column column_width_percent=&#8220;100&#8243; gutter_size=&#8220;0&#8243; override_padding=&#8220;yes&#8220; column_padding=&#8220;0&#8243; overlay_alpha=&#8220;50&#8243; shift_x=&#8220;0&#8243; shift_y=&#8220;0&#8243; shift_y_down=&#8220;0&#8243; z_index=&#8220;0&#8243; medium_width=&#8220;0&#8243; mobile_width=&#8220;0&#8243; width=&#8220;1\/3&#8243; uncode_shortcode_id=&#8220;193694&#8243;][\/vc_column][\/vc_row]<\/p>\n<\/div>","protected":false},"excerpt":{"rendered":"<p>[vc_row row_height_percent=&#8220;0&#8243; override_padding=&#8220;yes&#8220; h_padding=&#8220;2&#8243; top_padding=&#8220;3&#8243; bottom_padding=&#8220;3&#8243; overlay_alpha=&#8220;50&#8243; gutter_size=&#8220;3&#8243; column_width_percent=&#8220;100&#8243; shift_y=&#8220;0&#8243; z_index=&#8220;0&#8243; uncode_shortcode_id=&#8220;423066&#8243;][vc_column column_width_percent=&#8220;100&#8243; gutter_size=&#8220;3&#8243; overlay_alpha=&#8220;50&#8243; shift_x=&#8220;0&#8243; shift_y=&#8220;0&#8243; shift_y_down=&#8220;0&#8243; z_index=&#8220;0&#8243; medium_width=&#8220;0&#8243; [&hellip;]<\/p>\n","protected":false},"author":1,"featured_media":0,"parent":0,"menu_order":0,"comment_status":"closed","ping_status":"closed","template":"","meta":{"_monsterinsights_skip_tracking":false,"_monsterinsights_sitenote_active":false,"_monsterinsights_sitenote_note":"","_monsterinsights_sitenote_category":0,"footnotes":""},"class_list":["post-466","page","type-page","status-publish","hentry"],"yoast_head":"<!-- This site is optimized with the Yoast SEO plugin v25.1 - https:\/\/yoast.com\/wordpress\/plugins\/seo\/ -->\n<title>THEKENAUFSTELLER - Royalpack<\/title>\n<meta name=\"robots\" content=\"index, follow, max-snippet:-1, max-image-preview:large, max-video-preview:-1\" \/>\n<link rel=\"canonical\" href=\"https:\/\/royalpack.com.pl\/ekspozytory-ladowe\/\" \/>\n<meta property=\"og:locale\" content=\"de_DE\" \/>\n<meta property=\"og:type\" content=\"article\" \/>\n<meta property=\"og:title\" content=\"THEKENAUFSTELLER - Royalpack\" \/>\n<meta property=\"og:description\" content=\"[vc_row row_height_percent=&#8220;0&#8243; override_padding=&#8220;yes&#8220; h_padding=&#8220;2&#8243; top_padding=&#8220;3&#8243; bottom_padding=&#8220;3&#8243; overlay_alpha=&#8220;50&#8243; gutter_size=&#8220;3&#8243; column_width_percent=&#8220;100&#8243; shift_y=&#8220;0&#8243; z_index=&#8220;0&#8243; uncode_shortcode_id=&#8220;423066&#8243;][vc_column column_width_percent=&#8220;100&#8243; gutter_size=&#8220;3&#8243; overlay_alpha=&#8220;50&#8243; shift_x=&#8220;0&#8243; shift_y=&#8220;0&#8243; shift_y_down=&#8220;0&#8243; z_index=&#8220;0&#8243; medium_width=&#8220;0&#8243; [&hellip;]\" \/>\n<meta property=\"og:url\" content=\"https:\/\/royalpack.com.pl\/ekspozytory-ladowe\/\" \/>\n<meta property=\"og:site_name\" content=\"Royalpack\" \/>\n<meta property=\"article:modified_time\" content=\"2024-05-20T04:32:22+00:00\" \/>\n<meta name=\"twitter:card\" content=\"summary_large_image\" \/>\n<meta name=\"twitter:label1\" content=\"Gesch\u00e4tzte Lesezeit\" \/>\n\t<meta name=\"twitter:data1\" content=\"8\u00a0Minuten\" \/>\n<script type=\"application\/ld+json\" class=\"yoast-schema-graph\">{\"@context\":\"https:\/\/schema.org\",\"@graph\":[{\"@type\":\"WebPage\",\"@id\":\"https:\/\/royalpack.com.pl\/ekspozytory-ladowe\/\",\"url\":\"https:\/\/royalpack.com.pl\/ekspozytory-ladowe\/\",\"name\":\"THEKENAUFSTELLER - Royalpack\",\"isPartOf\":{\"@id\":\"https:\/\/royalpack.com.pl\/#website\"},\"datePublished\":\"2024-05-19T20:44:59+00:00\",\"dateModified\":\"2024-05-20T04:32:22+00:00\",\"breadcrumb\":{\"@id\":\"https:\/\/royalpack.com.pl\/ekspozytory-ladowe\/#breadcrumb\"},\"inLanguage\":\"de\",\"potentialAction\":[{\"@type\":\"ReadAction\",\"target\":[\"https:\/\/royalpack.com.pl\/ekspozytory-ladowe\/\"]}]},{\"@type\":\"BreadcrumbList\",\"@id\":\"https:\/\/royalpack.com.pl\/ekspozytory-ladowe\/#breadcrumb\",\"itemListElement\":[{\"@type\":\"ListItem\",\"position\":1,\"name\":\"Strona g\u0142\u00f3wna\",\"item\":\"https:\/\/royalpack.com.pl\/de\/\"},{\"@type\":\"ListItem\",\"position\":2,\"name\":\"THEKENAUFSTELLER\"}]},{\"@type\":\"WebSite\",\"@id\":\"https:\/\/royalpack.com.pl\/#website\",\"url\":\"https:\/\/royalpack.com.pl\/\",\"name\":\"Royalpack\",\"description\":\"\",\"potentialAction\":[{\"@type\":\"SearchAction\",\"target\":{\"@type\":\"EntryPoint\",\"urlTemplate\":\"https:\/\/royalpack.com.pl\/?s={search_term_string}\"},\"query-input\":{\"@type\":\"PropertyValueSpecification\",\"valueRequired\":true,\"valueName\":\"search_term_string\"}}],\"inLanguage\":\"de\"}]}<\/script>\n<!-- \/ Yoast SEO plugin. -->","yoast_head_json":{"title":"THEKENAUFSTELLER - Royalpack","robots":{"index":"index","follow":"follow","max-snippet":"max-snippet:-1","max-image-preview":"max-image-preview:large","max-video-preview":"max-video-preview:-1"},"canonical":"https:\/\/royalpack.com.pl\/ekspozytory-ladowe\/","og_locale":"de_DE","og_type":"article","og_title":"THEKENAUFSTELLER - Royalpack","og_description":"[vc_row row_height_percent=&#8220;0&#8243; override_padding=&#8220;yes&#8220; h_padding=&#8220;2&#8243; top_padding=&#8220;3&#8243; bottom_padding=&#8220;3&#8243; overlay_alpha=&#8220;50&#8243; gutter_size=&#8220;3&#8243; column_width_percent=&#8220;100&#8243; shift_y=&#8220;0&#8243; z_index=&#8220;0&#8243; uncode_shortcode_id=&#8220;423066&#8243;][vc_column column_width_percent=&#8220;100&#8243; gutter_size=&#8220;3&#8243; overlay_alpha=&#8220;50&#8243; shift_x=&#8220;0&#8243; shift_y=&#8220;0&#8243; shift_y_down=&#8220;0&#8243; z_index=&#8220;0&#8243; medium_width=&#8220;0&#8243; [&hellip;]","og_url":"https:\/\/royalpack.com.pl\/ekspozytory-ladowe\/","og_site_name":"Royalpack","article_modified_time":"2024-05-20T04:32:22+00:00","twitter_card":"summary_large_image","twitter_misc":{"Gesch\u00e4tzte Lesezeit":"8\u00a0Minuten"},"schema":{"@context":"https:\/\/schema.org","@graph":[{"@type":"WebPage","@id":"https:\/\/royalpack.com.pl\/ekspozytory-ladowe\/","url":"https:\/\/royalpack.com.pl\/ekspozytory-ladowe\/","name":"THEKENAUFSTELLER - Royalpack","isPartOf":{"@id":"https:\/\/royalpack.com.pl\/#website"},"datePublished":"2024-05-19T20:44:59+00:00","dateModified":"2024-05-20T04:32:22+00:00","breadcrumb":{"@id":"https:\/\/royalpack.com.pl\/ekspozytory-ladowe\/#breadcrumb"},"inLanguage":"de","potentialAction":[{"@type":"ReadAction","target":["https:\/\/royalpack.com.pl\/ekspozytory-ladowe\/"]}]},{"@type":"BreadcrumbList","@id":"https:\/\/royalpack.com.pl\/ekspozytory-ladowe\/#breadcrumb","itemListElement":[{"@type":"ListItem","position":1,"name":"Strona g\u0142\u00f3wna","item":"https:\/\/royalpack.com.pl\/de\/"},{"@type":"ListItem","position":2,"name":"THEKENAUFSTELLER"}]},{"@type":"WebSite","@id":"https:\/\/royalpack.com.pl\/#website","url":"https:\/\/royalpack.com.pl\/","name":"Royalpack","description":"","potentialAction":[{"@type":"SearchAction","target":{"@type":"EntryPoint","urlTemplate":"https:\/\/royalpack.com.pl\/?s={search_term_string}"},"query-input":{"@type":"PropertyValueSpecification","valueRequired":true,"valueName":"search_term_string"}}],"inLanguage":"de"}]}},"_links":{"self":[{"href":"https:\/\/royalpack.com.pl\/de\/wp-json\/wp\/v2\/pages\/466","targetHints":{"allow":["GET"]}}],"collection":[{"href":"https:\/\/royalpack.com.pl\/de\/wp-json\/wp\/v2\/pages"}],"about":[{"href":"https:\/\/royalpack.com.pl\/de\/wp-json\/wp\/v2\/types\/page"}],"author":[{"embeddable":true,"href":"https:\/\/royalpack.com.pl\/de\/wp-json\/wp\/v2\/users\/1"}],"replies":[{"embeddable":true,"href":"https:\/\/royalpack.com.pl\/de\/wp-json\/wp\/v2\/comments?post=466"}],"version-history":[{"count":2,"href":"https:\/\/royalpack.com.pl\/de\/wp-json\/wp\/v2\/pages\/466\/revisions"}],"predecessor-version":[{"id":825,"href":"https:\/\/royalpack.com.pl\/de\/wp-json\/wp\/v2\/pages\/466\/revisions\/825"}],"wp:attachment":[{"href":"https:\/\/royalpack.com.pl\/de\/wp-json\/wp\/v2\/media?parent=466"}],"curies":[{"name":"wp","href":"https:\/\/api.w.org\/{rel}","templated":true}]}}