{"id":490,"date":"2024-05-19T22:50:14","date_gmt":"2024-05-19T20:50:14","guid":{"rendered":"https:\/\/royalpack.com.pl\/?page_id=490"},"modified":"2024-05-20T06:33:01","modified_gmt":"2024-05-20T04:33:01","slug":"e-commerce","status":"publish","type":"page","link":"https:\/\/royalpack.com.pl\/de\/e-commerce\/","title":{"rendered":"E-COMMERCE"},"content":{"rendered":"<div class=\"wpb-content-wrapper\"><p>[vc_row][vc_column width=&#8220;1\/2&#8243;][vc_gallery el_id=&#8220;gallery-188707&#8243; type=&#8220;carousel&#8220; medias=&#8220;486,477,474,480,483&#8243; carousel_lg=&#8220;1&#8243; carousel_md=&#8220;1&#8243; carousel_sm=&#8220;1&#8243; thumb_size=&#8220;one-one&#8220; gutter_size=&#8220;3&#8243; carousel_interval=&#8220;5000&#8243; carousel_navspeed=&#8220;400&#8243; carousel_nav=&#8220;yes&#8220; carousel_nav_mobile=&#8220;yes&#8220; stage_padding=&#8220;0&#8243; single_overlay_opacity=&#8220;50&#8243; single_overlay_anim=&#8220;no&#8220; single_padding=&#8220;2&#8243; single_border=&#8220;yes&#8220; no_double_tap=&#8220;yes&#8220; uncode_shortcode_id=&#8220;658869&#8243;][\/vc_column][vc_column column_width_percent=&#8220;85&#8243; position_horizontal=&#8220;right&#8220; position_vertical=&#8220;middle&#8220; gutter_size=&#8220;3&#8243; overlay_alpha=&#8220;50&#8243; shift_x=&#8220;0&#8243; shift_y=&#8220;0&#8243; shift_y_down=&#8220;0&#8243; z_index=&#8220;0&#8243; medium_width=&#8220;0&#8243; mobile_width=&#8220;0&#8243; width=&#8220;1\/2&#8243; uncode_shortcode_id=&#8220;123784&#8243;][vc_custom_heading text_size=&#8220;h1&#8243; text_weight=&#8220;400&#8243; uncode_shortcode_id=&#8220;149460&#8243;]E-COMMERCE[\/vc_custom_heading][vc_custom_heading text_size=&#8220;h6&#8243; text_weight=&#8220;400&#8243; uncode_shortcode_id=&#8220;179432&#8243;]<span lang=\"de-AT\">Online-Shops verwenden in der Regel Versandkartons f\u00fcr ihre &#8222;T\u00fcr-zu-T\u00fcr&#8220;-Lieferungen an Kunden. Die Gestaltung dieser Kartons ist \u00e4u\u00dferst wichtig, denn sie sind ein wichtiges Marketinginstrument &#8211; sie sollen das Produkt pr\u00e4sentieren und einen guten Eindruck beim Empf\u00e4nger des Pakets hinterlassen. Durch die Auswahl der richtigen Papiersorte und die Verwendung eines individuellen Drucks k\u00f6nnen wir Verpackungen schaffen, die dem Empf\u00e4nger Freude bereiten und ein L\u00e4cheln ins Gesicht zaubern.<\/span>[\/vc_custom_heading][vc_custom_heading text_size=&#8220;h6&#8243; text_weight=&#8220;400&#8243; uncode_shortcode_id=&#8220;144004&#8243;]<span lang=\"de-AT\">Solche Verpackungen werden mit Offset-, Flexo- oder gemischten Drucktechniken hergestellt, z. B. Flexodruck auf der Au\u00dfenseite und Offsetdruck auf der Innenseite, um den &#8222;Aha-Effekt&#8220; beim Empf\u00e4nger zu erzielen.<\/span>[\/vc_custom_heading][vc_custom_heading text_size=&#8220;h6&#8243; text_weight=&#8220;400&#8243; uncode_shortcode_id=&#8220;161597&#8243;]<span lang=\"de-AT\">Dank der Verwendung von zwei Klebelinien, die mit Silikonband abgedeckt sind, k\u00f6nnen die E-Commerce-Boxen mehrfach verwendet werden, zum Beispiel f\u00fcr die R\u00fccksendung eines Produkts an den Absender. Dies erweist sich als eine sehr \u00f6kologische L\u00f6sung. Au\u00dferdem l\u00e4sst sich die Versandverpackung damit leicht und bequem schlie\u00dfen und \u00f6ffnen. Der Empf\u00e4nger muss sich nicht mehr mit einem Klebeband herum\u00e4rgern, das \u00fcblicherweise den typischen Versandkartons verwendet wird.<\/span>[\/vc_custom_heading][\/vc_column][\/vc_row][vc_row row_height_percent=&#8220;0&#8243; overlay_alpha=&#8220;50&#8243; equal_height=&#8220;yes&#8220; gutter_size=&#8220;3&#8243; column_width_percent=&#8220;100&#8243; shift_y=&#8220;0&#8243; z_index=&#8220;0&#8243; uncode_shortcode_id=&#8220;370288&#8243;][vc_column column_width_percent=&#8220;100&#8243; gutter_size=&#8220;0&#8243; override_padding=&#8220;yes&#8220; column_padding=&#8220;0&#8243; back_color=&#8220;color-210407&#8243; overlay_alpha=&#8220;50&#8243; shift_x=&#8220;0&#8243; shift_y=&#8220;0&#8243; shift_y_down=&#8220;0&#8243; z_index=&#8220;0&#8243; medium_width=&#8220;0&#8243; mobile_width=&#8220;0&#8243; width=&#8220;1\/3&#8243; uncode_shortcode_id=&#8220;163983&#8243; back_color_type=&#8220;uncode-palette&#8220;][vc_single_image media=&#8220;360&#8243; media_width_percent=&#8220;100&#8243; advanced=&#8220;yes&#8220; media_overlay_opacity=&#8220;50&#8243; media_overlay_anim=&#8220;no&#8220; media_padding=&#8220;2&#8243; no_double_tap=&#8220;yes&#8220; uncode_shortcode_id=&#8220;184655&#8243; media_link=&#8220;url:https%3A%2F%2Froyalpack.com.pl%2Fde%2Fstandardverpackungen%2F|title:STANDARDVERPACKUNGEN&#8220;][vc_row_inner][vc_column_inner column_width_percent=&#8220;100&#8243; position_vertical=&#8220;middle&#8220; align_horizontal=&#8220;align_center&#8220; gutter_size=&#8220;3&#8243; override_padding=&#8220;yes&#8220; column_padding=&#8220;2&#8243; overlay_alpha=&#8220;50&#8243; shift_x=&#8220;0&#8243; shift_y=&#8220;0&#8243; shift_y_down=&#8220;0&#8243; z_index=&#8220;0&#8243; medium_width=&#8220;0&#8243; mobile_width=&#8220;0&#8243; width=&#8220;1\/1&#8243; uncode_shortcode_id=&#8220;114673&#8243;][vc_button button_color=&#8220;color-xsdn&#8220; size=&#8220;btn-link&#8220; button_color_type=&#8220;uncode-palette&#8220; uncode_shortcode_id=&#8220;171264&#8243; link=&#8220;url:https%3A%2F%2Froyalpack.com.pl%2Fde%2Fstandardverpackungen%2F&#8220;]STANDARDVERPACKUNGEN[\/vc_button][\/vc_column_inner][\/vc_row_inner][\/vc_column][vc_column column_width_percent=&#8220;100&#8243; gutter_size=&#8220;0&#8243; override_padding=&#8220;yes&#8220; column_padding=&#8220;0&#8243; back_color=&#8220;color-210407&#8243; overlay_alpha=&#8220;50&#8243; shift_x=&#8220;0&#8243; shift_y=&#8220;0&#8243; shift_y_down=&#8220;0&#8243; z_index=&#8220;0&#8243; medium_width=&#8220;0&#8243; mobile_width=&#8220;0&#8243; width=&#8220;1\/3&#8243; uncode_shortcode_id=&#8220;569411&#8243; back_color_type=&#8220;uncode-palette&#8220;][vc_single_image media=&#8220;363&#8243; media_width_percent=&#8220;100&#8243; advanced=&#8220;yes&#8220; media_overlay_opacity=&#8220;50&#8243; media_overlay_anim=&#8220;no&#8220; media_padding=&#8220;2&#8243; no_double_tap=&#8220;yes&#8220; uncode_shortcode_id=&#8220;171693&#8243; media_link=&#8220;url:https%3A%2F%2Froyalpack.com.pl%2Fde%2Fverpackungen-fuer-den-einzelhandel%2F|title:VERPACKUNGEN%20F%C3%9CR%20DEN%20EINZELHANDEL&#8220;][vc_row_inner][vc_column_inner column_width_percent=&#8220;100&#8243; position_vertical=&#8220;middle&#8220; align_horizontal=&#8220;align_center&#8220; gutter_size=&#8220;3&#8243; override_padding=&#8220;yes&#8220; column_padding=&#8220;2&#8243; overlay_alpha=&#8220;50&#8243; shift_x=&#8220;0&#8243; shift_y=&#8220;0&#8243; shift_y_down=&#8220;0&#8243; z_index=&#8220;0&#8243; medium_width=&#8220;0&#8243; mobile_width=&#8220;0&#8243; width=&#8220;1\/1&#8243; uncode_shortcode_id=&#8220;121602&#8243;][vc_button button_color=&#8220;color-xsdn&#8220; size=&#8220;btn-link&#8220; button_color_type=&#8220;uncode-palette&#8220; uncode_shortcode_id=&#8220;939490&#8243; link=&#8220;url:https%3A%2F%2Froyalpack.com.pl%2Fde%2Fverpackungen-fuer-den-einzelhandel%2F&#8220;]VERPACKUNGEN F\u00dcR DEN EINZELHANDEL[\/vc_button][\/vc_column_inner][\/vc_row_inner][\/vc_column][vc_column column_width_percent=&#8220;100&#8243; gutter_size=&#8220;0&#8243; override_padding=&#8220;yes&#8220; column_padding=&#8220;0&#8243; back_color=&#8220;color-210407&#8243; overlay_alpha=&#8220;50&#8243; shift_x=&#8220;0&#8243; shift_y=&#8220;0&#8243; shift_y_down=&#8220;0&#8243; z_index=&#8220;0&#8243; medium_width=&#8220;0&#8243; mobile_width=&#8220;0&#8243; width=&#8220;1\/3&#8243; uncode_shortcode_id=&#8220;206397&#8243; back_color_type=&#8220;uncode-palette&#8220;][vc_single_image media=&#8220;366&#8243; media_width_percent=&#8220;100&#8243; advanced=&#8220;yes&#8220; media_overlay_opacity=&#8220;50&#8243; media_overlay_anim=&#8220;no&#8220; media_padding=&#8220;2&#8243; no_double_tap=&#8220;yes&#8220; uncode_shortcode_id=&#8220;106453&#8243; media_link=&#8220;url:https%3A%2F%2Froyalpack.com.pl%2Fde%2Fthekenaufsteller%2F|title:THEKENAUFSTELLER&#8220;][vc_row_inner][vc_column_inner column_width_percent=&#8220;100&#8243; position_vertical=&#8220;middle&#8220; align_horizontal=&#8220;align_center&#8220; gutter_size=&#8220;3&#8243; override_padding=&#8220;yes&#8220; column_padding=&#8220;2&#8243; overlay_alpha=&#8220;50&#8243; shift_x=&#8220;0&#8243; shift_y=&#8220;0&#8243; shift_y_down=&#8220;0&#8243; z_index=&#8220;0&#8243; medium_width=&#8220;0&#8243; mobile_width=&#8220;0&#8243; width=&#8220;1\/1&#8243; uncode_shortcode_id=&#8220;121602&#8243;][vc_button button_color=&#8220;color-xsdn&#8220; size=&#8220;btn-link&#8220; button_color_type=&#8220;uncode-palette&#8220; uncode_shortcode_id=&#8220;743901&#8243; link=&#8220;url:https%3A%2F%2Froyalpack.com.pl%2Fde%2Fthekenaufsteller%2F&#8220;]THEKENAUFSTELLER[\/vc_button][\/vc_column_inner][\/vc_row_inner][\/vc_column][\/vc_row][vc_row row_height_percent=&#8220;0&#8243; override_padding=&#8220;yes&#8220; h_padding=&#8220;2&#8243; top_padding=&#8220;0&#8243; bottom_padding=&#8220;2&#8243; overlay_alpha=&#8220;50&#8243; equal_height=&#8220;yes&#8220; gutter_size=&#8220;3&#8243; column_width_percent=&#8220;100&#8243; shift_y=&#8220;0&#8243; z_index=&#8220;0&#8243; uncode_shortcode_id=&#8220;930694&#8243;][vc_column column_width_percent=&#8220;100&#8243; gutter_size=&#8220;0&#8243; override_padding=&#8220;yes&#8220; column_padding=&#8220;0&#8243; back_color=&#8220;color-210407&#8243; overlay_alpha=&#8220;50&#8243; shift_x=&#8220;0&#8243; shift_y=&#8220;0&#8243; shift_y_down=&#8220;0&#8243; z_index=&#8220;0&#8243; medium_width=&#8220;0&#8243; mobile_width=&#8220;0&#8243; width=&#8220;1\/3&#8243; uncode_shortcode_id=&#8220;569411&#8243; back_color_type=&#8220;uncode-palette&#8220;][vc_single_image media=&#8220;372&#8243; media_width_percent=&#8220;100&#8243; advanced=&#8220;yes&#8220; media_overlay_opacity=&#8220;50&#8243; media_overlay_anim=&#8220;no&#8220; media_padding=&#8220;2&#8243; no_double_tap=&#8220;yes&#8220; uncode_shortcode_id=&#8220;214090&#8243; media_link=&#8220;url:https%3A%2F%2Froyalpack.com.pl%2Fde%2Fkundenorientierte-loesungen%2F|title:KUNDENORIENTIERTE%20L%C3%96SUNGEN&#8220;][vc_row_inner][vc_column_inner column_width_percent=&#8220;100&#8243; position_vertical=&#8220;middle&#8220; align_horizontal=&#8220;align_center&#8220; gutter_size=&#8220;3&#8243; override_padding=&#8220;yes&#8220; column_padding=&#8220;2&#8243; overlay_alpha=&#8220;50&#8243; shift_x=&#8220;0&#8243; shift_y=&#8220;0&#8243; shift_y_down=&#8220;0&#8243; z_index=&#8220;0&#8243; medium_width=&#8220;0&#8243; mobile_width=&#8220;0&#8243; width=&#8220;1\/1&#8243; uncode_shortcode_id=&#8220;121602&#8243;][vc_button button_color=&#8220;color-xsdn&#8220; size=&#8220;btn-link&#8220; button_color_type=&#8220;uncode-palette&#8220; uncode_shortcode_id=&#8220;156598&#8243; link=&#8220;url:https%3A%2F%2Froyalpack.com.pl%2Fde%2Fkundenorientierte-loesungen%2F&#8220;]KUNDENORIENTIERTE L\u00d6SUNGEN[\/vc_button][\/vc_column_inner][\/vc_row_inner][\/vc_column][vc_column column_width_percent=&#8220;100&#8243; gutter_size=&#8220;0&#8243; override_padding=&#8220;yes&#8220; column_padding=&#8220;0&#8243; back_color=&#8220;color-210407&#8243; overlay_alpha=&#8220;50&#8243; shift_x=&#8220;0&#8243; shift_y=&#8220;0&#8243; shift_y_down=&#8220;0&#8243; z_index=&#8220;0&#8243; medium_width=&#8220;0&#8243; mobile_width=&#8220;0&#8243; width=&#8220;1\/3&#8243; uncode_shortcode_id=&#8220;206397&#8243; back_color_type=&#8220;uncode-palette&#8220;][vc_single_image media=&#8220;375&#8243; media_width_percent=&#8220;100&#8243; advanced=&#8220;yes&#8220; media_overlay_opacity=&#8220;50&#8243; media_overlay_anim=&#8220;no&#8220; media_padding=&#8220;2&#8243; no_double_tap=&#8220;yes&#8220; uncode_shortcode_id=&#8220;372902&#8243; media_link=&#8220;url:https%3A%2F%2Froyalpack.com.pl%2Fde%2Fverpackungen-aus-barriere-karton%2F|title:VERPACKUNGEN%20AUS%20BARRIERE-Karton&#8220;][vc_row_inner][vc_column_inner column_width_percent=&#8220;100&#8243; position_vertical=&#8220;middle&#8220; align_horizontal=&#8220;align_center&#8220; gutter_size=&#8220;3&#8243; override_padding=&#8220;yes&#8220; column_padding=&#8220;2&#8243; overlay_alpha=&#8220;50&#8243; shift_x=&#8220;0&#8243; shift_y=&#8220;0&#8243; shift_y_down=&#8220;0&#8243; z_index=&#8220;0&#8243; medium_width=&#8220;0&#8243; mobile_width=&#8220;0&#8243; width=&#8220;1\/1&#8243; uncode_shortcode_id=&#8220;121602&#8243;][vc_button button_color=&#8220;color-xsdn&#8220; size=&#8220;btn-link&#8220; button_color_type=&#8220;uncode-palette&#8220; uncode_shortcode_id=&#8220;433645&#8243; link=&#8220;url:https%3A%2F%2Froyalpack.com.pl%2Fde%2Fverpackungen-aus-barriere-karton%2F&#8220;]VERPACKUNGEN MIT BARRIERESCHUTZ[\/vc_button][\/vc_column_inner][\/vc_row_inner][\/vc_column][vc_column column_width_percent=&#8220;100&#8243; gutter_size=&#8220;0&#8243; override_padding=&#8220;yes&#8220; column_padding=&#8220;0&#8243; back_color=&#8220;color-210407&#8243; overlay_alpha=&#8220;50&#8243; shift_x=&#8220;0&#8243; shift_y=&#8220;0&#8243; shift_y_down=&#8220;0&#8243; z_index=&#8220;0&#8243; medium_width=&#8220;0&#8243; mobile_width=&#8220;0&#8243; width=&#8220;1\/3&#8243; uncode_shortcode_id=&#8220;163983&#8243; back_color_type=&#8220;uncode-palette&#8220;][vc_single_image media=&#8220;378&#8243; media_width_percent=&#8220;100&#8243; advanced=&#8220;yes&#8220; media_overlay_opacity=&#8220;50&#8243; media_overlay_anim=&#8220;no&#8220; media_padding=&#8220;2&#8243; no_double_tap=&#8220;yes&#8220; uncode_shortcode_id=&#8220;122701&#8243; media_link=&#8220;url:https%3A%2F%2Froyalpack.com.pl%2Fde%2Foekologische-verpackungsloesungen%2F|title:%C3%96KOLOGISCHE%20VERPACKUNGSL%C3%96SUNGEN&#8220;][vc_row_inner][vc_column_inner column_width_percent=&#8220;100&#8243; position_vertical=&#8220;middle&#8220; align_horizontal=&#8220;align_center&#8220; gutter_size=&#8220;3&#8243; override_padding=&#8220;yes&#8220; column_padding=&#8220;2&#8243; overlay_alpha=&#8220;50&#8243; shift_x=&#8220;0&#8243; shift_y=&#8220;0&#8243; shift_y_down=&#8220;0&#8243; z_index=&#8220;0&#8243; medium_width=&#8220;0&#8243; mobile_width=&#8220;0&#8243; width=&#8220;1\/1&#8243; uncode_shortcode_id=&#8220;114673&#8243;][vc_button button_color=&#8220;color-xsdn&#8220; size=&#8220;btn-link&#8220; button_color_type=&#8220;uncode-palette&#8220; uncode_shortcode_id=&#8220;168318&#8243; link=&#8220;url:https%3A%2F%2Froyalpack.com.pl%2Fde%2Foekologische-verpackungsloesungen%2F&#8220;]\u00d6KOLOGISCHE VERPACKUNGSL\u00d6SUNGEN[\/vc_button][\/vc_column_inner][\/vc_row_inner][\/vc_column][\/vc_row][vc_row row_height_percent=&#8220;0&#8243; override_padding=&#8220;yes&#8220; h_padding=&#8220;2&#8243; top_padding=&#8220;0&#8243; bottom_padding=&#8220;4&#8243; overlay_alpha=&#8220;50&#8243; equal_height=&#8220;yes&#8220; gutter_size=&#8220;3&#8243; column_width_percent=&#8220;100&#8243; shift_y=&#8220;0&#8243; z_index=&#8220;0&#8243; uncode_shortcode_id=&#8220;193207&#8243;][vc_column column_width_percent=&#8220;100&#8243; gutter_size=&#8220;0&#8243; override_padding=&#8220;yes&#8220; column_padding=&#8220;0&#8243; back_color=&#8220;color-210407&#8243; overlay_alpha=&#8220;50&#8243; shift_x=&#8220;0&#8243; shift_y=&#8220;0&#8243; shift_y_down=&#8220;0&#8243; z_index=&#8220;0&#8243; medium_width=&#8220;0&#8243; mobile_width=&#8220;0&#8243; width=&#8220;1\/3&#8243; uncode_shortcode_id=&#8220;569411&#8243; back_color_type=&#8220;uncode-palette&#8220;][vc_single_image media=&#8220;381&#8243; media_width_percent=&#8220;100&#8243; advanced=&#8220;yes&#8220; media_overlay_opacity=&#8220;50&#8243; media_overlay_anim=&#8220;no&#8220; media_padding=&#8220;2&#8243; no_double_tap=&#8220;yes&#8220; uncode_shortcode_id=&#8220;124542&#8243; media_link=&#8220;url:https%3A%2F%2Froyalpack.com.pl%2Fde%2Fverkaufsstaende-bodendisplay-pos%2F|title:VERKAUFSST%C3%84NDE%20%20BODENDISPLAY%20(POS)&#8220;][vc_row_inner][vc_column_inner column_width_percent=&#8220;100&#8243; position_vertical=&#8220;middle&#8220; align_horizontal=&#8220;align_center&#8220; gutter_size=&#8220;3&#8243; override_padding=&#8220;yes&#8220; column_padding=&#8220;2&#8243; overlay_alpha=&#8220;50&#8243; shift_x=&#8220;0&#8243; shift_y=&#8220;0&#8243; shift_y_down=&#8220;0&#8243; z_index=&#8220;0&#8243; medium_width=&#8220;0&#8243; mobile_width=&#8220;0&#8243; width=&#8220;1\/1&#8243; uncode_shortcode_id=&#8220;121602&#8243;][vc_button button_color=&#8220;color-xsdn&#8220; size=&#8220;btn-link&#8220; button_color_type=&#8220;uncode-palette&#8220; uncode_shortcode_id=&#8220;149436&#8243; link=&#8220;url:https%3A%2F%2Froyalpack.com.pl%2Fde%2Fverkaufsstaende-bodendisplay-pos%2F&#8220;]VERKAUFSST\u00c4NDE BODENDISPLAY (POS)[\/vc_button][\/vc_column_inner][\/vc_row_inner][\/vc_column][vc_column column_width_percent=&#8220;100&#8243; gutter_size=&#8220;0&#8243; override_padding=&#8220;yes&#8220; column_padding=&#8220;0&#8243; overlay_alpha=&#8220;50&#8243; shift_x=&#8220;0&#8243; shift_y=&#8220;0&#8243; shift_y_down=&#8220;0&#8243; z_index=&#8220;0&#8243; medium_width=&#8220;0&#8243; mobile_width=&#8220;0&#8243; width=&#8220;1\/3&#8243; uncode_shortcode_id=&#8220;868229&#8243;][\/vc_column][vc_column column_width_percent=&#8220;100&#8243; gutter_size=&#8220;0&#8243; override_padding=&#8220;yes&#8220; column_padding=&#8220;0&#8243; overlay_alpha=&#8220;50&#8243; shift_x=&#8220;0&#8243; shift_y=&#8220;0&#8243; shift_y_down=&#8220;0&#8243; z_index=&#8220;0&#8243; medium_width=&#8220;0&#8243; mobile_width=&#8220;0&#8243; width=&#8220;1\/3&#8243; uncode_shortcode_id=&#8220;193694&#8243;][\/vc_column][\/vc_row]<\/p>\n<\/div>","protected":false},"excerpt":{"rendered":"<p>[vc_row][vc_column width=&#8220;1\/2&#8243;][vc_gallery el_id=&#8220;gallery-188707&#8243; type=&#8220;carousel&#8220; medias=&#8220;486,477,474,480,483&#8243; carousel_lg=&#8220;1&#8243; carousel_md=&#8220;1&#8243; carousel_sm=&#8220;1&#8243; thumb_size=&#8220;one-one&#8220; gutter_size=&#8220;3&#8243; carousel_interval=&#8220;5000&#8243; carousel_navspeed=&#8220;400&#8243; carousel_nav=&#8220;yes&#8220; carousel_nav_mobile=&#8220;yes&#8220; stage_padding=&#8220;0&#8243; single_overlay_opacity=&#8220;50&#8243; single_overlay_anim=&#8220;no&#8220; single_padding=&#8220;2&#8243; single_border=&#8220;yes&#8220; no_double_tap=&#8220;yes&#8220; [&hellip;]<\/p>\n","protected":false},"author":1,"featured_media":0,"parent":0,"menu_order":0,"comment_status":"closed","ping_status":"closed","template":"","meta":{"_monsterinsights_skip_tracking":false,"_monsterinsights_sitenote_active":false,"_monsterinsights_sitenote_note":"","_monsterinsights_sitenote_category":0,"footnotes":""},"class_list":["post-490","page","type-page","status-publish","hentry"],"yoast_head":"<!-- This site is optimized with the Yoast SEO plugin v25.1 - https:\/\/yoast.com\/wordpress\/plugins\/seo\/ -->\n<title>E-COMMERCE - Royalpack<\/title>\n<meta name=\"robots\" content=\"index, follow, max-snippet:-1, max-image-preview:large, max-video-preview:-1\" \/>\n<link rel=\"canonical\" href=\"https:\/\/royalpack.com.pl\/opakowania-dla-e-commerce\/\" \/>\n<meta property=\"og:locale\" content=\"de_DE\" \/>\n<meta property=\"og:type\" content=\"article\" \/>\n<meta property=\"og:title\" content=\"E-COMMERCE - Royalpack\" \/>\n<meta property=\"og:description\" content=\"[vc_row][vc_column width=&#8220;1\/2&#8243;][vc_gallery el_id=&#8220;gallery-188707&#8243; type=&#8220;carousel&#8220; medias=&#8220;486,477,474,480,483&#8243; carousel_lg=&#8220;1&#8243; carousel_md=&#8220;1&#8243; carousel_sm=&#8220;1&#8243; thumb_size=&#8220;one-one&#8220; gutter_size=&#8220;3&#8243; carousel_interval=&#8220;5000&#8243; carousel_navspeed=&#8220;400&#8243; carousel_nav=&#8220;yes&#8220; carousel_nav_mobile=&#8220;yes&#8220; stage_padding=&#8220;0&#8243; single_overlay_opacity=&#8220;50&#8243; single_overlay_anim=&#8220;no&#8220; single_padding=&#8220;2&#8243; single_border=&#8220;yes&#8220; no_double_tap=&#8220;yes&#8220; [&hellip;]\" \/>\n<meta property=\"og:url\" content=\"https:\/\/royalpack.com.pl\/opakowania-dla-e-commerce\/\" \/>\n<meta property=\"og:site_name\" content=\"Royalpack\" \/>\n<meta property=\"article:modified_time\" content=\"2024-05-20T04:33:01+00:00\" \/>\n<meta name=\"twitter:card\" content=\"summary_large_image\" \/>\n<meta name=\"twitter:label1\" content=\"Gesch\u00e4tzte Lesezeit\" \/>\n\t<meta name=\"twitter:data1\" content=\"8\u00a0Minuten\" \/>\n<script type=\"application\/ld+json\" class=\"yoast-schema-graph\">{\"@context\":\"https:\/\/schema.org\",\"@graph\":[{\"@type\":\"WebPage\",\"@id\":\"https:\/\/royalpack.com.pl\/opakowania-dla-e-commerce\/\",\"url\":\"https:\/\/royalpack.com.pl\/opakowania-dla-e-commerce\/\",\"name\":\"E-COMMERCE - Royalpack\",\"isPartOf\":{\"@id\":\"https:\/\/royalpack.com.pl\/#website\"},\"datePublished\":\"2024-05-19T20:50:14+00:00\",\"dateModified\":\"2024-05-20T04:33:01+00:00\",\"breadcrumb\":{\"@id\":\"https:\/\/royalpack.com.pl\/opakowania-dla-e-commerce\/#breadcrumb\"},\"inLanguage\":\"de\",\"potentialAction\":[{\"@type\":\"ReadAction\",\"target\":[\"https:\/\/royalpack.com.pl\/opakowania-dla-e-commerce\/\"]}]},{\"@type\":\"BreadcrumbList\",\"@id\":\"https:\/\/royalpack.com.pl\/opakowania-dla-e-commerce\/#breadcrumb\",\"itemListElement\":[{\"@type\":\"ListItem\",\"position\":1,\"name\":\"Strona g\u0142\u00f3wna\",\"item\":\"https:\/\/royalpack.com.pl\/de\/\"},{\"@type\":\"ListItem\",\"position\":2,\"name\":\"E-COMMERCE\"}]},{\"@type\":\"WebSite\",\"@id\":\"https:\/\/royalpack.com.pl\/#website\",\"url\":\"https:\/\/royalpack.com.pl\/\",\"name\":\"Royalpack\",\"description\":\"\",\"potentialAction\":[{\"@type\":\"SearchAction\",\"target\":{\"@type\":\"EntryPoint\",\"urlTemplate\":\"https:\/\/royalpack.com.pl\/?s={search_term_string}\"},\"query-input\":{\"@type\":\"PropertyValueSpecification\",\"valueRequired\":true,\"valueName\":\"search_term_string\"}}],\"inLanguage\":\"de\"}]}<\/script>\n<!-- \/ Yoast SEO plugin. -->","yoast_head_json":{"title":"E-COMMERCE - Royalpack","robots":{"index":"index","follow":"follow","max-snippet":"max-snippet:-1","max-image-preview":"max-image-preview:large","max-video-preview":"max-video-preview:-1"},"canonical":"https:\/\/royalpack.com.pl\/opakowania-dla-e-commerce\/","og_locale":"de_DE","og_type":"article","og_title":"E-COMMERCE - Royalpack","og_description":"[vc_row][vc_column width=&#8220;1\/2&#8243;][vc_gallery el_id=&#8220;gallery-188707&#8243; type=&#8220;carousel&#8220; medias=&#8220;486,477,474,480,483&#8243; carousel_lg=&#8220;1&#8243; carousel_md=&#8220;1&#8243; carousel_sm=&#8220;1&#8243; thumb_size=&#8220;one-one&#8220; gutter_size=&#8220;3&#8243; carousel_interval=&#8220;5000&#8243; carousel_navspeed=&#8220;400&#8243; carousel_nav=&#8220;yes&#8220; carousel_nav_mobile=&#8220;yes&#8220; stage_padding=&#8220;0&#8243; single_overlay_opacity=&#8220;50&#8243; single_overlay_anim=&#8220;no&#8220; single_padding=&#8220;2&#8243; single_border=&#8220;yes&#8220; no_double_tap=&#8220;yes&#8220; [&hellip;]","og_url":"https:\/\/royalpack.com.pl\/opakowania-dla-e-commerce\/","og_site_name":"Royalpack","article_modified_time":"2024-05-20T04:33:01+00:00","twitter_card":"summary_large_image","twitter_misc":{"Gesch\u00e4tzte Lesezeit":"8\u00a0Minuten"},"schema":{"@context":"https:\/\/schema.org","@graph":[{"@type":"WebPage","@id":"https:\/\/royalpack.com.pl\/opakowania-dla-e-commerce\/","url":"https:\/\/royalpack.com.pl\/opakowania-dla-e-commerce\/","name":"E-COMMERCE - Royalpack","isPartOf":{"@id":"https:\/\/royalpack.com.pl\/#website"},"datePublished":"2024-05-19T20:50:14+00:00","dateModified":"2024-05-20T04:33:01+00:00","breadcrumb":{"@id":"https:\/\/royalpack.com.pl\/opakowania-dla-e-commerce\/#breadcrumb"},"inLanguage":"de","potentialAction":[{"@type":"ReadAction","target":["https:\/\/royalpack.com.pl\/opakowania-dla-e-commerce\/"]}]},{"@type":"BreadcrumbList","@id":"https:\/\/royalpack.com.pl\/opakowania-dla-e-commerce\/#breadcrumb","itemListElement":[{"@type":"ListItem","position":1,"name":"Strona g\u0142\u00f3wna","item":"https:\/\/royalpack.com.pl\/de\/"},{"@type":"ListItem","position":2,"name":"E-COMMERCE"}]},{"@type":"WebSite","@id":"https:\/\/royalpack.com.pl\/#website","url":"https:\/\/royalpack.com.pl\/","name":"Royalpack","description":"","potentialAction":[{"@type":"SearchAction","target":{"@type":"EntryPoint","urlTemplate":"https:\/\/royalpack.com.pl\/?s={search_term_string}"},"query-input":{"@type":"PropertyValueSpecification","valueRequired":true,"valueName":"search_term_string"}}],"inLanguage":"de"}]}},"_links":{"self":[{"href":"https:\/\/royalpack.com.pl\/de\/wp-json\/wp\/v2\/pages\/490","targetHints":{"allow":["GET"]}}],"collection":[{"href":"https:\/\/royalpack.com.pl\/de\/wp-json\/wp\/v2\/pages"}],"about":[{"href":"https:\/\/royalpack.com.pl\/de\/wp-json\/wp\/v2\/types\/page"}],"author":[{"embeddable":true,"href":"https:\/\/royalpack.com.pl\/de\/wp-json\/wp\/v2\/users\/1"}],"replies":[{"embeddable":true,"href":"https:\/\/royalpack.com.pl\/de\/wp-json\/wp\/v2\/comments?post=490"}],"version-history":[{"count":2,"href":"https:\/\/royalpack.com.pl\/de\/wp-json\/wp\/v2\/pages\/490\/revisions"}],"predecessor-version":[{"id":826,"href":"https:\/\/royalpack.com.pl\/de\/wp-json\/wp\/v2\/pages\/490\/revisions\/826"}],"wp:attachment":[{"href":"https:\/\/royalpack.com.pl\/de\/wp-json\/wp\/v2\/media?parent=490"}],"curies":[{"name":"wp","href":"https:\/\/api.w.org\/{rel}","templated":true}]}}