{"id":532,"date":"2024-05-19T23:03:15","date_gmt":"2024-05-19T21:03:15","guid":{"rendered":"https:\/\/royalpack.com.pl\/?page_id=532"},"modified":"2024-05-19T23:04:54","modified_gmt":"2024-05-19T21:04:54","slug":"verpackungen-mit-barriereschutz","status":"publish","type":"page","link":"https:\/\/royalpack.com.pl\/de\/verpackungen-mit-barriereschutz\/","title":{"rendered":"VERPACKUNGEN MIT BARRIERESCHUTZ"},"content":{"rendered":"<div class=\"wpb-content-wrapper\"><p>[vc_row][vc_column width=&#8220;1\/2&#8243;][vc_gallery el_id=&#8220;gallery-188707&#8243; type=&#8220;carousel&#8220; medias=&#8220;525,522&#8243; carousel_lg=&#8220;1&#8243; carousel_md=&#8220;1&#8243; carousel_sm=&#8220;1&#8243; thumb_size=&#8220;one-one&#8220; gutter_size=&#8220;3&#8243; carousel_interval=&#8220;5000&#8243; carousel_navspeed=&#8220;400&#8243; carousel_nav=&#8220;yes&#8220; carousel_nav_mobile=&#8220;yes&#8220; stage_padding=&#8220;0&#8243; single_overlay_opacity=&#8220;50&#8243; single_overlay_anim=&#8220;no&#8220; single_padding=&#8220;2&#8243; single_border=&#8220;yes&#8220; no_double_tap=&#8220;yes&#8220; uncode_shortcode_id=&#8220;844282&#8243;][\/vc_column][vc_column column_width_percent=&#8220;85&#8243; position_horizontal=&#8220;right&#8220; position_vertical=&#8220;middle&#8220; gutter_size=&#8220;3&#8243; overlay_alpha=&#8220;50&#8243; shift_x=&#8220;0&#8243; shift_y=&#8220;0&#8243; shift_y_down=&#8220;0&#8243; z_index=&#8220;0&#8243; medium_width=&#8220;0&#8243; mobile_width=&#8220;0&#8243; width=&#8220;1\/2&#8243; uncode_shortcode_id=&#8220;123784&#8243;][vc_custom_heading text_size=&#8220;h1&#8243; text_weight=&#8220;400&#8243; uncode_shortcode_id=&#8220;103496&#8243;]<span lang=\"de-AT\">VERPACKUNGEN MIT BARRIERESCHUTZ<\/span>[\/vc_custom_heading][vc_custom_heading text_size=&#8220;h6&#8243; text_weight=&#8220;400&#8243; uncode_shortcode_id=&#8220;188710&#8243;]<span lang=\"de-AT\">Verpackungen mit Barriereschutz sind eine unserer wichtigsten Spezialisierungen. Wir bieten L\u00f6sungen an, die es Ihnen erm\u00f6glichen, Produkte zu verpacken, die eine feuchtigkeits-, fett- oder abriebbest\u00e4ndige Oberfl\u00e4che ben\u00f6tigen. Wir bieten ein spezifisches Niveau an Barriereschutz, das auf den Produktanforderungen basiert und sowohl Spezialpapier als auch eine harte Barriere &#8211; PE- und PET-Folie &#8211; verwendet. Alle unsere L\u00f6sungen sind f\u00fcr den direkten Kontakt mit trockenen, feuchten und fettigen Lebensmitteln zertifiziert.<\/span>[\/vc_custom_heading][vc_custom_heading text_size=&#8220;h6&#8243; text_weight=&#8220;400&#8243; uncode_shortcode_id=&#8220;168216&#8243;]<span lang=\"de-AT\">Der typische Einsatz dieser Produktkategorie ist vor allem in der Lebensmittelindustrie zu finden, z. B. bei Fleisch, Fisch, K\u00e4se oder Keksen. Dar\u00fcber hinaus sind abriebfeste Barrieren in der Elektronik- und Kosmetikindustrie beliebt.<\/span>[\/vc_custom_heading][\/vc_column][\/vc_row][vc_row row_height_percent=&#8220;0&#8243; overlay_alpha=&#8220;50&#8243; equal_height=&#8220;yes&#8220; gutter_size=&#8220;3&#8243; column_width_percent=&#8220;100&#8243; shift_y=&#8220;0&#8243; z_index=&#8220;0&#8243; uncode_shortcode_id=&#8220;370288&#8243;][vc_column column_width_percent=&#8220;100&#8243; gutter_size=&#8220;0&#8243; override_padding=&#8220;yes&#8220; column_padding=&#8220;0&#8243; back_color=&#8220;color-210407&#8243; overlay_alpha=&#8220;50&#8243; shift_x=&#8220;0&#8243; shift_y=&#8220;0&#8243; shift_y_down=&#8220;0&#8243; z_index=&#8220;0&#8243; medium_width=&#8220;0&#8243; mobile_width=&#8220;0&#8243; width=&#8220;1\/3&#8243; uncode_shortcode_id=&#8220;163983&#8243; back_color_type=&#8220;uncode-palette&#8220;][vc_single_image media=&#8220;120221&#8243; media_width_percent=&#8220;100&#8243; advanced=&#8220;yes&#8220; media_overlay_opacity=&#8220;50&#8243; media_overlay_anim=&#8220;no&#8220; media_padding=&#8220;2&#8243; no_double_tap=&#8220;yes&#8220; uncode_shortcode_id=&#8220;474559&#8243; media_link=&#8220;url:http%3A%2F%2Ftest22048.futurehost.pl%2Fde%2Fstandardverpackungen%2F&#8220;][vc_row_inner][vc_column_inner column_width_percent=&#8220;100&#8243; position_vertical=&#8220;middle&#8220; align_horizontal=&#8220;align_center&#8220; gutter_size=&#8220;3&#8243; override_padding=&#8220;yes&#8220; column_padding=&#8220;2&#8243; overlay_alpha=&#8220;50&#8243; shift_x=&#8220;0&#8243; shift_y=&#8220;0&#8243; shift_y_down=&#8220;0&#8243; z_index=&#8220;0&#8243; medium_width=&#8220;0&#8243; mobile_width=&#8220;0&#8243; width=&#8220;1\/1&#8243; uncode_shortcode_id=&#8220;114673&#8243;][vc_button button_color=&#8220;color-xsdn&#8220; size=&#8220;btn-link&#8220; button_color_type=&#8220;uncode-palette&#8220; uncode_shortcode_id=&#8220;594604&#8243; link=&#8220;url:http%3A%2F%2Ftest22048.futurehost.pl%2Fde%2Fstandardverpackungen%2F&#8220;]STANDARDVERPACKUNGEN[\/vc_button][\/vc_column_inner][\/vc_row_inner][\/vc_column][vc_column column_width_percent=&#8220;100&#8243; gutter_size=&#8220;0&#8243; override_padding=&#8220;yes&#8220; column_padding=&#8220;0&#8243; back_color=&#8220;color-210407&#8243; overlay_alpha=&#8220;50&#8243; shift_x=&#8220;0&#8243; shift_y=&#8220;0&#8243; shift_y_down=&#8220;0&#8243; z_index=&#8220;0&#8243; medium_width=&#8220;0&#8243; mobile_width=&#8220;0&#8243; width=&#8220;1\/3&#8243; uncode_shortcode_id=&#8220;569411&#8243; back_color_type=&#8220;uncode-palette&#8220;][vc_single_image media=&#8220;120278&#8243; media_width_percent=&#8220;100&#8243; advanced=&#8220;yes&#8220; media_overlay_opacity=&#8220;50&#8243; media_overlay_anim=&#8220;no&#8220; media_padding=&#8220;2&#8243; no_double_tap=&#8220;yes&#8220; uncode_shortcode_id=&#8220;382114&#8243; media_link=&#8220;url:http%3A%2F%2Ftest22048.futurehost.pl%2Fde%2Fverpackungen-fuer-den-einzelhandel%2F&#8220;][vc_row_inner][vc_column_inner column_width_percent=&#8220;100&#8243; position_vertical=&#8220;middle&#8220; align_horizontal=&#8220;align_center&#8220; gutter_size=&#8220;3&#8243; override_padding=&#8220;yes&#8220; column_padding=&#8220;2&#8243; overlay_alpha=&#8220;50&#8243; shift_x=&#8220;0&#8243; shift_y=&#8220;0&#8243; shift_y_down=&#8220;0&#8243; z_index=&#8220;0&#8243; medium_width=&#8220;0&#8243; mobile_width=&#8220;0&#8243; width=&#8220;1\/1&#8243; uncode_shortcode_id=&#8220;121602&#8243;][vc_button button_color=&#8220;color-xsdn&#8220; size=&#8220;btn-link&#8220; button_color_type=&#8220;uncode-palette&#8220; uncode_shortcode_id=&#8220;218869&#8243; link=&#8220;url:http%3A%2F%2Ftest22048.futurehost.pl%2Fde%2Fverpackungen-fuer-den-einzelhandel%2F&#8220;]OVERPACKUNGEN F\u00dcR DEN EINZELHANDEL[\/vc_button][\/vc_column_inner][\/vc_row_inner][\/vc_column][vc_column column_width_percent=&#8220;100&#8243; gutter_size=&#8220;0&#8243; override_padding=&#8220;yes&#8220; column_padding=&#8220;0&#8243; back_color=&#8220;color-210407&#8243; overlay_alpha=&#8220;50&#8243; shift_x=&#8220;0&#8243; shift_y=&#8220;0&#8243; shift_y_down=&#8220;0&#8243; z_index=&#8220;0&#8243; medium_width=&#8220;0&#8243; mobile_width=&#8220;0&#8243; width=&#8220;1\/3&#8243; uncode_shortcode_id=&#8220;206397&#8243; back_color_type=&#8220;uncode-palette&#8220;][vc_single_image media=&#8220;120223&#8243; media_width_percent=&#8220;100&#8243; advanced=&#8220;yes&#8220; media_overlay_opacity=&#8220;50&#8243; media_overlay_anim=&#8220;no&#8220; media_padding=&#8220;2&#8243; no_double_tap=&#8220;yes&#8220; uncode_shortcode_id=&#8220;131911&#8243; media_link=&#8220;url:http%3A%2F%2Ftest22048.futurehost.pl%2Fde%2Fthekenaufsteller-oder-pultdisplay%2F&#8220;][vc_row_inner][vc_column_inner column_width_percent=&#8220;100&#8243; position_vertical=&#8220;middle&#8220; align_horizontal=&#8220;align_center&#8220; gutter_size=&#8220;3&#8243; override_padding=&#8220;yes&#8220; column_padding=&#8220;2&#8243; overlay_alpha=&#8220;50&#8243; shift_x=&#8220;0&#8243; shift_y=&#8220;0&#8243; shift_y_down=&#8220;0&#8243; z_index=&#8220;0&#8243; medium_width=&#8220;0&#8243; mobile_width=&#8220;0&#8243; width=&#8220;1\/1&#8243; uncode_shortcode_id=&#8220;121602&#8243;][vc_button button_color=&#8220;color-xsdn&#8220; size=&#8220;btn-link&#8220; button_color_type=&#8220;uncode-palette&#8220; uncode_shortcode_id=&#8220;311899&#8243; link=&#8220;url:http%3A%2F%2Ftest22048.futurehost.pl%2Fde%2Fthekenaufsteller-oder-pultdisplay%2F&#8220;]THEKENAUFSTELLER[\/vc_button][\/vc_column_inner][\/vc_row_inner][\/vc_column][\/vc_row][vc_row row_height_percent=&#8220;0&#8243; override_padding=&#8220;yes&#8220; h_padding=&#8220;2&#8243; top_padding=&#8220;0&#8243; bottom_padding=&#8220;2&#8243; overlay_alpha=&#8220;50&#8243; equal_height=&#8220;yes&#8220; gutter_size=&#8220;3&#8243; column_width_percent=&#8220;100&#8243; shift_y=&#8220;0&#8243; z_index=&#8220;0&#8243; uncode_shortcode_id=&#8220;930694&#8243;][vc_column column_width_percent=&#8220;100&#8243; gutter_size=&#8220;0&#8243; override_padding=&#8220;yes&#8220; column_padding=&#8220;0&#8243; back_color=&#8220;color-210407&#8243; overlay_alpha=&#8220;50&#8243; shift_x=&#8220;0&#8243; shift_y=&#8220;0&#8243; shift_y_down=&#8220;0&#8243; z_index=&#8220;0&#8243; medium_width=&#8220;0&#8243; mobile_width=&#8220;0&#8243; width=&#8220;1\/3&#8243; uncode_shortcode_id=&#8220;163983&#8243; back_color_type=&#8220;uncode-palette&#8220;][vc_single_image media=&#8220;120224&#8243; media_width_percent=&#8220;100&#8243; advanced=&#8220;yes&#8220; media_overlay_opacity=&#8220;50&#8243; media_overlay_anim=&#8220;no&#8220; media_padding=&#8220;2&#8243; no_double_tap=&#8220;yes&#8220; uncode_shortcode_id=&#8220;310548&#8243; media_link=&#8220;url:http%3A%2F%2Ftest22048.futurehost.pl%2Fde%2Fe-commerce%2F&#8220;][vc_row_inner][vc_column_inner column_width_percent=&#8220;100&#8243; position_vertical=&#8220;middle&#8220; align_horizontal=&#8220;align_center&#8220; gutter_size=&#8220;3&#8243; override_padding=&#8220;yes&#8220; column_padding=&#8220;2&#8243; overlay_alpha=&#8220;50&#8243; shift_x=&#8220;0&#8243; shift_y=&#8220;0&#8243; shift_y_down=&#8220;0&#8243; z_index=&#8220;0&#8243; medium_width=&#8220;0&#8243; mobile_width=&#8220;0&#8243; width=&#8220;1\/1&#8243; uncode_shortcode_id=&#8220;114673&#8243;][vc_button button_color=&#8220;color-xsdn&#8220; size=&#8220;btn-link&#8220; button_color_type=&#8220;uncode-palette&#8220; uncode_shortcode_id=&#8220;315760&#8243; link=&#8220;url:http%3A%2F%2Ftest22048.futurehost.pl%2Fde%2Fe-commerce%2F&#8220;]E-COMMERCE[\/vc_button][\/vc_column_inner][\/vc_row_inner][\/vc_column][vc_column column_width_percent=&#8220;100&#8243; gutter_size=&#8220;0&#8243; override_padding=&#8220;yes&#8220; column_padding=&#8220;0&#8243; back_color=&#8220;color-210407&#8243; overlay_alpha=&#8220;50&#8243; shift_x=&#8220;0&#8243; shift_y=&#8220;0&#8243; shift_y_down=&#8220;0&#8243; z_index=&#8220;0&#8243; medium_width=&#8220;0&#8243; mobile_width=&#8220;0&#8243; width=&#8220;1\/3&#8243; uncode_shortcode_id=&#8220;569411&#8243; back_color_type=&#8220;uncode-palette&#8220;][vc_single_image media=&#8220;120225&#8243; media_width_percent=&#8220;100&#8243; advanced=&#8220;yes&#8220; media_overlay_opacity=&#8220;50&#8243; media_overlay_anim=&#8220;no&#8220; media_padding=&#8220;2&#8243; no_double_tap=&#8220;yes&#8220; uncode_shortcode_id=&#8220;395463&#8243; media_link=&#8220;url:http%3A%2F%2Ftest22048.futurehost.pl%2Fde%2Fkundenorientierte-loesungen%2F&#8220;][vc_row_inner][vc_column_inner column_width_percent=&#8220;100&#8243; position_vertical=&#8220;middle&#8220; align_horizontal=&#8220;align_center&#8220; gutter_size=&#8220;3&#8243; override_padding=&#8220;yes&#8220; column_padding=&#8220;2&#8243; overlay_alpha=&#8220;50&#8243; shift_x=&#8220;0&#8243; shift_y=&#8220;0&#8243; shift_y_down=&#8220;0&#8243; z_index=&#8220;0&#8243; medium_width=&#8220;0&#8243; mobile_width=&#8220;0&#8243; width=&#8220;1\/1&#8243; uncode_shortcode_id=&#8220;121602&#8243;][vc_button button_color=&#8220;color-xsdn&#8220; size=&#8220;btn-link&#8220; button_color_type=&#8220;uncode-palette&#8220; uncode_shortcode_id=&#8220;178517&#8243; link=&#8220;url:http%3A%2F%2Ftest22048.futurehost.pl%2Fde%2Fkundenorientierte-loesungen%2F&#8220;]KUNDENORIENTIERTE L\u00d6SUNGEN[\/vc_button][\/vc_column_inner][\/vc_row_inner][\/vc_column][vc_column column_width_percent=&#8220;100&#8243; gutter_size=&#8220;0&#8243; override_padding=&#8220;yes&#8220; column_padding=&#8220;0&#8243; back_color=&#8220;color-210407&#8243; overlay_alpha=&#8220;50&#8243; shift_x=&#8220;0&#8243; shift_y=&#8220;0&#8243; shift_y_down=&#8220;0&#8243; z_index=&#8220;0&#8243; medium_width=&#8220;0&#8243; mobile_width=&#8220;0&#8243; width=&#8220;1\/3&#8243; uncode_shortcode_id=&#8220;206397&#8243; back_color_type=&#8220;uncode-palette&#8220;][vc_single_image media=&#8220;120227&#8243; media_width_percent=&#8220;100&#8243; advanced=&#8220;yes&#8220; media_overlay_opacity=&#8220;50&#8243; media_overlay_anim=&#8220;no&#8220; media_padding=&#8220;2&#8243; no_double_tap=&#8220;yes&#8220; uncode_shortcode_id=&#8220;507709&#8243; media_link=&#8220;url:http%3A%2F%2Ftest22048.futurehost.pl%2Fde%2Foekologische-verpackungsloesungen%2F&#8220;][vc_row_inner][vc_column_inner column_width_percent=&#8220;100&#8243; position_vertical=&#8220;middle&#8220; align_horizontal=&#8220;align_center&#8220; gutter_size=&#8220;3&#8243; override_padding=&#8220;yes&#8220; column_padding=&#8220;2&#8243; overlay_alpha=&#8220;50&#8243; shift_x=&#8220;0&#8243; shift_y=&#8220;0&#8243; shift_y_down=&#8220;0&#8243; z_index=&#8220;0&#8243; medium_width=&#8220;0&#8243; mobile_width=&#8220;0&#8243; width=&#8220;1\/1&#8243; uncode_shortcode_id=&#8220;114673&#8243;][vc_button button_color=&#8220;color-xsdn&#8220; size=&#8220;btn-link&#8220; button_color_type=&#8220;uncode-palette&#8220; uncode_shortcode_id=&#8220;201256&#8243; link=&#8220;url:http%3A%2F%2Ftest22048.futurehost.pl%2Fde%2Foekologische-verpackungsloesungen%2F&#8220;]\u00d6KOLOGISCHE VERPACKUNGSL\u00d6SUNGEN[\/vc_button][\/vc_column_inner][\/vc_row_inner][\/vc_column][\/vc_row][vc_row row_height_percent=&#8220;0&#8243; override_padding=&#8220;yes&#8220; h_padding=&#8220;2&#8243; top_padding=&#8220;0&#8243; bottom_padding=&#8220;4&#8243; overlay_alpha=&#8220;50&#8243; equal_height=&#8220;yes&#8220; gutter_size=&#8220;3&#8243; column_width_percent=&#8220;100&#8243; shift_y=&#8220;0&#8243; z_index=&#8220;0&#8243; uncode_shortcode_id=&#8220;193207&#8243;][vc_column column_width_percent=&#8220;100&#8243; gutter_size=&#8220;0&#8243; override_padding=&#8220;yes&#8220; column_padding=&#8220;0&#8243; back_color=&#8220;color-210407&#8243; overlay_alpha=&#8220;50&#8243; shift_x=&#8220;0&#8243; shift_y=&#8220;0&#8243; shift_y_down=&#8220;0&#8243; z_index=&#8220;0&#8243; medium_width=&#8220;0&#8243; mobile_width=&#8220;0&#8243; width=&#8220;1\/3&#8243; uncode_shortcode_id=&#8220;569411&#8243; back_color_type=&#8220;uncode-palette&#8220;][vc_single_image media=&#8220;120228&#8243; media_width_percent=&#8220;100&#8243; advanced=&#8220;yes&#8220; media_overlay_opacity=&#8220;50&#8243; media_overlay_anim=&#8220;no&#8220; media_padding=&#8220;2&#8243; no_double_tap=&#8220;yes&#8220; uncode_shortcode_id=&#8220;104397&#8243; media_link=&#8220;url:http%3A%2F%2Ftest22048.futurehost.pl%2Fde%2Fverkaufsstaende-bodendisplay-pos%2F&#8220;][vc_row_inner][vc_column_inner column_width_percent=&#8220;100&#8243; position_vertical=&#8220;middle&#8220; align_horizontal=&#8220;align_center&#8220; gutter_size=&#8220;3&#8243; override_padding=&#8220;yes&#8220; column_padding=&#8220;2&#8243; overlay_alpha=&#8220;50&#8243; shift_x=&#8220;0&#8243; shift_y=&#8220;0&#8243; shift_y_down=&#8220;0&#8243; z_index=&#8220;0&#8243; medium_width=&#8220;0&#8243; mobile_width=&#8220;0&#8243; width=&#8220;1\/1&#8243; uncode_shortcode_id=&#8220;121602&#8243;][vc_button button_color=&#8220;color-xsdn&#8220; size=&#8220;btn-link&#8220; button_color_type=&#8220;uncode-palette&#8220; uncode_shortcode_id=&#8220;810498&#8243; link=&#8220;url:http%3A%2F%2Ftest22048.futurehost.pl%2Fde%2Fverkaufsstaende-bodendisplay-pos%2F&#8220;]VERKAUFSST\u00c4NDE BODENDISPLAY (POS)[\/vc_button][\/vc_column_inner][\/vc_row_inner][\/vc_column][vc_column column_width_percent=&#8220;100&#8243; gutter_size=&#8220;0&#8243; override_padding=&#8220;yes&#8220; column_padding=&#8220;0&#8243; overlay_alpha=&#8220;50&#8243; shift_x=&#8220;0&#8243; shift_y=&#8220;0&#8243; shift_y_down=&#8220;0&#8243; z_index=&#8220;0&#8243; medium_width=&#8220;0&#8243; mobile_width=&#8220;0&#8243; width=&#8220;1\/3&#8243; uncode_shortcode_id=&#8220;120552&#8243;][\/vc_column][vc_column column_width_percent=&#8220;100&#8243; gutter_size=&#8220;0&#8243; override_padding=&#8220;yes&#8220; column_padding=&#8220;0&#8243; overlay_alpha=&#8220;50&#8243; shift_x=&#8220;0&#8243; shift_y=&#8220;0&#8243; shift_y_down=&#8220;0&#8243; z_index=&#8220;0&#8243; medium_width=&#8220;0&#8243; mobile_width=&#8220;0&#8243; width=&#8220;1\/3&#8243; uncode_shortcode_id=&#8220;193694&#8243;][\/vc_column][\/vc_row]<\/p>\n<\/div>","protected":false},"excerpt":{"rendered":"<p>[vc_row][vc_column width=&#8220;1\/2&#8243;][vc_gallery el_id=&#8220;gallery-188707&#8243; type=&#8220;carousel&#8220; medias=&#8220;525,522&#8243; carousel_lg=&#8220;1&#8243; carousel_md=&#8220;1&#8243; carousel_sm=&#8220;1&#8243; thumb_size=&#8220;one-one&#8220; gutter_size=&#8220;3&#8243; carousel_interval=&#8220;5000&#8243; carousel_navspeed=&#8220;400&#8243; carousel_nav=&#8220;yes&#8220; carousel_nav_mobile=&#8220;yes&#8220; stage_padding=&#8220;0&#8243; single_overlay_opacity=&#8220;50&#8243; single_overlay_anim=&#8220;no&#8220; single_padding=&#8220;2&#8243; single_border=&#8220;yes&#8220; no_double_tap=&#8220;yes&#8220; [&hellip;]<\/p>\n","protected":false},"author":1,"featured_media":0,"parent":0,"menu_order":0,"comment_status":"closed","ping_status":"closed","template":"","meta":{"_monsterinsights_skip_tracking":false,"_monsterinsights_sitenote_active":false,"_monsterinsights_sitenote_note":"","_monsterinsights_sitenote_category":0,"footnotes":""},"class_list":["post-532","page","type-page","status-publish","hentry"],"yoast_head":"<!-- This site is optimized with the Yoast SEO plugin v25.1 - https:\/\/yoast.com\/wordpress\/plugins\/seo\/ -->\n<title>VERPACKUNGEN MIT BARRIERESCHUTZ - Royalpack<\/title>\n<meta name=\"robots\" content=\"index, follow, max-snippet:-1, max-image-preview:large, max-video-preview:-1\" \/>\n<link rel=\"canonical\" href=\"https:\/\/royalpack.com.pl\/opakowania-barierowe\/\" \/>\n<meta property=\"og:locale\" content=\"de_DE\" \/>\n<meta property=\"og:type\" content=\"article\" \/>\n<meta property=\"og:title\" content=\"VERPACKUNGEN MIT BARRIERESCHUTZ - Royalpack\" \/>\n<meta property=\"og:description\" content=\"[vc_row][vc_column width=&#8220;1\/2&#8243;][vc_gallery el_id=&#8220;gallery-188707&#8243; type=&#8220;carousel&#8220; medias=&#8220;525,522&#8243; carousel_lg=&#8220;1&#8243; carousel_md=&#8220;1&#8243; carousel_sm=&#8220;1&#8243; thumb_size=&#8220;one-one&#8220; gutter_size=&#8220;3&#8243; carousel_interval=&#8220;5000&#8243; carousel_navspeed=&#8220;400&#8243; carousel_nav=&#8220;yes&#8220; carousel_nav_mobile=&#8220;yes&#8220; stage_padding=&#8220;0&#8243; single_overlay_opacity=&#8220;50&#8243; single_overlay_anim=&#8220;no&#8220; single_padding=&#8220;2&#8243; single_border=&#8220;yes&#8220; no_double_tap=&#8220;yes&#8220; [&hellip;]\" \/>\n<meta property=\"og:url\" content=\"https:\/\/royalpack.com.pl\/opakowania-barierowe\/\" \/>\n<meta property=\"og:site_name\" content=\"Royalpack\" \/>\n<meta property=\"article:modified_time\" content=\"2024-05-19T21:04:54+00:00\" \/>\n<meta name=\"twitter:card\" content=\"summary_large_image\" \/>\n<meta name=\"twitter:label1\" content=\"Gesch\u00e4tzte Lesezeit\" \/>\n\t<meta name=\"twitter:data1\" content=\"7\u00a0Minuten\" \/>\n<script type=\"application\/ld+json\" class=\"yoast-schema-graph\">{\"@context\":\"https:\/\/schema.org\",\"@graph\":[{\"@type\":\"WebPage\",\"@id\":\"https:\/\/royalpack.com.pl\/opakowania-barierowe\/\",\"url\":\"https:\/\/royalpack.com.pl\/opakowania-barierowe\/\",\"name\":\"VERPACKUNGEN MIT BARRIERESCHUTZ - Royalpack\",\"isPartOf\":{\"@id\":\"https:\/\/royalpack.com.pl\/#website\"},\"datePublished\":\"2024-05-19T21:03:15+00:00\",\"dateModified\":\"2024-05-19T21:04:54+00:00\",\"breadcrumb\":{\"@id\":\"https:\/\/royalpack.com.pl\/opakowania-barierowe\/#breadcrumb\"},\"inLanguage\":\"de\",\"potentialAction\":[{\"@type\":\"ReadAction\",\"target\":[\"https:\/\/royalpack.com.pl\/opakowania-barierowe\/\"]}]},{\"@type\":\"BreadcrumbList\",\"@id\":\"https:\/\/royalpack.com.pl\/opakowania-barierowe\/#breadcrumb\",\"itemListElement\":[{\"@type\":\"ListItem\",\"position\":1,\"name\":\"Strona g\u0142\u00f3wna\",\"item\":\"https:\/\/royalpack.com.pl\/de\/\"},{\"@type\":\"ListItem\",\"position\":2,\"name\":\"VERPACKUNGEN MIT BARRIERESCHUTZ\"}]},{\"@type\":\"WebSite\",\"@id\":\"https:\/\/royalpack.com.pl\/#website\",\"url\":\"https:\/\/royalpack.com.pl\/\",\"name\":\"Royalpack\",\"description\":\"\",\"potentialAction\":[{\"@type\":\"SearchAction\",\"target\":{\"@type\":\"EntryPoint\",\"urlTemplate\":\"https:\/\/royalpack.com.pl\/?s={search_term_string}\"},\"query-input\":{\"@type\":\"PropertyValueSpecification\",\"valueRequired\":true,\"valueName\":\"search_term_string\"}}],\"inLanguage\":\"de\"}]}<\/script>\n<!-- \/ Yoast SEO plugin. -->","yoast_head_json":{"title":"VERPACKUNGEN MIT BARRIERESCHUTZ - Royalpack","robots":{"index":"index","follow":"follow","max-snippet":"max-snippet:-1","max-image-preview":"max-image-preview:large","max-video-preview":"max-video-preview:-1"},"canonical":"https:\/\/royalpack.com.pl\/opakowania-barierowe\/","og_locale":"de_DE","og_type":"article","og_title":"VERPACKUNGEN MIT BARRIERESCHUTZ - Royalpack","og_description":"[vc_row][vc_column width=&#8220;1\/2&#8243;][vc_gallery el_id=&#8220;gallery-188707&#8243; type=&#8220;carousel&#8220; medias=&#8220;525,522&#8243; carousel_lg=&#8220;1&#8243; carousel_md=&#8220;1&#8243; carousel_sm=&#8220;1&#8243; thumb_size=&#8220;one-one&#8220; gutter_size=&#8220;3&#8243; carousel_interval=&#8220;5000&#8243; carousel_navspeed=&#8220;400&#8243; carousel_nav=&#8220;yes&#8220; carousel_nav_mobile=&#8220;yes&#8220; stage_padding=&#8220;0&#8243; single_overlay_opacity=&#8220;50&#8243; single_overlay_anim=&#8220;no&#8220; single_padding=&#8220;2&#8243; single_border=&#8220;yes&#8220; no_double_tap=&#8220;yes&#8220; [&hellip;]","og_url":"https:\/\/royalpack.com.pl\/opakowania-barierowe\/","og_site_name":"Royalpack","article_modified_time":"2024-05-19T21:04:54+00:00","twitter_card":"summary_large_image","twitter_misc":{"Gesch\u00e4tzte Lesezeit":"7\u00a0Minuten"},"schema":{"@context":"https:\/\/schema.org","@graph":[{"@type":"WebPage","@id":"https:\/\/royalpack.com.pl\/opakowania-barierowe\/","url":"https:\/\/royalpack.com.pl\/opakowania-barierowe\/","name":"VERPACKUNGEN MIT BARRIERESCHUTZ - Royalpack","isPartOf":{"@id":"https:\/\/royalpack.com.pl\/#website"},"datePublished":"2024-05-19T21:03:15+00:00","dateModified":"2024-05-19T21:04:54+00:00","breadcrumb":{"@id":"https:\/\/royalpack.com.pl\/opakowania-barierowe\/#breadcrumb"},"inLanguage":"de","potentialAction":[{"@type":"ReadAction","target":["https:\/\/royalpack.com.pl\/opakowania-barierowe\/"]}]},{"@type":"BreadcrumbList","@id":"https:\/\/royalpack.com.pl\/opakowania-barierowe\/#breadcrumb","itemListElement":[{"@type":"ListItem","position":1,"name":"Strona g\u0142\u00f3wna","item":"https:\/\/royalpack.com.pl\/de\/"},{"@type":"ListItem","position":2,"name":"VERPACKUNGEN MIT BARRIERESCHUTZ"}]},{"@type":"WebSite","@id":"https:\/\/royalpack.com.pl\/#website","url":"https:\/\/royalpack.com.pl\/","name":"Royalpack","description":"","potentialAction":[{"@type":"SearchAction","target":{"@type":"EntryPoint","urlTemplate":"https:\/\/royalpack.com.pl\/?s={search_term_string}"},"query-input":{"@type":"PropertyValueSpecification","valueRequired":true,"valueName":"search_term_string"}}],"inLanguage":"de"}]}},"_links":{"self":[{"href":"https:\/\/royalpack.com.pl\/de\/wp-json\/wp\/v2\/pages\/532","targetHints":{"allow":["GET"]}}],"collection":[{"href":"https:\/\/royalpack.com.pl\/de\/wp-json\/wp\/v2\/pages"}],"about":[{"href":"https:\/\/royalpack.com.pl\/de\/wp-json\/wp\/v2\/types\/page"}],"author":[{"embeddable":true,"href":"https:\/\/royalpack.com.pl\/de\/wp-json\/wp\/v2\/users\/1"}],"replies":[{"embeddable":true,"href":"https:\/\/royalpack.com.pl\/de\/wp-json\/wp\/v2\/comments?post=532"}],"version-history":[{"count":1,"href":"https:\/\/royalpack.com.pl\/de\/wp-json\/wp\/v2\/pages\/532\/revisions"}],"predecessor-version":[{"id":533,"href":"https:\/\/royalpack.com.pl\/de\/wp-json\/wp\/v2\/pages\/532\/revisions\/533"}],"wp:attachment":[{"href":"https:\/\/royalpack.com.pl\/de\/wp-json\/wp\/v2\/media?parent=532"}],"curies":[{"name":"wp","href":"https:\/\/api.w.org\/{rel}","templated":true}]}}