{"id":639,"date":"2024-05-20T04:42:31","date_gmt":"2024-05-20T02:42:31","guid":{"rendered":"https:\/\/royalpack.com.pl\/?page_id=639"},"modified":"2024-05-20T06:47:11","modified_gmt":"2024-05-20T04:47:11","slug":"standardverpackungen-2","status":"publish","type":"page","link":"https:\/\/royalpack.com.pl\/de\/standardverpackungen-2\/","title":{"rendered":"STANDARDVERPACKUNGEN"},"content":{"rendered":"<div class=\"wpb-content-wrapper\"><p>[vc_row][vc_column width=&#8220;1\/2&#8243;][vc_gallery el_id=&#8220;gallery-188707&#8243; type=&#8220;carousel&#8220; medias=&#8220;629,635,632&#8243; carousel_lg=&#8220;1&#8243; carousel_md=&#8220;1&#8243; carousel_sm=&#8220;1&#8243; thumb_size=&#8220;one-one&#8220; gutter_size=&#8220;3&#8243; carousel_interval=&#8220;5000&#8243; carousel_navspeed=&#8220;400&#8243; carousel_nav=&#8220;yes&#8220; carousel_nav_mobile=&#8220;yes&#8220; stage_padding=&#8220;0&#8243; single_overlay_opacity=&#8220;50&#8243; single_overlay_anim=&#8220;no&#8220; single_padding=&#8220;2&#8243; single_border=&#8220;yes&#8220; no_double_tap=&#8220;yes&#8220; uncode_shortcode_id=&#8220;203881&#8243;][\/vc_column][vc_column column_width_percent=&#8220;85&#8243; position_horizontal=&#8220;right&#8220; position_vertical=&#8220;middle&#8220; gutter_size=&#8220;3&#8243; overlay_alpha=&#8220;50&#8243; shift_x=&#8220;0&#8243; shift_y=&#8220;0&#8243; shift_y_down=&#8220;0&#8243; z_index=&#8220;0&#8243; medium_width=&#8220;0&#8243; mobile_width=&#8220;0&#8243; width=&#8220;1\/2&#8243; uncode_shortcode_id=&#8220;123784&#8243;][vc_custom_heading text_size=&#8220;h1&#8243; text_weight=&#8220;400&#8243; uncode_shortcode_id=&#8220;989180&#8243;]<span lang=\"de-AT\">STANDARDVERPACKUNGEN<\/span>[\/vc_custom_heading][vc_custom_heading text_size=&#8220;h6&#8243; text_weight=&#8220;400&#8243; uncode_shortcode_id=&#8220;121110&#8243;]<span lang=\"de-AT\">Der ECMA-Katalog, der vom Europ\u00e4ischen Verband der Kartonhersteller erstellt wurde, ist eine systematisierte Sammlung von Standardverpackungsarten. Die einzelnen Typen des Katalogs haben ihre eigenen Codes. Diese Codes werden in der allt\u00e4glichen Kommunikation mit dem Kunden verwendet, um die Transparenz der Informationen zu gew\u00e4hrleisten und m\u00f6gliche Unklarheiten bez\u00fcglich bestimmter Typen zu beseitigen. Es ist erw\u00e4hnenswert, dass aufgrund der Materialeigenschaften nur einige Typen aus dem ECMA-Katalog f\u00fcr die Herstellung von Verpackungen aus Vollpappe verwendet werden k\u00f6nnen.<\/span>[\/vc_custom_heading][\/vc_column][\/vc_row][vc_row row_height_percent=&#8220;0&#8243; override_padding=&#8220;yes&#8220; h_padding=&#8220;2&#8243; top_padding=&#8220;2&#8243; bottom_padding=&#8220;4&#8243; overlay_alpha=&#8220;50&#8243; equal_height=&#8220;yes&#8220; gutter_size=&#8220;3&#8243; column_width_percent=&#8220;100&#8243; shift_y=&#8220;0&#8243; z_index=&#8220;0&#8243; uncode_shortcode_id=&#8220;457861&#8243;][vc_column column_width_percent=&#8220;100&#8243; gutter_size=&#8220;0&#8243; override_padding=&#8220;yes&#8220; column_padding=&#8220;0&#8243; back_color=&#8220;color-210407&#8243; overlay_alpha=&#8220;50&#8243; shift_x=&#8220;0&#8243; shift_y=&#8220;0&#8243; shift_y_down=&#8220;0&#8243; z_index=&#8220;0&#8243; medium_width=&#8220;0&#8243; mobile_width=&#8220;0&#8243; width=&#8220;1\/3&#8243; uncode_shortcode_id=&#8220;569411&#8243; back_color_type=&#8220;uncode-palette&#8220;][vc_single_image media=&#8220;409&#8243; media_width_percent=&#8220;100&#8243; advanced=&#8220;yes&#8220; media_overlay_opacity=&#8220;50&#8243; media_overlay_anim=&#8220;no&#8220; media_padding=&#8220;2&#8243; no_double_tap=&#8220;yes&#8220; uncode_shortcode_id=&#8220;537330&#8243; media_link=&#8220;url:https%3A%2F%2Froyalpack.com.pl%2Fde%2Fthekenaufsteller-2%2F|title:THEKENAUFSTELLER&#8220;][vc_row_inner][vc_column_inner column_width_percent=&#8220;100&#8243; position_vertical=&#8220;middle&#8220; align_horizontal=&#8220;align_center&#8220; gutter_size=&#8220;3&#8243; override_padding=&#8220;yes&#8220; column_padding=&#8220;2&#8243; overlay_alpha=&#8220;50&#8243; shift_x=&#8220;0&#8243; shift_y=&#8220;0&#8243; shift_y_down=&#8220;0&#8243; z_index=&#8220;0&#8243; medium_width=&#8220;0&#8243; mobile_width=&#8220;0&#8243; width=&#8220;1\/1&#8243; uncode_shortcode_id=&#8220;121602&#8243;][vc_button button_color=&#8220;color-xsdn&#8220; size=&#8220;btn-link&#8220; button_color_type=&#8220;uncode-palette&#8220; uncode_shortcode_id=&#8220;177581&#8243; link=&#8220;url:https%3A%2F%2Froyalpack.com.pl%2Fde%2Fthekenaufsteller-2%2F&#8220;]THEKENAUFSTELLER[\/vc_button][\/vc_column_inner][\/vc_row_inner][\/vc_column][vc_column column_width_percent=&#8220;100&#8243; gutter_size=&#8220;0&#8243; override_padding=&#8220;yes&#8220; column_padding=&#8220;0&#8243; back_color=&#8220;color-210407&#8243; overlay_alpha=&#8220;50&#8243; shift_x=&#8220;0&#8243; shift_y=&#8220;0&#8243; shift_y_down=&#8220;0&#8243; z_index=&#8220;0&#8243; medium_width=&#8220;0&#8243; mobile_width=&#8220;0&#8243; width=&#8220;1\/3&#8243; uncode_shortcode_id=&#8220;206397&#8243; back_color_type=&#8220;uncode-palette&#8220;][vc_single_image media=&#8220;412&#8243; media_width_percent=&#8220;100&#8243; advanced=&#8220;yes&#8220; media_overlay_opacity=&#8220;50&#8243; media_overlay_anim=&#8220;no&#8220; media_padding=&#8220;2&#8243; no_double_tap=&#8220;yes&#8220; uncode_shortcode_id=&#8220;182780&#8243; media_link=&#8220;url:https%3A%2F%2Froyalpack.com.pl%2Fde%2Fverpackungen-aus-barriere-karton%2F|title:VERPACKUNGEN%20AUS%20BARRIERE-Karton&#8220;][vc_row_inner][vc_column_inner column_width_percent=&#8220;100&#8243; position_vertical=&#8220;middle&#8220; align_horizontal=&#8220;align_center&#8220; gutter_size=&#8220;3&#8243; override_padding=&#8220;yes&#8220; column_padding=&#8220;2&#8243; overlay_alpha=&#8220;50&#8243; shift_x=&#8220;0&#8243; shift_y=&#8220;0&#8243; shift_y_down=&#8220;0&#8243; z_index=&#8220;0&#8243; medium_width=&#8220;0&#8243; mobile_width=&#8220;0&#8243; width=&#8220;1\/1&#8243; uncode_shortcode_id=&#8220;121602&#8243;][vc_button button_color=&#8220;color-xsdn&#8220; size=&#8220;btn-link&#8220; button_color_type=&#8220;uncode-palette&#8220; uncode_shortcode_id=&#8220;529917&#8243; link=&#8220;url:https%3A%2F%2Froyalpack.com.pl%2Fde%2Fverpackungen-aus-barriere-karton%2F&#8220;]VERPACKUNGEN AUS BARRIERE-Karton[\/vc_button][\/vc_column_inner][\/vc_row_inner][\/vc_column][vc_column column_width_percent=&#8220;100&#8243; gutter_size=&#8220;0&#8243; override_padding=&#8220;yes&#8220; column_padding=&#8220;0&#8243; back_color=&#8220;color-210407&#8243; overlay_alpha=&#8220;50&#8243; shift_x=&#8220;0&#8243; shift_y=&#8220;0&#8243; shift_y_down=&#8220;0&#8243; z_index=&#8220;0&#8243; medium_width=&#8220;0&#8243; mobile_width=&#8220;0&#8243; width=&#8220;1\/3&#8243; uncode_shortcode_id=&#8220;142598&#8243; back_color_type=&#8220;uncode-palette&#8220;][vc_single_image media=&#8220;415&#8243; media_width_percent=&#8220;100&#8243; advanced=&#8220;yes&#8220; media_overlay_opacity=&#8220;50&#8243; media_overlay_anim=&#8220;no&#8220; media_padding=&#8220;2&#8243; no_double_tap=&#8220;yes&#8220; uncode_shortcode_id=&#8220;187874&#8243; media_link=&#8220;url:https%3A%2F%2Froyalpack.com.pl%2Fde%2Fkundenorientierte-loesungen-2%2F|title:KUNDENORIENTIERTE%20L%C3%96SUNGEN&#8220;][vc_row_inner][vc_column_inner column_width_percent=&#8220;100&#8243; position_vertical=&#8220;middle&#8220; align_horizontal=&#8220;align_center&#8220; gutter_size=&#8220;3&#8243; override_padding=&#8220;yes&#8220; column_padding=&#8220;2&#8243; overlay_alpha=&#8220;50&#8243; shift_x=&#8220;0&#8243; shift_y=&#8220;0&#8243; shift_y_down=&#8220;0&#8243; z_index=&#8220;0&#8243; medium_width=&#8220;0&#8243; mobile_width=&#8220;0&#8243; width=&#8220;1\/1&#8243; uncode_shortcode_id=&#8220;121602&#8243;][vc_button button_color=&#8220;color-xsdn&#8220; size=&#8220;btn-link&#8220; button_color_type=&#8220;uncode-palette&#8220; uncode_shortcode_id=&#8220;200734&#8243; link=&#8220;url:https%3A%2F%2Froyalpack.com.pl%2Fde%2Fkundenorientierte-loesungen-2%2F&#8220;]KUNDENORIENTIERTE L\u00d6SUNGEN[\/vc_button][\/vc_column_inner][\/vc_row_inner][\/vc_column][\/vc_row]<\/p>\n<\/div>","protected":false},"excerpt":{"rendered":"<p>[vc_row][vc_column width=&#8220;1\/2&#8243;][vc_gallery el_id=&#8220;gallery-188707&#8243; type=&#8220;carousel&#8220; medias=&#8220;629,635,632&#8243; carousel_lg=&#8220;1&#8243; carousel_md=&#8220;1&#8243; carousel_sm=&#8220;1&#8243; thumb_size=&#8220;one-one&#8220; gutter_size=&#8220;3&#8243; carousel_interval=&#8220;5000&#8243; carousel_navspeed=&#8220;400&#8243; carousel_nav=&#8220;yes&#8220; carousel_nav_mobile=&#8220;yes&#8220; stage_padding=&#8220;0&#8243; single_overlay_opacity=&#8220;50&#8243; single_overlay_anim=&#8220;no&#8220; single_padding=&#8220;2&#8243; single_border=&#8220;yes&#8220; no_double_tap=&#8220;yes&#8220; [&hellip;]<\/p>\n","protected":false},"author":1,"featured_media":0,"parent":0,"menu_order":0,"comment_status":"closed","ping_status":"closed","template":"","meta":{"_monsterinsights_skip_tracking":false,"_monsterinsights_sitenote_active":false,"_monsterinsights_sitenote_note":"","_monsterinsights_sitenote_category":0,"footnotes":""},"class_list":["post-639","page","type-page","status-publish","hentry"],"yoast_head":"<!-- This site is optimized with the Yoast SEO plugin v25.1 - https:\/\/yoast.com\/wordpress\/plugins\/seo\/ -->\n<title>STANDARDVERPACKUNGEN - Royalpack<\/title>\n<meta name=\"robots\" content=\"index, follow, max-snippet:-1, max-image-preview:large, max-video-preview:-1\" \/>\n<link rel=\"canonical\" href=\"https:\/\/royalpack.com.pl\/standard-fefco-2\/\" \/>\n<meta property=\"og:locale\" content=\"de_DE\" \/>\n<meta property=\"og:type\" content=\"article\" \/>\n<meta property=\"og:title\" content=\"STANDARDVERPACKUNGEN - Royalpack\" \/>\n<meta property=\"og:description\" content=\"[vc_row][vc_column width=&#8220;1\/2&#8243;][vc_gallery el_id=&#8220;gallery-188707&#8243; type=&#8220;carousel&#8220; medias=&#8220;629,635,632&#8243; carousel_lg=&#8220;1&#8243; carousel_md=&#8220;1&#8243; carousel_sm=&#8220;1&#8243; thumb_size=&#8220;one-one&#8220; gutter_size=&#8220;3&#8243; carousel_interval=&#8220;5000&#8243; carousel_navspeed=&#8220;400&#8243; carousel_nav=&#8220;yes&#8220; carousel_nav_mobile=&#8220;yes&#8220; stage_padding=&#8220;0&#8243; single_overlay_opacity=&#8220;50&#8243; single_overlay_anim=&#8220;no&#8220; single_padding=&#8220;2&#8243; single_border=&#8220;yes&#8220; no_double_tap=&#8220;yes&#8220; [&hellip;]\" \/>\n<meta property=\"og:url\" content=\"https:\/\/royalpack.com.pl\/standard-fefco-2\/\" \/>\n<meta property=\"og:site_name\" content=\"Royalpack\" \/>\n<meta property=\"article:modified_time\" content=\"2024-05-20T04:47:11+00:00\" \/>\n<meta name=\"twitter:card\" content=\"summary_large_image\" \/>\n<meta name=\"twitter:label1\" content=\"Gesch\u00e4tzte Lesezeit\" \/>\n\t<meta name=\"twitter:data1\" content=\"4\u00a0Minuten\" \/>\n<script type=\"application\/ld+json\" class=\"yoast-schema-graph\">{\"@context\":\"https:\/\/schema.org\",\"@graph\":[{\"@type\":\"WebPage\",\"@id\":\"https:\/\/royalpack.com.pl\/standard-fefco-2\/\",\"url\":\"https:\/\/royalpack.com.pl\/standard-fefco-2\/\",\"name\":\"STANDARDVERPACKUNGEN - Royalpack\",\"isPartOf\":{\"@id\":\"https:\/\/royalpack.com.pl\/#website\"},\"datePublished\":\"2024-05-20T02:42:31+00:00\",\"dateModified\":\"2024-05-20T04:47:11+00:00\",\"breadcrumb\":{\"@id\":\"https:\/\/royalpack.com.pl\/standard-fefco-2\/#breadcrumb\"},\"inLanguage\":\"de\",\"potentialAction\":[{\"@type\":\"ReadAction\",\"target\":[\"https:\/\/royalpack.com.pl\/standard-fefco-2\/\"]}]},{\"@type\":\"BreadcrumbList\",\"@id\":\"https:\/\/royalpack.com.pl\/standard-fefco-2\/#breadcrumb\",\"itemListElement\":[{\"@type\":\"ListItem\",\"position\":1,\"name\":\"Strona g\u0142\u00f3wna\",\"item\":\"https:\/\/royalpack.com.pl\/de\/\"},{\"@type\":\"ListItem\",\"position\":2,\"name\":\"STANDARDVERPACKUNGEN\"}]},{\"@type\":\"WebSite\",\"@id\":\"https:\/\/royalpack.com.pl\/#website\",\"url\":\"https:\/\/royalpack.com.pl\/\",\"name\":\"Royalpack\",\"description\":\"\",\"potentialAction\":[{\"@type\":\"SearchAction\",\"target\":{\"@type\":\"EntryPoint\",\"urlTemplate\":\"https:\/\/royalpack.com.pl\/?s={search_term_string}\"},\"query-input\":{\"@type\":\"PropertyValueSpecification\",\"valueRequired\":true,\"valueName\":\"search_term_string\"}}],\"inLanguage\":\"de\"}]}<\/script>\n<!-- \/ Yoast SEO plugin. -->","yoast_head_json":{"title":"STANDARDVERPACKUNGEN - Royalpack","robots":{"index":"index","follow":"follow","max-snippet":"max-snippet:-1","max-image-preview":"max-image-preview:large","max-video-preview":"max-video-preview:-1"},"canonical":"https:\/\/royalpack.com.pl\/standard-fefco-2\/","og_locale":"de_DE","og_type":"article","og_title":"STANDARDVERPACKUNGEN - Royalpack","og_description":"[vc_row][vc_column width=&#8220;1\/2&#8243;][vc_gallery el_id=&#8220;gallery-188707&#8243; type=&#8220;carousel&#8220; medias=&#8220;629,635,632&#8243; carousel_lg=&#8220;1&#8243; carousel_md=&#8220;1&#8243; carousel_sm=&#8220;1&#8243; thumb_size=&#8220;one-one&#8220; gutter_size=&#8220;3&#8243; carousel_interval=&#8220;5000&#8243; carousel_navspeed=&#8220;400&#8243; carousel_nav=&#8220;yes&#8220; carousel_nav_mobile=&#8220;yes&#8220; stage_padding=&#8220;0&#8243; single_overlay_opacity=&#8220;50&#8243; single_overlay_anim=&#8220;no&#8220; single_padding=&#8220;2&#8243; single_border=&#8220;yes&#8220; no_double_tap=&#8220;yes&#8220; [&hellip;]","og_url":"https:\/\/royalpack.com.pl\/standard-fefco-2\/","og_site_name":"Royalpack","article_modified_time":"2024-05-20T04:47:11+00:00","twitter_card":"summary_large_image","twitter_misc":{"Gesch\u00e4tzte Lesezeit":"4\u00a0Minuten"},"schema":{"@context":"https:\/\/schema.org","@graph":[{"@type":"WebPage","@id":"https:\/\/royalpack.com.pl\/standard-fefco-2\/","url":"https:\/\/royalpack.com.pl\/standard-fefco-2\/","name":"STANDARDVERPACKUNGEN - Royalpack","isPartOf":{"@id":"https:\/\/royalpack.com.pl\/#website"},"datePublished":"2024-05-20T02:42:31+00:00","dateModified":"2024-05-20T04:47:11+00:00","breadcrumb":{"@id":"https:\/\/royalpack.com.pl\/standard-fefco-2\/#breadcrumb"},"inLanguage":"de","potentialAction":[{"@type":"ReadAction","target":["https:\/\/royalpack.com.pl\/standard-fefco-2\/"]}]},{"@type":"BreadcrumbList","@id":"https:\/\/royalpack.com.pl\/standard-fefco-2\/#breadcrumb","itemListElement":[{"@type":"ListItem","position":1,"name":"Strona g\u0142\u00f3wna","item":"https:\/\/royalpack.com.pl\/de\/"},{"@type":"ListItem","position":2,"name":"STANDARDVERPACKUNGEN"}]},{"@type":"WebSite","@id":"https:\/\/royalpack.com.pl\/#website","url":"https:\/\/royalpack.com.pl\/","name":"Royalpack","description":"","potentialAction":[{"@type":"SearchAction","target":{"@type":"EntryPoint","urlTemplate":"https:\/\/royalpack.com.pl\/?s={search_term_string}"},"query-input":{"@type":"PropertyValueSpecification","valueRequired":true,"valueName":"search_term_string"}}],"inLanguage":"de"}]}},"_links":{"self":[{"href":"https:\/\/royalpack.com.pl\/de\/wp-json\/wp\/v2\/pages\/639","targetHints":{"allow":["GET"]}}],"collection":[{"href":"https:\/\/royalpack.com.pl\/de\/wp-json\/wp\/v2\/pages"}],"about":[{"href":"https:\/\/royalpack.com.pl\/de\/wp-json\/wp\/v2\/types\/page"}],"author":[{"embeddable":true,"href":"https:\/\/royalpack.com.pl\/de\/wp-json\/wp\/v2\/users\/1"}],"replies":[{"embeddable":true,"href":"https:\/\/royalpack.com.pl\/de\/wp-json\/wp\/v2\/comments?post=639"}],"version-history":[{"count":3,"href":"https:\/\/royalpack.com.pl\/de\/wp-json\/wp\/v2\/pages\/639\/revisions"}],"predecessor-version":[{"id":846,"href":"https:\/\/royalpack.com.pl\/de\/wp-json\/wp\/v2\/pages\/639\/revisions\/846"}],"wp:attachment":[{"href":"https:\/\/royalpack.com.pl\/de\/wp-json\/wp\/v2\/media?parent=639"}],"curies":[{"name":"wp","href":"https:\/\/api.w.org\/{rel}","templated":true}]}}