{"id":742,"date":"2024-05-20T05:11:01","date_gmt":"2024-05-20T03:11:01","guid":{"rendered":"https:\/\/royalpack.com.pl\/?page_id=742"},"modified":"2024-05-20T05:11:55","modified_gmt":"2024-05-20T03:11:55","slug":"datenschutzrichtlinie","status":"publish","type":"page","link":"https:\/\/royalpack.com.pl\/de\/datenschutzrichtlinie\/","title":{"rendered":"Datenschutzrichtlinie"},"content":{"rendered":"<ul>\n<li style=\"font-weight: 400;\">Die folgende Cookie-Richtlinie legt die Regeln f\u00fcr die Speicherung von und den Zugriff auf Daten in den<br \/>\nGer\u00e4ten der Nutzer fest, die die Webseite zum Zweck der elektronischen Bereitstellung von<br \/>\nDienstleistungen durch den Administrator der Webseite nutzen.\u00a7 1 DEFINITIONEN<br \/>\n\u25cf \u2022 Webseite &#8211; Webseite, die unter der Adresse betrieben wird: https:\/\/royalpack.com.pl<br \/>\n\u25cf \u2022 Externe Webseite &#8211; Internet-Webseiten von Partnern, Dienstleistern oder<br \/>\nDienstleistungsempf\u00e4ngern des Administrators<br \/>\n\u25cf \u2022 Administrator &#8211; das Unternehmen ROYALPACK Sp. z o.o., t\u00e4tig unter der folgenden Adresse:<br \/>\nAleja Brzozowa 2A, S\u0142one, 66-008 \u015awidnica, mit der zugewiesenen Steuer-ID-Nummer (NIP):<br \/>\n9730992496, mit der REGON: 080502765, mit der KRS: 0000983885, die elektronische Dienste<br \/>\n\u00fcber die Webseite anbietet und Informationen auf den Ger\u00e4ten des Nutzers speichert und darauf<br \/>\nzugreift.<br \/>\n\u25cf \u2022 Nutzer &#8211; eine nat\u00fcrliche Person, f\u00fcr die der Administrator elektronische Dienstleistungen \u00fcber die<br \/>\nWebseite erbringt.<br \/>\n\u25cf \u2022 Ger\u00e4t &#8211; ein elektronisches Ger\u00e4t mit Software, \u00fcber das der Nutzer Zugang zur Webseite erh\u00e4lt.<br \/>\n\u25cf \u2022 Cookies &#8211; Textdaten, die in Form von Dateien die auf dem Ger\u00e4t des Nutzers gespeichert<br \/>\nwerden.<\/p>\n<p>\u00a7 2 ARTEN VON COOKIES<br \/>\n\u25cf \u2022 Interne Cookies &#8211; Dateien, die vom IKT-System der Webseite auf das Ger\u00e4t des Nutzers<br \/>\nhochgeladen und von diesem gelesen werden<br \/>\n\u25cf \u2022 Externe Cookies &#8211; Dateien, die von den IKT-Systemen externer Websites auf das Ger\u00e4t des<br \/>\nNutzers hochgeladen und von diesem gelesen werden<br \/>\n\u25cf \u2022 Sitzungscookies &#8211; Dateien, die von der Webseite oder externen Webseiten w\u00e4hrend einer<br \/>\nSitzung eines bestimmten Ger\u00e4ts auf das Ger\u00e4t des Benutzers hochgeladen und von diesem<br \/>\ngelesen werden. Nach Beendigung der Sitzung werden die Dateien vom Ger\u00e4t des Nutzers<br \/>\ngel\u00f6scht.<br \/>\n\u25cf \u2022 Permanente Cookies &#8211; Dateien, die von der Webseite oder externen Webseiten auf das Ger\u00e4t<br \/>\ndes Nutzers hochgeladen und von diesem gelesen werden, bis sie manuell gel\u00f6scht werden. Diese<br \/>\nDateien werden jedoch nicht automatisch nach Beendigung der Ger\u00e4tesitzung gel\u00f6scht, es sei<br \/>\ndenn, in der Ger\u00e4tekonfiguration des Benutzers ist der Cookie-L\u00f6schmodus nach Beendigung der<br \/>\nGer\u00e4tesitzung aktiviert.<\/p>\n<p>ROYALPACK sp. z o. o. PL 66-008 \u015awidnica<br \/>\nAleja Brzozowa 2A, S\u0142one NIP 973 099 24 96<\/p>\n<p>\u00a7 3 SICHERHEIT<br \/>\n\u25cf \u2022 Speicher- und Lesemechanismen &#8211; Die Speicher- und Lesemechanismen von Cookies erlauben<br \/>\nes nicht, pers\u00f6nliche Daten oder vertrauliche Informationen vom Ger\u00e4t des Benutzers<br \/>\nherunterzuladen. Es ist praktisch unm\u00f6glich, Viren, Trojaner oder andere Sch\u00e4dlinge auf das Ger\u00e4t<br \/>\ndes Nutzers zu \u00fcbertragen.<br \/>\n\u25cf \u2022 Interne Cookies &#8211; Die vom Administrator verwendeten internen Cookies sind f\u00fcr die Ger\u00e4te der<br \/>\nNutzer sicher.<br \/>\n\u25cf \u2022 Externe Cookies &#8211; der Administrator ist nicht verantwortlich f\u00fcr die Sicherheit von Cookies der<br \/>\nPartner der Webseite. Die Liste der Partner finden Sie weiter unten in dieser Cookie-Richtlinie.<\/p>\n<p>\u00a7 4 ZWECKE, F\u00dcR DIE COOKIES VERWENDET WERDEN<br \/>\n\u25cf \u2022 Statistische Daten &#8211; der Administrator und die externen Webseiten verwenden Cookie-Dateien,<br \/>\num statistische Daten zu sammeln und zu verarbeiten, wie z.B. Statistiken in Bezug auf<br \/>\nNutzerbesuche, Nutzerger\u00e4te oder Nutzerverhalten. Diese Daten werden gesammelt, um die<br \/>\nWebseite zu bewerten und zu verbessern.<\/p>\n<p>\u00a7 5 EXTERNE WEBSEITEN<br \/>\nDer Administrator arbeitet mit den folgenden externen Webseiten zusammen, die m\u00f6glicherweise<br \/>\nCookie-Dateien auf den Ger\u00e4ten der Nutzer platzieren:<br \/>\n\u25cf Google Analytics<\/p>\n<p>\u00a7 6 BESTIMMUNG DER BEDINGUNGEN F\u00dcR DIE SPEICHERUNG UND DEN ZUGRIFF AUF DIE DATEN<br \/>\nAUF DEN GER\u00c4TEN DES NUTZERS DURCH DEN DIENST UND EXTERNE DIENSTE<br \/>\n\u25cf \u2022 Der Nutzer kann jederzeit selbst\u00e4ndig die Einstellungen f\u00fcr die Speicherung, das L\u00f6schen und<br \/>\nden Zugriff auf gespeicherte Cookie-Dateien \u00e4ndern<br \/>\n\u25cf \u2022 Informationen zur Deaktivierung von Cookies in den g\u00e4ngigsten Computerbrowsern und mobilen<br \/>\nGer\u00e4ten finden Sie auf der Seite: Wie Sie Cookies deaktivieren..<br \/>\n\u25cf \u2022 Der Nutzer kann jederzeit alle bisher gespeicherten Cookie-Dateien mit den Ger\u00e4ten des Nutzers<br \/>\nl\u00f6schen, \u00fcber die der Nutzer die Dienste der Webseite nutzt.<\/p>\n<p>ROYALPACK sp. z o. o. PL 66-008 \u015awidnica<br \/>\nAleja Brzozowa 2A, S\u0142one NIP 973 099 24 96<\/p>\n<p>\u00a7 7 HAFTUNGSAUSSCHLUSS.<br \/>\n\u25cf Der Administrator ergreift alle m\u00f6glichen Ma\u00dfnahmen, um die Sicherheit der in den Cookie-Dateien<br \/>\ngespeicherten Daten zu gew\u00e4hrleisten. Es ist jedoch zu beachten, dass die Gew\u00e4hrleistung der<br \/>\nSicherheit dieser Daten von beiden Parteien abh\u00e4ngt, einschlie\u00dflich der Aktivit\u00e4t des Nutzers und<br \/>\ndem Sicherheitsstatus des von ihm verwendeten Ger\u00e4ts.<br \/>\n\u25cf Der Administrator ist nicht verantwortlich f\u00fcr das Abfangen von Daten, die in Cookie-Dateien<br \/>\nenthalten sind, f\u00fcr das Nachahmen der Sitzung des Nutzers oder f\u00fcr das Entfernen von Daten<br \/>\ninfolge bewusster oder unbewusster Aktivit\u00e4ten des Nutzers sowie f\u00fcr Viren, Trojanische Pferde<br \/>\nund andere Spyware, die das Ger\u00e4t des Nutzers infizieren k\u00f6nnen.<br \/>\n\u25cf Um sich vor den im vorigen Satz genannten Bedrohungen zu sch\u00fctzen, sollten die Nutzer die<br \/>\nRegeln der Cybersicherheit im Netzwerk beachten.<br \/>\n\u25cf Die von Dritten angebotenen Dienste liegen au\u00dferhalb der Kontrolle des Administrators. Diese<br \/>\nUnternehmen k\u00f6nnen jederzeit ihre Nutzungsbedingungen, den Zweck und die Verwendung von<br \/>\nCookies \u00e4ndern. Soweit dies gesetzlich zul\u00e4ssig ist, ist der Administrator nicht f\u00fcr den Betrieb von<br \/>\nCookies verantwortlich, die von Partnerseiten verwendet werden. Benutzer k\u00f6nnen jederzeit ihre<br \/>\nCookie-Berechtigungen und -Einstellungen f\u00fcr jegliche Webseiten verwalten.<\/p>\n<p>\u00a7 8 ANFORDERUNGEN AN WEBSEITEN.<br \/>\n\u25cf Die eingeschr\u00e4nkte Speicherung von Cookies und der Zugriff auf Cookies auf dem Ger\u00e4t des<br \/>\nNutzers kann dazu f\u00fchren, dass einige Funktionen der Webseite nicht funktionieren.<br \/>\n\u25cf Der Administrator tr\u00e4gt keine Verantwortung f\u00fcr nicht ordnungsgem\u00e4\u00df funktionierende<br \/>\nFunktionen der Webseite, wenn der Nutzer in irgendeiner Weise die M\u00f6glichkeit des Speicherns<br \/>\nund Lesens von Cookies einschr\u00e4nkt.<\/p>\n<p>\u00a7 9 \u00c4NDERUNGEN AN DIESER COOKIE-RICHTLINIE<br \/>\n\u25cf Der Administrator beh\u00e4lt sich das Recht vor, diese Cookie-Richtlinie jederzeit zu \u00e4ndern, ohne die<br \/>\nNutzer dar\u00fcber informieren zu m\u00fcssen.<br \/>\n\u25cf Alle \u00c4nderungen an dieser Cookie-Richtlinie werden jederzeit auf dieser Seite ver\u00f6ffentlicht.<br \/>\n\u25cf Die eingef\u00fchrten \u00c4nderungen treten mit dem Datum der Ver\u00f6ffentlichung der ge\u00e4nderten<br \/>\nCookie-Richtlinie in Kraft.<\/li>\n<\/ul>\n<p>&nbsp;<\/p>\n<p>\u00a7 1 GELTUNGSBEREICH DIESER INFORMATIONEN<br \/>\nDie Information \u00fcber die Verarbeitung personenbezogener Daten durch das Unternehmen<br \/>\nROYALPACK sp. z o.o.. im Folgenden UNTERNEHMEN genannt, bezieht sich auf die erhaltenen<br \/>\nDaten:<br \/>\n\u00dcber elektronische Formulare, im Rahmen von Vertr\u00e4gen mit Kunden (nur Kontaktdaten) und von<br \/>\nVertretern im Bereich Einkauf, Verkauf oder Marketing (z.B. im Rahmen von Besprechungen oder<br \/>\nGesch\u00e4ftskorrespondenz, im Rahmen von Konferenzen oder anderen Veranstaltungen, Messen,<br \/>\nAusschreibungen, Verhandlungen, \u00dcberweisungskontakten, Visitenkarten, usw.) Die Daten<br \/>\nk\u00f6nnen direkt von der betroffenen Person erhalten werden. Die Informationen gelten nicht f\u00fcr<br \/>\ndie Verarbeitung personenbezogener Daten von Mitarbeitern, Bewerbern oder Daten, die im<br \/>\nRahmen eines Betrauungsvertrags zur Verarbeitung anvertraut wurden.<\/p>\n<p>\u00a7 2 ADMINISTRATOR UND KONTAKTDATEN<br \/>\nDer Administrator Ihrer pers\u00f6nlichen Daten ist ROYALPACK sp. z o.o.<br \/>\nmit eingetragenem Firmensitz in S\u0142one, al. Brzozowa 2,66-008 \u015awidnica.<br \/>\nIn allen Angelegenheiten, die Ihre Daten betreffen, wenden Sie sich bitte an den<br \/>\nDatenadministrator:<br \/>\ne-mail: ad@royalpack.com.pl<\/p>\n<p>\u00a7 3 QUELLE UND UMFANG DER DATENVERARBEITUNG<br \/>\nEs werden die folgenden Daten verarbeitet:<br \/>\n1. Personenbezogene Daten &#8211; erhoben zur Erf\u00fcllung eines Vertrages, einer Bestellung oder zur<br \/>\nAusstellung einer Rechnung gem\u00e4\u00df Art. 6 sec. 1 Punkt b) der DSGVO. Die Daten werden f\u00fcr die<br \/>\nDauer der Erf\u00fcllung der Verpflichtungen und der Verj\u00e4hrung der sich aus den gesetzlichen<br \/>\nBestimmungen ergebenden Anspr\u00fcche verarbeitet.<br \/>\n2. ICT-Kontakte &#8211; erhoben f\u00fcr die Zwecke von Gesch\u00e4ftskontakten gem\u00e4\u00df Art. 6 sec. 1 Punkt f)<br \/>\nder DSGVO. Die Daten werden bis zum Widerspruch verarbeitet gem\u00e4\u00df Art. 21 der DSGVO.<br \/>\nW\u00e4hrend des Zeitraums der Datenverarbeitung k\u00f6nnen die Vertreter des UNTERNEHMENS Sie<br \/>\nkontaktieren, um Ihnen ein Angebot zu unterbreiten, Sie zu einem Treffen einzuladen oder im<br \/>\nZuge anderer Marketingaktivit\u00e4ten anzusprechen. Von Zeit zu Zeit k\u00f6nnen Sie Informationen<br \/>\n\u00fcber die Produkte, Dienstleistungen oder Aktivit\u00e4ten unseres UNTERNEHMENS sowie andere<br \/>\nInformationen in Bezug auf Bereiche unserer Gesch\u00e4ftst\u00e4tigkeit erhalten.<br \/>\nWenn Sie ein Vertreter eines Lieferanten oder Dienstleisters sind, k\u00f6nnen sich auch Vertreter<br \/>\nunseres UNTERNEHMENS an Sie wenden, um Angebote, Informationen oder Dokumente zu<br \/>\nerfragen. In diesem Fall erfolgt die Verarbeitung Ihrer Daten zur Umsetzung des berechtigten<br \/>\nROYALPACK sp. z o. o. PL 66-008 \u015awidnica<br \/>\nAleja Brzozowa 2A, S\u0142one NIP 973 099 24 96<\/p>\n<p>Interesses des Verwalters, n\u00e4mlich der Vermarktung und dem Verkauf von Produkten und<br \/>\nDienstleistungen sowie dem Aufbau und der St\u00e4rkung von Gesch\u00e4ftsbeziehungen. Sie haben<br \/>\ndas Recht, einer solchen Verarbeitung Ihrer personenbezogenen Daten zu widersprechen,<br \/>\ngem\u00e4\u00df den Angaben im Abschnitt BERECHTIGUNGEN.<\/p>\n<p>\u00a7 4 WEITERGABE DER DATEN<br \/>\n1. Die Kontaktdaten werden am Hauptsitz des UNTERNEHMENS und auf den Ger\u00e4ten des<br \/>\nUNTERNEHMENS gespeichert, sie sind jedoch f\u00fcr Vertriebsmitarbeiter, die au\u00dferhalb unseres<br \/>\nHauptsitzes t\u00e4tig sind, aus der Ferne zug\u00e4nglich. Daher m\u00f6chten wir Sie dar\u00fcber informieren,<br \/>\ndass personenbezogene Daten in ein Land au\u00dferhalb der EU \u00fcbertragen werden k\u00f6nnen, in dem<br \/>\ndas UNTERNEHMEN t\u00e4tig ist<br \/>\n2. Die Daten k\u00f6nnen Lieferanten, Dienstleistern und Partnern, mit denen das UNTERNEHMEN<br \/>\nzusammenarbeitet, zur Verf\u00fcgung gestellt werden, soweit dies f\u00fcr die Erbringung von<br \/>\nDienstleistungen f\u00fcr Kunden, Gesch\u00e4ftskontakte und Marketingaktivit\u00e4ten erforderlich ist.<br \/>\n3. Im Falle einer Daten\u00fcbermittlung in ein Drittland, f\u00fcr das kein Beschluss der Europ\u00e4ischen<br \/>\nKommission vorliegt, der ein angemessenes Schutzniveau festlegt, wendet das UNTERNEHMEN<br \/>\nangemessene Garantien in Form von Standarddatenschutzklauseln an, die von der Europ\u00e4ischen<br \/>\nKommission oder der Aufsichtsbeh\u00f6rde (gem\u00e4\u00df Art. 46 Abs. 2 Punkt c) und d) der DSGVO)<br \/>\nangenommen wurden.<br \/>\nWenn Sie Fragen zur Verarbeitung Ihrer Daten haben und wissen m\u00f6chten, wie Sie eine Kopie<br \/>\nder Standarddatenschutzklauseln erhalten k\u00f6nnen, wenden Sie sich bitte an die im Abschnitt<br \/>\n&#8222;Administrator und Kontaktdaten&#8220; angegebenen Informationen.<\/p>\n<p>\u00a7 5 FOLGEN DER NICHTBEREITSTELLUNG IHRER DATEN<br \/>\nIm Falle von Daten, die von Unternehmensvertretern zum Zwecke von Einkaufs-, Verkaufs- oder<br \/>\nMarketingaktivit\u00e4ten erhoben werden, ist die Bereitstellung der Daten freiwillig, aber wenn Sie<br \/>\nIhre Daten nicht zur Verf\u00fcgung stellen, k\u00f6nnen wir Sie m\u00f6glicherweise in Zukunft nicht mehr<br \/>\nkontaktieren. Bei Personen, die Partei eines mit unserem Unternehmen geschlossenen<br \/>\nVertrages\/Auftrags sind, ist die Bereitstellung der Daten, die zur Erf\u00fcllung des Vertrages und<br \/>\nunserer rechtlichen Verpflichtungen erforderlich sind, eine Voraussetzung f\u00fcr den Abschluss und<br \/>\ndie Erf\u00fcllung des Vertrages.<\/p>\n<p>ROYALPACK sp. z o. o. PL 66-008 \u015awidnica<br \/>\nAleja Brzozowa 2A, S\u0142one NIP 973 099 24 96<\/p>\n<p>\u00a7 6 BERECHTIGUNGEN<br \/>\nGem\u00e4\u00df den Bestimmungen der DSGVO haben Sie das Recht auf:<br \/>\n1. auf Ihre Daten zuzugreifen;<br \/>\n2. Ihre Daten zu berichtigen;<br \/>\n3. Ihre Daten zu l\u00f6schen;<br \/>\n4. die Verarbeitung Ihrer Daten einzuschr\u00e4nken;<br \/>\n5. Ihre Daten zu \u00fcbertragen;<br \/>\n6. Einspruch erheben (wenn die Grundlage f\u00fcr die Datenverarbeitung das berechtigte Interesse<br \/>\ndes Administrators ist);<br \/>\n7. Ihre Zustimmung zu widerrufen (wenn Ihre Zustimmung die Grundlage f\u00fcr die<br \/>\nDatenverarbeitung ist);<br \/>\nDie Aus\u00fcbung dieser Rechte h\u00e4ngt von den Bedingungen ab, die in der DSGVO festgelegt sind.<br \/>\nIm Falle einer Ablehnung Ihrer Anfrage erhalten Sie eine Antwort mit einer Begr\u00fcndung f\u00fcr diese<br \/>\nAblehnung<br \/>\nUm Ihre Rechte auszu\u00fcben, kontaktieren Sie uns bitte unter Verwendung der im Abschnitt<br \/>\n&#8222;Administrator und Kontaktdaten&#8220; angegebenen Informationen.<\/p>\n<p>\u00a7 7 Bitte beachten Sie, dass:<br \/>\n\u25cf Sie das Recht haben, Ihre Daten zu l\u00f6schen und die Einschr\u00e4nkung der<br \/>\nDatenverarbeitung nur in den F\u00e4llen zu verlangen, die in den Bestimmungen der DSGVO<br \/>\nfestgelegt sind;<br \/>\n\u25cf Sie haben das Recht, Ihre Daten nur dann zu \u00fcbertragen, wenn die Rechtsgrundlage f\u00fcr<br \/>\ndie Datenverarbeitung Ihre Einwilligung oder die Erf\u00fcllung eines Vertrags ist;<br \/>\n\u25cf der Administrator kann die L\u00f6schung Ihrer Daten trotz Ihrer Anfrage verweigern, sofern<br \/>\neine der in der DSGVO aufgef\u00fchrten Ausnahmen zutrifft, z.B. wenn die<br \/>\nDatenverarbeitung zur Erf\u00fcllung einer rechtlichen Verpflichtung oder zur Feststellung,<br \/>\nGeltendmachung oder Verteidigung von Anspr\u00fcchen erforderlich ist.<br \/>\n\u25cf Der Administrator kann sich in einigen F\u00e4llen weigern, Ihren Widerspruch gegen die<br \/>\nVerarbeitung Ihrer Daten auf der Grundlage des berechtigten Interesses des<br \/>\nAdministrators zu ber\u00fccksichtigen, wenn es berechtigte Gr\u00fcnde f\u00fcr die<br \/>\nDatenverarbeitung gibt, die Ihre Interessen, Rechte und Freiheiten \u00fcberwiegen, oder<br \/>\nwenn es Gr\u00fcnde f\u00fcr die Feststellung, Geltendmachung oder Verteidigung von<br \/>\nAnspr\u00fcchen gibt &#8211; ein solches Recht wird dem Administrator nicht gew\u00e4hrt, wenn die<br \/>\nDaten f\u00fcr Zwecke der Direktwerbung verarbeitet werden (z.B. Gesch\u00e4ftskontakte).<br \/>\nROYALPACK sp. z o. o. PL 66-008 \u015awidnica<br \/>\nAleja Brzozowa 2A, S\u0142one NIP 973 099 24 96<\/p>\n<p>\u25cf Sie haben das Recht, eine Beschwerde bei der zust\u00e4ndigen Aufsichtsbeh\u00f6rde<br \/>\neinzureichen, d.h. beim Pr\u00e4sidenten des Amts f\u00fcr den Schutz personenbezogener Daten,<br \/>\nder gem\u00e4\u00df Art. 34 des Gesetzes vom 10. Mai 2018 \u00fcber den Schutz personenbezogener<br \/>\nDaten ernannt wurde.<br \/>\n\u25cf Der Administrator informiert hiermit, dass er kein automatisches Profiling anwendet.<\/p>\n","protected":false},"excerpt":{"rendered":"<p>Die folgende Cookie-Richtlinie legt die Regeln f\u00fcr die Speicherung von und den Zugriff auf Daten in den Ger\u00e4ten der Nutzer [&hellip;]<\/p>\n","protected":false},"author":1,"featured_media":0,"parent":0,"menu_order":0,"comment_status":"closed","ping_status":"closed","template":"","meta":{"_monsterinsights_skip_tracking":false,"_monsterinsights_sitenote_active":false,"_monsterinsights_sitenote_note":"","_monsterinsights_sitenote_category":0,"footnotes":""},"class_list":["post-742","page","type-page","status-publish","hentry"],"yoast_head":"<!-- This site is optimized with the Yoast SEO plugin v25.1 - https:\/\/yoast.com\/wordpress\/plugins\/seo\/ -->\n<title>Datenschutzrichtlinie - Royalpack<\/title>\n<meta name=\"robots\" content=\"index, follow, max-snippet:-1, max-image-preview:large, max-video-preview:-1\" \/>\n<link rel=\"canonical\" href=\"https:\/\/royalpack.com.pl\/polityka-prywatnosci\/\" \/>\n<meta property=\"og:locale\" content=\"de_DE\" \/>\n<meta property=\"og:type\" content=\"article\" \/>\n<meta property=\"og:title\" content=\"Datenschutzrichtlinie - Royalpack\" \/>\n<meta property=\"og:description\" content=\"Die folgende Cookie-Richtlinie legt die Regeln f\u00fcr die Speicherung von und den Zugriff auf Daten in den Ger\u00e4ten der Nutzer [&hellip;]\" \/>\n<meta property=\"og:url\" content=\"https:\/\/royalpack.com.pl\/polityka-prywatnosci\/\" \/>\n<meta property=\"og:site_name\" content=\"Royalpack\" \/>\n<meta property=\"article:modified_time\" content=\"2024-05-20T03:11:55+00:00\" \/>\n<meta name=\"twitter:card\" content=\"summary_large_image\" \/>\n<meta name=\"twitter:label1\" content=\"Gesch\u00e4tzte Lesezeit\" \/>\n\t<meta name=\"twitter:data1\" content=\"10\u00a0Minuten\" \/>\n<script type=\"application\/ld+json\" class=\"yoast-schema-graph\">{\"@context\":\"https:\/\/schema.org\",\"@graph\":[{\"@type\":\"WebPage\",\"@id\":\"https:\/\/royalpack.com.pl\/polityka-prywatnosci\/\",\"url\":\"https:\/\/royalpack.com.pl\/polityka-prywatnosci\/\",\"name\":\"Datenschutzrichtlinie - Royalpack\",\"isPartOf\":{\"@id\":\"https:\/\/royalpack.com.pl\/#website\"},\"datePublished\":\"2024-05-20T03:11:01+00:00\",\"dateModified\":\"2024-05-20T03:11:55+00:00\",\"breadcrumb\":{\"@id\":\"https:\/\/royalpack.com.pl\/polityka-prywatnosci\/#breadcrumb\"},\"inLanguage\":\"de\",\"potentialAction\":[{\"@type\":\"ReadAction\",\"target\":[\"https:\/\/royalpack.com.pl\/polityka-prywatnosci\/\"]}]},{\"@type\":\"BreadcrumbList\",\"@id\":\"https:\/\/royalpack.com.pl\/polityka-prywatnosci\/#breadcrumb\",\"itemListElement\":[{\"@type\":\"ListItem\",\"position\":1,\"name\":\"Strona g\u0142\u00f3wna\",\"item\":\"https:\/\/royalpack.com.pl\/de\/\"},{\"@type\":\"ListItem\",\"position\":2,\"name\":\"Datenschutzrichtlinie\"}]},{\"@type\":\"WebSite\",\"@id\":\"https:\/\/royalpack.com.pl\/#website\",\"url\":\"https:\/\/royalpack.com.pl\/\",\"name\":\"Royalpack\",\"description\":\"\",\"potentialAction\":[{\"@type\":\"SearchAction\",\"target\":{\"@type\":\"EntryPoint\",\"urlTemplate\":\"https:\/\/royalpack.com.pl\/?s={search_term_string}\"},\"query-input\":{\"@type\":\"PropertyValueSpecification\",\"valueRequired\":true,\"valueName\":\"search_term_string\"}}],\"inLanguage\":\"de\"}]}<\/script>\n<!-- \/ Yoast SEO plugin. -->","yoast_head_json":{"title":"Datenschutzrichtlinie - Royalpack","robots":{"index":"index","follow":"follow","max-snippet":"max-snippet:-1","max-image-preview":"max-image-preview:large","max-video-preview":"max-video-preview:-1"},"canonical":"https:\/\/royalpack.com.pl\/polityka-prywatnosci\/","og_locale":"de_DE","og_type":"article","og_title":"Datenschutzrichtlinie - Royalpack","og_description":"Die folgende Cookie-Richtlinie legt die Regeln f\u00fcr die Speicherung von und den Zugriff auf Daten in den Ger\u00e4ten der Nutzer [&hellip;]","og_url":"https:\/\/royalpack.com.pl\/polityka-prywatnosci\/","og_site_name":"Royalpack","article_modified_time":"2024-05-20T03:11:55+00:00","twitter_card":"summary_large_image","twitter_misc":{"Gesch\u00e4tzte Lesezeit":"10\u00a0Minuten"},"schema":{"@context":"https:\/\/schema.org","@graph":[{"@type":"WebPage","@id":"https:\/\/royalpack.com.pl\/polityka-prywatnosci\/","url":"https:\/\/royalpack.com.pl\/polityka-prywatnosci\/","name":"Datenschutzrichtlinie - Royalpack","isPartOf":{"@id":"https:\/\/royalpack.com.pl\/#website"},"datePublished":"2024-05-20T03:11:01+00:00","dateModified":"2024-05-20T03:11:55+00:00","breadcrumb":{"@id":"https:\/\/royalpack.com.pl\/polityka-prywatnosci\/#breadcrumb"},"inLanguage":"de","potentialAction":[{"@type":"ReadAction","target":["https:\/\/royalpack.com.pl\/polityka-prywatnosci\/"]}]},{"@type":"BreadcrumbList","@id":"https:\/\/royalpack.com.pl\/polityka-prywatnosci\/#breadcrumb","itemListElement":[{"@type":"ListItem","position":1,"name":"Strona g\u0142\u00f3wna","item":"https:\/\/royalpack.com.pl\/de\/"},{"@type":"ListItem","position":2,"name":"Datenschutzrichtlinie"}]},{"@type":"WebSite","@id":"https:\/\/royalpack.com.pl\/#website","url":"https:\/\/royalpack.com.pl\/","name":"Royalpack","description":"","potentialAction":[{"@type":"SearchAction","target":{"@type":"EntryPoint","urlTemplate":"https:\/\/royalpack.com.pl\/?s={search_term_string}"},"query-input":{"@type":"PropertyValueSpecification","valueRequired":true,"valueName":"search_term_string"}}],"inLanguage":"de"}]}},"_links":{"self":[{"href":"https:\/\/royalpack.com.pl\/de\/wp-json\/wp\/v2\/pages\/742","targetHints":{"allow":["GET"]}}],"collection":[{"href":"https:\/\/royalpack.com.pl\/de\/wp-json\/wp\/v2\/pages"}],"about":[{"href":"https:\/\/royalpack.com.pl\/de\/wp-json\/wp\/v2\/types\/page"}],"author":[{"embeddable":true,"href":"https:\/\/royalpack.com.pl\/de\/wp-json\/wp\/v2\/users\/1"}],"replies":[{"embeddable":true,"href":"https:\/\/royalpack.com.pl\/de\/wp-json\/wp\/v2\/comments?post=742"}],"version-history":[{"count":1,"href":"https:\/\/royalpack.com.pl\/de\/wp-json\/wp\/v2\/pages\/742\/revisions"}],"predecessor-version":[{"id":743,"href":"https:\/\/royalpack.com.pl\/de\/wp-json\/wp\/v2\/pages\/742\/revisions\/743"}],"wp:attachment":[{"href":"https:\/\/royalpack.com.pl\/de\/wp-json\/wp\/v2\/media?parent=742"}],"curies":[{"name":"wp","href":"https:\/\/api.w.org\/{rel}","templated":true}]}}