{"id":1066,"date":"2024-05-20T04:42:31","date_gmt":"2024-05-20T02:42:31","guid":{"rendered":"https:\/\/royalpack.com.pl\/standard-fefco\/"},"modified":"2024-09-22T21:58:36","modified_gmt":"2024-09-22T19:58:36","slug":"standard-fefco","status":"publish","type":"page","link":"https:\/\/royalpack.com.pl\/nl\/standard-fefco\/","title":{"rendered":"Standard FEFCO"},"content":{"rendered":"<div class=\"wpb-content-wrapper\"><p>[vc_row][vc_column width=&#8221;1\/2&#8243;][vc_gallery el_id=&#8221;gallery-188707&#8243; type=&#8221;carousel&#8221; medias=&#8221;627,633,630&#8243; carousel_lg=&#8221;1&#8243; carousel_md=&#8221;1&#8243; carousel_sm=&#8221;1&#8243; thumb_size=&#8221;one-one&#8221; gutter_size=&#8221;3&#8243; carousel_interval=&#8221;5000&#8243; carousel_navspeed=&#8221;400&#8243; carousel_nav=&#8221;yes&#8221; carousel_nav_mobile=&#8221;yes&#8221; stage_padding=&#8221;0&#8243; single_overlay_opacity=&#8221;50&#8243; single_overlay_anim=&#8221;no&#8221; single_padding=&#8221;2&#8243; single_border=&#8221;yes&#8221; no_double_tap=&#8221;yes&#8221; uncode_shortcode_id=&#8221;182398&#8243;][\/vc_column][vc_column column_width_percent=&#8221;85&#8243; position_horizontal=&#8221;right&#8221; position_vertical=&#8221;middle&#8221; gutter_size=&#8221;3&#8243; overlay_alpha=&#8221;50&#8243; shift_x=&#8221;0&#8243; shift_y=&#8221;0&#8243; shift_y_down=&#8221;0&#8243; z_index=&#8221;0&#8243; medium_width=&#8221;0&#8243; mobile_width=&#8221;0&#8243; width=&#8221;1\/2&#8243; uncode_shortcode_id=&#8221;123784&#8243;][vc_custom_heading text_size=&#8221;h1&#8243; text_weight=&#8221;400&#8243; uncode_shortcode_id=&#8221;802962&#8243;]Standard FEFCO[\/vc_custom_heading][vc_custom_heading text_size=&#8221;h6&#8243; text_weight=&#8221;400&#8243; uncode_shortcode_id=&#8221;181475&#8243;]Katalog FEFCO stworzony przez European Federation of Corrugated Board Manufacturers stanowi usystematyzowany zbi\u00f3r standardowych konstrukcji opakowaniowych. Poszczeg\u00f3lne konstrukcje w katalogu posiadaj\u0105 swoje kody. Owymi kodami pos\u0142ugujemy si\u0119 w codziennej komunikacji z Klientem, aby zapewni\u0107 transparentno\u015b\u0107 przekazywanych informacji i wyeliminowa\u0107 potencjalne niejasno\u015bci, co do dobranej konstrukcji. Warto tutaj podkre\u015bli\u0107, \u017ce z uwagi na w\u0142a\u015bciwo\u015bci materia\u0142u, tylko niekt\u00f3re konstrukcje z katalogu FEFCO maj\u0105 swoje zastosowanie w produkcji opakowa\u0144 z tektury litej.[\/vc_custom_heading][\/vc_column][\/vc_row][vc_row row_height_percent=&#8221;0&#8243; override_padding=&#8221;yes&#8221; h_padding=&#8221;2&#8243; top_padding=&#8221;2&#8243; bottom_padding=&#8221;4&#8243; overlay_alpha=&#8221;50&#8243; equal_height=&#8221;yes&#8221; gutter_size=&#8221;3&#8243; column_width_percent=&#8221;100&#8243; shift_y=&#8221;0&#8243; z_index=&#8221;0&#8243; uncode_shortcode_id=&#8221;457861&#8243;][vc_column column_width_percent=&#8221;100&#8243; gutter_size=&#8221;0&#8243; override_padding=&#8221;yes&#8221; column_padding=&#8221;0&#8243; back_color=&#8221;color-210407&#8243; overlay_alpha=&#8221;50&#8243; shift_x=&#8221;0&#8243; shift_y=&#8221;0&#8243; shift_y_down=&#8221;0&#8243; z_index=&#8221;0&#8243; medium_width=&#8221;0&#8243; mobile_width=&#8221;0&#8243; width=&#8221;1\/3&#8243; uncode_shortcode_id=&#8221;569411&#8243; back_color_type=&#8221;uncode-palette&#8221;][vc_single_image media=&#8221;407&#8243; media_width_percent=&#8221;100&#8243; advanced=&#8221;yes&#8221; media_overlay_opacity=&#8221;50&#8243; media_overlay_anim=&#8221;no&#8221; media_padding=&#8221;2&#8243; no_double_tap=&#8221;yes&#8221; uncode_shortcode_id=&#8221;765459&#8243; media_link=&#8221;url:https%3A%2F%2Froyalpack.com.pl%2Fekspozytory-ladowe-2%2F|title:Ekspozytory%20Ladowe&#8221;][vc_row_inner][vc_column_inner column_width_percent=&#8221;100&#8243; position_vertical=&#8221;middle&#8221; align_horizontal=&#8221;align_center&#8221; gutter_size=&#8221;3&#8243; override_padding=&#8221;yes&#8221; column_padding=&#8221;2&#8243; overlay_alpha=&#8221;50&#8243; shift_x=&#8221;0&#8243; shift_y=&#8221;0&#8243; shift_y_down=&#8221;0&#8243; z_index=&#8221;0&#8243; medium_width=&#8221;0&#8243; mobile_width=&#8221;0&#8243; width=&#8221;1\/1&#8243; uncode_shortcode_id=&#8221;121602&#8243;][vc_button button_color=&#8221;color-xsdn&#8221; size=&#8221;btn-link&#8221; button_color_type=&#8221;uncode-palette&#8221; uncode_shortcode_id=&#8221;284941&#8243; link=&#8221;url:https%3A%2F%2Froyalpack.com.pl%2Fekspozytory-ladowe-2%2F|&#8221;]Ekspozytory Ladowe[\/vc_button][\/vc_column_inner][\/vc_row_inner][\/vc_column][vc_column column_width_percent=&#8221;100&#8243; gutter_size=&#8221;0&#8243; override_padding=&#8221;yes&#8221; column_padding=&#8221;0&#8243; back_color=&#8221;color-210407&#8243; overlay_alpha=&#8221;50&#8243; shift_x=&#8221;0&#8243; shift_y=&#8221;0&#8243; shift_y_down=&#8221;0&#8243; z_index=&#8221;0&#8243; medium_width=&#8221;0&#8243; mobile_width=&#8221;0&#8243; width=&#8221;1\/3&#8243; uncode_shortcode_id=&#8221;206397&#8243; back_color_type=&#8221;uncode-palette&#8221;][vc_single_image media=&#8221;410&#8243; media_width_percent=&#8221;100&#8243; advanced=&#8221;yes&#8221; media_overlay_opacity=&#8221;50&#8243; media_overlay_anim=&#8221;no&#8221; media_padding=&#8221;2&#8243; no_double_tap=&#8221;yes&#8221; uncode_shortcode_id=&#8221;211510&#8243; media_link=&#8221;url:https%3A%2F%2Froyalpack.com.pl%2Fopakowania-barierowe-2%2F|title:Opakowania%20barierowe&#8221;][vc_row_inner][vc_column_inner column_width_percent=&#8221;100&#8243; position_vertical=&#8221;middle&#8221; align_horizontal=&#8221;align_center&#8221; gutter_size=&#8221;3&#8243; override_padding=&#8221;yes&#8221; column_padding=&#8221;2&#8243; overlay_alpha=&#8221;50&#8243; shift_x=&#8221;0&#8243; shift_y=&#8221;0&#8243; shift_y_down=&#8221;0&#8243; z_index=&#8221;0&#8243; medium_width=&#8221;0&#8243; mobile_width=&#8221;0&#8243; width=&#8221;1\/1&#8243; uncode_shortcode_id=&#8221;121602&#8243;][vc_button button_color=&#8221;color-xsdn&#8221; size=&#8221;btn-link&#8221; button_color_type=&#8221;uncode-palette&#8221; uncode_shortcode_id=&#8221;128546&#8243; link=&#8221;url:https%3A%2F%2Froyalpack.com.pl%2Fopakowania-barierowe-2%2F|&#8221;]Opakowania Barierowe[\/vc_button][\/vc_column_inner][\/vc_row_inner][\/vc_column][vc_column column_width_percent=&#8221;100&#8243; gutter_size=&#8221;0&#8243; override_padding=&#8221;yes&#8221; column_padding=&#8221;0&#8243; back_color=&#8221;color-210407&#8243; overlay_alpha=&#8221;50&#8243; shift_x=&#8221;0&#8243; shift_y=&#8221;0&#8243; shift_y_down=&#8221;0&#8243; z_index=&#8221;0&#8243; medium_width=&#8221;0&#8243; mobile_width=&#8221;0&#8243; width=&#8221;1\/3&#8243; uncode_shortcode_id=&#8221;142598&#8243; back_color_type=&#8221;uncode-palette&#8221;][vc_single_image media=&#8221;413&#8243; media_width_percent=&#8221;100&#8243; advanced=&#8221;yes&#8221; media_overlay_opacity=&#8221;50&#8243; media_overlay_anim=&#8221;no&#8221; media_padding=&#8221;2&#8243; no_double_tap=&#8221;yes&#8221; uncode_shortcode_id=&#8221;172357&#8243; media_link=&#8221;url:https%3A%2F%2Froyalpack.com.pl%2Fprojekty-indywidualne-2%2F|title:Projekty%20Indywidualne&#8221;][vc_row_inner][vc_column_inner column_width_percent=&#8221;100&#8243; position_vertical=&#8221;middle&#8221; align_horizontal=&#8221;align_center&#8221; gutter_size=&#8221;3&#8243; override_padding=&#8221;yes&#8221; column_padding=&#8221;2&#8243; overlay_alpha=&#8221;50&#8243; shift_x=&#8221;0&#8243; shift_y=&#8221;0&#8243; shift_y_down=&#8221;0&#8243; z_index=&#8221;0&#8243; medium_width=&#8221;0&#8243; mobile_width=&#8221;0&#8243; width=&#8221;1\/1&#8243; uncode_shortcode_id=&#8221;121602&#8243;][vc_button button_color=&#8221;color-xsdn&#8221; size=&#8221;btn-link&#8221; button_color_type=&#8221;uncode-palette&#8221; uncode_shortcode_id=&#8221;393623&#8243; link=&#8221;url:https%3A%2F%2Froyalpack.com.pl%2Fprojekty-indywidualne-2%2F|&#8221;]Projekty Indywidualne[\/vc_button][\/vc_column_inner][\/vc_row_inner][\/vc_column][\/vc_row]<\/p>\n<\/div>","protected":false},"excerpt":{"rendered":"<p>[vc_row][vc_column width=&#8221;1\/2&#8243;][vc_gallery el_id=&#8221;gallery-188707&#8243; type=&#8221;carousel&#8221; medias=&#8221;627,633,630&#8243; carousel_lg=&#8221;1&#8243; carousel_md=&#8221;1&#8243; carousel_sm=&#8221;1&#8243; thumb_size=&#8221;one-one&#8221; gutter_size=&#8221;3&#8243; carousel_interval=&#8221;5000&#8243; carousel_navspeed=&#8221;400&#8243; carousel_nav=&#8221;yes&#8221; carousel_nav_mobile=&#8221;yes&#8221; stage_padding=&#8221;0&#8243; single_overlay_opacity=&#8221;50&#8243; single_overlay_anim=&#8221;no&#8221; single_padding=&#8221;2&#8243; single_border=&#8221;yes&#8221; no_double_tap=&#8221;yes&#8221; [&hellip;]<\/p>\n","protected":false},"author":1,"featured_media":0,"parent":0,"menu_order":0,"comment_status":"closed","ping_status":"closed","template":"","meta":{"_monsterinsights_skip_tracking":false,"_monsterinsights_sitenote_active":false,"_monsterinsights_sitenote_note":"","_monsterinsights_sitenote_category":0,"footnotes":""},"class_list":["post-1066","page","type-page","status-publish","hentry"],"yoast_head":"<!-- This site is optimized with the Yoast SEO plugin v25.1 - https:\/\/yoast.com\/wordpress\/plugins\/seo\/ -->\n<title>Standard FEFCO - Royalpack<\/title>\n<meta name=\"robots\" content=\"index, follow, max-snippet:-1, max-image-preview:large, max-video-preview:-1\" \/>\n<link rel=\"canonical\" href=\"https:\/\/royalpack.com.pl\/nl\/standard-fefco\/\" \/>\n<meta property=\"og:locale\" content=\"nl_NL\" \/>\n<meta property=\"og:type\" content=\"article\" \/>\n<meta property=\"og:title\" content=\"Standard FEFCO - Royalpack\" \/>\n<meta property=\"og:description\" content=\"[vc_row][vc_column width=&#8221;1\/2&#8243;][vc_gallery el_id=&#8221;gallery-188707&#8243; type=&#8221;carousel&#8221; medias=&#8221;627,633,630&#8243; carousel_lg=&#8221;1&#8243; carousel_md=&#8221;1&#8243; carousel_sm=&#8221;1&#8243; thumb_size=&#8221;one-one&#8221; gutter_size=&#8221;3&#8243; carousel_interval=&#8221;5000&#8243; carousel_navspeed=&#8221;400&#8243; carousel_nav=&#8221;yes&#8221; carousel_nav_mobile=&#8221;yes&#8221; stage_padding=&#8221;0&#8243; single_overlay_opacity=&#8221;50&#8243; single_overlay_anim=&#8221;no&#8221; single_padding=&#8221;2&#8243; single_border=&#8221;yes&#8221; no_double_tap=&#8221;yes&#8221; [&hellip;]\" \/>\n<meta property=\"og:url\" content=\"https:\/\/royalpack.com.pl\/nl\/standard-fefco\/\" \/>\n<meta property=\"og:site_name\" content=\"Royalpack\" \/>\n<meta property=\"article:modified_time\" content=\"2024-09-22T19:58:36+00:00\" \/>\n<meta name=\"twitter:card\" content=\"summary_large_image\" \/>\n<meta name=\"twitter:label1\" content=\"Geschatte leestijd\" \/>\n\t<meta name=\"twitter:data1\" content=\"4 minuten\" \/>\n<script type=\"application\/ld+json\" class=\"yoast-schema-graph\">{\"@context\":\"https:\/\/schema.org\",\"@graph\":[{\"@type\":\"WebPage\",\"@id\":\"https:\/\/royalpack.com.pl\/nl\/standard-fefco\/\",\"url\":\"https:\/\/royalpack.com.pl\/nl\/standard-fefco\/\",\"name\":\"Standard FEFCO - Royalpack\",\"isPartOf\":{\"@id\":\"https:\/\/royalpack.com.pl\/#website\"},\"datePublished\":\"2024-05-20T02:42:31+00:00\",\"dateModified\":\"2024-09-22T19:58:36+00:00\",\"breadcrumb\":{\"@id\":\"https:\/\/royalpack.com.pl\/nl\/standard-fefco\/#breadcrumb\"},\"inLanguage\":\"nl-NL\",\"potentialAction\":[{\"@type\":\"ReadAction\",\"target\":[\"https:\/\/royalpack.com.pl\/nl\/standard-fefco\/\"]}]},{\"@type\":\"BreadcrumbList\",\"@id\":\"https:\/\/royalpack.com.pl\/nl\/standard-fefco\/#breadcrumb\",\"itemListElement\":[{\"@type\":\"ListItem\",\"position\":1,\"name\":\"Strona g\u0142\u00f3wna\",\"item\":\"https:\/\/royalpack.com.pl\/nl\/homepage\/\"},{\"@type\":\"ListItem\",\"position\":2,\"name\":\"Standard FEFCO\"}]},{\"@type\":\"WebSite\",\"@id\":\"https:\/\/royalpack.com.pl\/#website\",\"url\":\"https:\/\/royalpack.com.pl\/\",\"name\":\"Royalpack\",\"description\":\"\",\"potentialAction\":[{\"@type\":\"SearchAction\",\"target\":{\"@type\":\"EntryPoint\",\"urlTemplate\":\"https:\/\/royalpack.com.pl\/?s={search_term_string}\"},\"query-input\":{\"@type\":\"PropertyValueSpecification\",\"valueRequired\":true,\"valueName\":\"search_term_string\"}}],\"inLanguage\":\"nl-NL\"}]}<\/script>\n<!-- \/ Yoast SEO plugin. -->","yoast_head_json":{"title":"Standard FEFCO - Royalpack","robots":{"index":"index","follow":"follow","max-snippet":"max-snippet:-1","max-image-preview":"max-image-preview:large","max-video-preview":"max-video-preview:-1"},"canonical":"https:\/\/royalpack.com.pl\/nl\/standard-fefco\/","og_locale":"nl_NL","og_type":"article","og_title":"Standard FEFCO - Royalpack","og_description":"[vc_row][vc_column width=&#8221;1\/2&#8243;][vc_gallery el_id=&#8221;gallery-188707&#8243; type=&#8221;carousel&#8221; medias=&#8221;627,633,630&#8243; carousel_lg=&#8221;1&#8243; carousel_md=&#8221;1&#8243; carousel_sm=&#8221;1&#8243; thumb_size=&#8221;one-one&#8221; gutter_size=&#8221;3&#8243; carousel_interval=&#8221;5000&#8243; carousel_navspeed=&#8221;400&#8243; carousel_nav=&#8221;yes&#8221; carousel_nav_mobile=&#8221;yes&#8221; stage_padding=&#8221;0&#8243; single_overlay_opacity=&#8221;50&#8243; single_overlay_anim=&#8221;no&#8221; single_padding=&#8221;2&#8243; single_border=&#8221;yes&#8221; no_double_tap=&#8221;yes&#8221; [&hellip;]","og_url":"https:\/\/royalpack.com.pl\/nl\/standard-fefco\/","og_site_name":"Royalpack","article_modified_time":"2024-09-22T19:58:36+00:00","twitter_card":"summary_large_image","twitter_misc":{"Geschatte leestijd":"4 minuten"},"schema":{"@context":"https:\/\/schema.org","@graph":[{"@type":"WebPage","@id":"https:\/\/royalpack.com.pl\/nl\/standard-fefco\/","url":"https:\/\/royalpack.com.pl\/nl\/standard-fefco\/","name":"Standard FEFCO - Royalpack","isPartOf":{"@id":"https:\/\/royalpack.com.pl\/#website"},"datePublished":"2024-05-20T02:42:31+00:00","dateModified":"2024-09-22T19:58:36+00:00","breadcrumb":{"@id":"https:\/\/royalpack.com.pl\/nl\/standard-fefco\/#breadcrumb"},"inLanguage":"nl-NL","potentialAction":[{"@type":"ReadAction","target":["https:\/\/royalpack.com.pl\/nl\/standard-fefco\/"]}]},{"@type":"BreadcrumbList","@id":"https:\/\/royalpack.com.pl\/nl\/standard-fefco\/#breadcrumb","itemListElement":[{"@type":"ListItem","position":1,"name":"Strona g\u0142\u00f3wna","item":"https:\/\/royalpack.com.pl\/nl\/homepage\/"},{"@type":"ListItem","position":2,"name":"Standard FEFCO"}]},{"@type":"WebSite","@id":"https:\/\/royalpack.com.pl\/#website","url":"https:\/\/royalpack.com.pl\/","name":"Royalpack","description":"","potentialAction":[{"@type":"SearchAction","target":{"@type":"EntryPoint","urlTemplate":"https:\/\/royalpack.com.pl\/?s={search_term_string}"},"query-input":{"@type":"PropertyValueSpecification","valueRequired":true,"valueName":"search_term_string"}}],"inLanguage":"nl-NL"}]}},"_links":{"self":[{"href":"https:\/\/royalpack.com.pl\/nl\/wp-json\/wp\/v2\/pages\/1066","targetHints":{"allow":["GET"]}}],"collection":[{"href":"https:\/\/royalpack.com.pl\/nl\/wp-json\/wp\/v2\/pages"}],"about":[{"href":"https:\/\/royalpack.com.pl\/nl\/wp-json\/wp\/v2\/types\/page"}],"author":[{"embeddable":true,"href":"https:\/\/royalpack.com.pl\/nl\/wp-json\/wp\/v2\/users\/1"}],"replies":[{"embeddable":true,"href":"https:\/\/royalpack.com.pl\/nl\/wp-json\/wp\/v2\/comments?post=1066"}],"version-history":[{"count":2,"href":"https:\/\/royalpack.com.pl\/nl\/wp-json\/wp\/v2\/pages\/1066\/revisions"}],"predecessor-version":[{"id":1071,"href":"https:\/\/royalpack.com.pl\/nl\/wp-json\/wp\/v2\/pages\/1066\/revisions\/1071"}],"wp:attachment":[{"href":"https:\/\/royalpack.com.pl\/nl\/wp-json\/wp\/v2\/media?parent=1066"}],"curies":[{"name":"wp","href":"https:\/\/api.w.org\/{rel}","templated":true}]}}